{"id":93,"date":"2023-06-03T21:35:21","date_gmt":"2023-06-03T21:35:21","guid":{"rendered":"https:\/\/xkton.com\/?page_id=93"},"modified":"2025-09-02T11:38:09","modified_gmt":"2025-09-02T15:38:09","slug":"about","status":"publish","type":"page","link":"https:\/\/xkton.com\/fr\/about\/","title":{"rendered":"\u00c0 propos d'Xkton"},"content":{"rendered":"<p>Inspir\u00e9 par <a href=\"https:\/\/deathtotheworld.com\/\">Death to the World<\/a>, \u201c<em>un magasine pour inspirer la recherche de la v\u00e9rit\u00e9 et de l'\u00e2me dans l'\u00e8re moderne du nihilisme et du d\u00e9sespoir<\/em>\u201d pour leur style punk-m\u00e9tal, notre mission est de proposer des v\u00eatements esth\u00e9tiques qui rappellent l'Eschaton, le Second Av\u00e8nement, le Jugement Dernier, dans une \u00e9poque moderne o\u00f9 l'absurde et l'absence de sens semblent avoir pris le dessus.<\/p>\n\n\n\n<figure class=\"wp-block-image size-full\"><img loading=\"lazy\" decoding=\"async\" width=\"900\" height=\"250\" src=\"https:\/\/xkton.com\/wp-content\/uploads\/2023\/08\/about_1.jpg\" alt=\"\" class=\"wp-image-1562\" srcset=\"https:\/\/xkton.com\/wp-content\/uploads\/2023\/08\/about_1.jpg 900w, https:\/\/xkton.com\/wp-content\/uploads\/2023\/08\/about_1-300x83.jpg 300w, https:\/\/xkton.com\/wp-content\/uploads\/2023\/08\/about_1-768x213.jpg 768w, https:\/\/xkton.com\/wp-content\/uploads\/2023\/08\/about_1-18x5.jpg 18w\" sizes=\"auto, (max-width: 900px) 100vw, 900px\" \/><\/figure>\n\n\n\n<p>Xkton s'efforce de cr\u00e9er des v\u00eatements qui incarnent l'essence de l'orthodoxie. Chaque mod\u00e8le est soigneusement con\u00e7u pour \u00eatre visuellement captivant et d\u00e9taill\u00e9, refl\u00e9tant la profonde beaut\u00e9 inh\u00e9rente \u00e0 la cr\u00e9ation de Dieu tout en nous rappelant la s\u00e9v\u00e9rit\u00e9 du Jugement dernier \u00e0 venir.<\/p>\n\n\n\n<div class=\"wp-block-buttons is-content-justification-center is-layout-flex wp-container-core-buttons-is-layout-a89b3969 wp-block-buttons-is-layout-flex\">\n<div class=\"wp-block-button\"><a class=\"wp-block-button__link wp-element-button\" href=\"https:\/\/xkton.com\/fr\/apparel-store\/\">Acheter nos produits<\/a><\/div>\n<\/div>\n\n\n\n<p class=\"has-text-50-color has-text-color has-link-color wp-elements-a2cfe867d9ef8f579471eb26ce948332\">\u201c&nbsp;<em>Lors du Jugement futur, la condition de chaque personne sera r\u00e9v\u00e9l\u00e9e en un instant, et chacun ira de lui-m\u00eame l\u00e0 o\u00f9 il doit aller. Chacun reconna\u00eetra, comme sur un \u00e9cran de t\u00e9l\u00e9vision, sa propre mis\u00e8re, ainsi que la condition spirituelle des autres. Il se refl\u00e9tera sur l'autre, inclinera la t\u00eate et se rendra l\u00e0 o\u00f9 il doit \u00eatre.<\/em>&nbsp;\u201d<\/p>\n\n\n\n<p class=\"has-text-50-color has-text-color has-link-color has-heading-font-family wp-elements-abab6983abf0af13b6560ed2d27a9ecd\">\u2013\u00a0St. Paisios du Mt. Athos<\/p>\n\n\n\n<p>Conform\u00e9ment \u00e0 notre engagement, 15 % de nos b\u00e9n\u00e9fices nets sont consacr\u00e9s au soutien de notre paroisse orthodoxe locale, <a href=\"https:\/\/saintbenoitdenursie.ca\/\">Saint-Beno\u00eet-de-Nursie<\/a>. En tant que plus ancienne \u00e9glise orthodoxe francophone du Nouveau Monde, elle occupe une place particuli\u00e8re dans nos c\u0153urs et nous sommes fiers de contribuer \u00e0 son \u00e9panouissement.<\/p>\n\n\n\n<figure class=\"wp-block-image size-full\"><img loading=\"lazy\" decoding=\"async\" width=\"900\" height=\"250\" src=\"https:\/\/xkton.com\/wp-content\/uploads\/2023\/08\/about_2.jpg\" alt=\"\" class=\"wp-image-1563\" srcset=\"https:\/\/xkton.com\/wp-content\/uploads\/2023\/08\/about_2.jpg 900w, https:\/\/xkton.com\/wp-content\/uploads\/2023\/08\/about_2-300x83.jpg 300w, https:\/\/xkton.com\/wp-content\/uploads\/2023\/08\/about_2-768x213.jpg 768w, https:\/\/xkton.com\/wp-content\/uploads\/2023\/08\/about_2-18x5.jpg 18w\" sizes=\"auto, (max-width: 900px) 100vw, 900px\" \/><\/figure>\n\n\n\n<p>Nous veillons \u00e0 ce que l'impression et la confection de nos v\u00eatements soient de haute qualit\u00e9. Pour ce faire, nous travaillons en collaboration avec une soci\u00e9t\u00e9 d'impression sur demande de confiance bas\u00e9e au Canada. Ce partenariat nous permet de fournir \u00e0 nos clients des v\u00eatements de coton \u00e0 100%, durables et de haute qualit\u00e9.<\/p>\n\n\n\n<p>Si vous avez des pr\u00e9occupations concernant notre entreprise ou nos produits, veuillez <a href=\"https:\/\/xkton.com\/fr\/contact\/\">nous contacter<\/a>.<\/p>\n\n\n\n<p>Avec amour en Christ,<\/p>\n\n\n\n<p>Xkton<\/p>\n\n\n\n<figure class=\"wp-block-image size-large aligncenter\"><img loading=\"lazy\" decoding=\"async\" width=\"1024\" height=\"55\" src=\"https:\/\/xkton.com\/wp-content\/uploads\/2023\/06\/fleuron_xkton-1-1024x55.png\" alt=\"\" class=\"wp-image-965\" srcset=\"https:\/\/xkton.com\/wp-content\/uploads\/2023\/06\/fleuron_xkton-1-1024x55.png 1024w, https:\/\/xkton.com\/wp-content\/uploads\/2023\/06\/fleuron_xkton-1-300x16.png 300w, https:\/\/xkton.com\/wp-content\/uploads\/2023\/06\/fleuron_xkton-1-768x41.png 768w, https:\/\/xkton.com\/wp-content\/uploads\/2023\/06\/fleuron_xkton-1-1536x82.png 1536w, https:\/\/xkton.com\/wp-content\/uploads\/2023\/06\/fleuron_xkton-1-18x1.png 18w, https:\/\/xkton.com\/wp-content\/uploads\/2023\/06\/fleuron_xkton-1-1320x71.png 1320w, https:\/\/xkton.com\/wp-content\/uploads\/2023\/06\/fleuron_xkton-1.png 1920w\" sizes=\"auto, (max-width: 1024px) 100vw, 1024px\" \/><\/figure>\n\n\n\n<ul class=\"wp-block-social-links has-large-icon-size has-icon-color is-style-logos-only is-content-justification-center is-nowrap is-layout-flex wp-container-core-social-links-is-layout-a61e6aec wp-block-social-links-is-layout-flex\" style=\"margin-top:0;margin-bottom:0\"><li style=\"color:var(--theme-palette-color-1, #840F00);\" class=\"wp-social-link wp-social-link-instagram has-palette-color-1-color wp-block-social-link\"><a href=\"https:\/\/instagram.com\/xkton_\/\" class=\"wp-block-social-link-anchor\"><svg width=\"24\" height=\"24\" viewbox=\"0 0 24 24\" version=\"1.1\" xmlns=\"http:\/\/www.w3.org\/2000\/svg\" aria-hidden=\"true\" focusable=\"false\"><path d=\"M12,4.622c2.403,0,2.688,0.009,3.637,0.052c0.877,0.04,1.354,0.187,1.671,0.31c0.42,0.163,0.72,0.358,1.035,0.673 c0.315,0.315,0.51,0.615,0.673,1.035c0.123,0.317,0.27,0.794,0.31,1.671c0.043,0.949,0.052,1.234,0.052,3.637 s-0.009,2.688-0.052,3.637c-0.04,0.877-0.187,1.354-0.31,1.671c-0.163,0.42-0.358,0.72-0.673,1.035 c-0.315,0.315-0.615,0.51-1.035,0.673c-0.317,0.123-0.794,0.27-1.671,0.31c-0.949,0.043-1.233,0.052-3.637,0.052 s-2.688-0.009-3.637-0.052c-0.877-0.04-1.354-0.187-1.671-0.31c-0.42-0.163-0.72-0.358-1.035-0.673 c-0.315-0.315-0.51-0.615-0.673-1.035c-0.123-0.317-0.27-0.794-0.31-1.671C4.631,14.688,4.622,14.403,4.622,12 s0.009-2.688,0.052-3.637c0.04-0.877,0.187-1.354,0.31-1.671c0.163-0.42,0.358-0.72,0.673-1.035 c0.315-0.315,0.615-0.51,1.035-0.673c0.317-0.123,0.794-0.27,1.671-0.31C9.312,4.631,9.597,4.622,12,4.622 M12,3 C9.556,3,9.249,3.01,8.289,3.054C7.331,3.098,6.677,3.25,6.105,3.472C5.513,3.702,5.011,4.01,4.511,4.511 c-0.5,0.5-0.808,1.002-1.038,1.594C3.25,6.677,3.098,7.331,3.054,8.289C3.01,9.249,3,9.556,3,12c0,2.444,0.01,2.751,0.054,3.711 c0.044,0.958,0.196,1.612,0.418,2.185c0.23,0.592,0.538,1.094,1.038,1.594c0.5,0.5,1.002,0.808,1.594,1.038 c0.572,0.222,1.227,0.375,2.185,0.418C9.249,20.99,9.556,21,12,21s2.751-0.01,3.711-0.054c0.958-0.044,1.612-0.196,2.185-0.418 c0.592-0.23,1.094-0.538,1.594-1.038c0.5-0.5,0.808-1.002,1.038-1.594c0.222-0.572,0.375-1.227,0.418-2.185 C20.99,14.751,21,14.444,21,12s-0.01-2.751-0.054-3.711c-0.044-0.958-0.196-1.612-0.418-2.185c-0.23-0.592-0.538-1.094-1.038-1.594 c-0.5-0.5-1.002-0.808-1.594-1.038c-0.572-0.222-1.227-0.375-2.185-0.418C14.751,3.01,14.444,3,12,3L12,3z M12,7.378 c-2.552,0-4.622,2.069-4.622,4.622S9.448,16.622,12,16.622s4.622-2.069,4.622-4.622S14.552,7.378,12,7.378z M12,15 c-1.657,0-3-1.343-3-3s1.343-3,3-3s3,1.343,3,3S13.657,15,12,15z M16.804,6.116c-0.596,0-1.08,0.484-1.08,1.08 s0.484,1.08,1.08,1.08c0.596,0,1.08-0.484,1.08-1.08S17.401,6.116,16.804,6.116z\"><\/path><\/svg><span class=\"wp-block-social-link-label screen-reader-text\">Instagram<\/span><\/a><\/li>\n\n<li style=\"color:var(--theme-palette-color-1, #840F00);\" class=\"wp-social-link wp-social-link-facebook has-palette-color-1-color wp-block-social-link\"><a href=\"https:\/\/facebook.com\/xktonstore\" class=\"wp-block-social-link-anchor\"><svg width=\"24\" height=\"24\" viewbox=\"0 0 24 24\" version=\"1.1\" xmlns=\"http:\/\/www.w3.org\/2000\/svg\" aria-hidden=\"true\" focusable=\"false\"><path d=\"M12 2C6.5 2 2 6.5 2 12c0 5 3.7 9.1 8.4 9.9v-7H7.9V12h2.5V9.8c0-2.5 1.5-3.9 3.8-3.9 1.1 0 2.2.2 2.2.2v2.5h-1.3c-1.2 0-1.6.8-1.6 1.6V12h2.8l-.4 2.9h-2.3v7C18.3 21.1 22 17 22 12c0-5.5-4.5-10-10-10z\"><\/path><\/svg><span class=\"wp-block-social-link-label screen-reader-text\">Facebook<\/span><\/a><\/li><\/ul>","protected":false},"excerpt":{"rendered":"<p>Inspired by Death to the World, \u201ca \u2018zine to inspire the truth-seeking and soul searching amidst the modern age of nihilism and despair\u201d for their punk-metal style, our mission is to offer aesthetic clothing that serves as a reminder of the Eschaton, the Second Coming, the Last Judgment, in the modern era where absurdism and [&hellip;]<\/p>\n","protected":false},"author":1,"featured_media":246,"parent":0,"menu_order":0,"comment_status":"closed","ping_status":"closed","template":"","meta":{"footnotes":""},"class_list":["post-93","page","type-page","status-publish","has-post-thumbnail","hentry"],"yoast_head":"<!-- This site is optimized with the Yoast SEO plugin v27.4 - https:\/\/yoast.com\/product\/yoast-seo-wordpress\/ -->\n<title>About Xkton &#8212; Xkton<\/title>\n<meta name=\"description\" content=\"Orthodox and Catholic quality apparel, inspired by Death to the World, to remind the world of the Eschaton and the beauty of God&#039;s creation.\" \/>\n<meta name=\"robots\" content=\"index, follow, max-snippet:-1, max-image-preview:large, max-video-preview:-1\" \/>\n<link rel=\"canonical\" href=\"https:\/\/xkton.com\/fr\/about\/\" \/>\n<meta property=\"og:locale\" content=\"fr_CA\" \/>\n<meta property=\"og:type\" content=\"article\" \/>\n<meta property=\"og:title\" content=\"About Xkton &#8212; Xkton\" \/>\n<meta property=\"og:description\" content=\"Orthodox and Catholic quality apparel, inspired by Death to the World, to remind the world of the Eschaton and the beauty of God&#039;s creation.\" \/>\n<meta property=\"og:url\" content=\"https:\/\/xkton.com\/fr\/about\/\" \/>\n<meta property=\"og:site_name\" content=\"Xkton\" \/>\n<meta property=\"article:publisher\" content=\"https:\/\/www.facebook.com\/xktonstore\" \/>\n<meta property=\"article:modified_time\" content=\"2025-09-02T15:38:09+00:00\" \/>\n<meta property=\"og:image\" content=\"https:\/\/xkton.com\/wp-content\/uploads\/2023\/06\/cropped-esctn_square-1.png\" \/>\n\t<meta property=\"og:image:width\" content=\"512\" \/>\n\t<meta property=\"og:image:height\" content=\"512\" \/>\n\t<meta property=\"og:image:type\" content=\"image\/png\" \/>\n<meta name=\"twitter:card\" content=\"summary_large_image\" \/>\n<meta name=\"twitter:label1\" content=\"Estimation du temps de lecture\" \/>\n\t<meta name=\"twitter:data1\" content=\"3 minutes\" \/>\n<script type=\"application\/ld+json\" class=\"yoast-schema-graph\">{\"@context\":\"https:\\\/\\\/schema.org\",\"@graph\":[{\"@type\":\"WebPage\",\"@id\":\"https:\\\/\\\/xkton.com\\\/about\\\/\",\"url\":\"https:\\\/\\\/xkton.com\\\/about\\\/\",\"name\":\"About Xkton &#8212; Xkton\",\"isPartOf\":{\"@id\":\"https:\\\/\\\/xkton.com\\\/#website\"},\"primaryImageOfPage\":{\"@id\":\"https:\\\/\\\/xkton.com\\\/about\\\/#primaryimage\"},\"image\":{\"@id\":\"https:\\\/\\\/xkton.com\\\/about\\\/#primaryimage\"},\"thumbnailUrl\":\"https:\\\/\\\/xkton.com\\\/wp-content\\\/uploads\\\/2023\\\/06\\\/cropped-esctn_square-1.png\",\"datePublished\":\"2023-06-03T21:35:21+00:00\",\"dateModified\":\"2025-09-02T15:38:09+00:00\",\"description\":\"Orthodox and Catholic quality apparel, inspired by Death to the World, to remind the world of the Eschaton and the beauty of God's creation.\",\"breadcrumb\":{\"@id\":\"https:\\\/\\\/xkton.com\\\/about\\\/#breadcrumb\"},\"inLanguage\":\"fr-CA\",\"potentialAction\":[{\"@type\":\"ReadAction\",\"target\":[\"https:\\\/\\\/xkton.com\\\/about\\\/\"]}]},{\"@type\":\"ImageObject\",\"inLanguage\":\"fr-CA\",\"@id\":\"https:\\\/\\\/xkton.com\\\/about\\\/#primaryimage\",\"url\":\"https:\\\/\\\/xkton.com\\\/wp-content\\\/uploads\\\/2023\\\/06\\\/cropped-esctn_square-1.png\",\"contentUrl\":\"https:\\\/\\\/xkton.com\\\/wp-content\\\/uploads\\\/2023\\\/06\\\/cropped-esctn_square-1.png\",\"width\":512,\"height\":512,\"caption\":\"Xkton logo\"},{\"@type\":\"BreadcrumbList\",\"@id\":\"https:\\\/\\\/xkton.com\\\/about\\\/#breadcrumb\",\"itemListElement\":[{\"@type\":\"ListItem\",\"position\":1,\"name\":\"Home\",\"item\":\"https:\\\/\\\/xkton.com\\\/\"},{\"@type\":\"ListItem\",\"position\":2,\"name\":\"About Xkton\"}]},{\"@type\":\"WebSite\",\"@id\":\"https:\\\/\\\/xkton.com\\\/#website\",\"url\":\"https:\\\/\\\/xkton.com\\\/\",\"name\":\"Xkton\",\"description\":\"Apparel for Christians living the Eschaton\",\"publisher\":{\"@id\":\"https:\\\/\\\/xkton.com\\\/#organization\"},\"potentialAction\":[{\"@type\":\"SearchAction\",\"target\":{\"@type\":\"EntryPoint\",\"urlTemplate\":\"https:\\\/\\\/xkton.com\\\/?s={search_term_string}\"},\"query-input\":{\"@type\":\"PropertyValueSpecification\",\"valueRequired\":true,\"valueName\":\"search_term_string\"}}],\"inLanguage\":\"fr-CA\"},{\"@type\":\"Organization\",\"@id\":\"https:\\\/\\\/xkton.com\\\/#organization\",\"name\":\"Xkton - Orthodox Christian Apparel\",\"alternateName\":\"Xkton\",\"url\":\"https:\\\/\\\/xkton.com\\\/\",\"logo\":{\"@type\":\"ImageObject\",\"inLanguage\":\"fr-CA\",\"@id\":\"https:\\\/\\\/xkton.com\\\/#\\\/schema\\\/logo\\\/image\\\/\",\"url\":\"https:\\\/\\\/xkton.com\\\/wp-content\\\/uploads\\\/2023\\\/11\\\/xkton_small.png\",\"contentUrl\":\"https:\\\/\\\/xkton.com\\\/wp-content\\\/uploads\\\/2023\\\/11\\\/xkton_small.png\",\"width\":145,\"height\":200,\"caption\":\"Xkton - Orthodox Christian Apparel\"},\"image\":{\"@id\":\"https:\\\/\\\/xkton.com\\\/#\\\/schema\\\/logo\\\/image\\\/\"},\"sameAs\":[\"https:\\\/\\\/www.facebook.com\\\/xktonstore\",\"https:\\\/\\\/www.instagram.com\\\/xkton_\"],\"hasMerchantReturnPolicy\":{\"@type\":\"MerchantReturnPolicy\",\"merchantReturnLink\":\"https:\\\/\\\/xkton.com\\\/fr\\\/terms-and-conditions\\\/\"}}]}<\/script>\n<!-- \/ Yoast SEO plugin. -->","yoast_head_json":{"title":"About Xkton &#8212; Xkton","description":"V\u00eatements orthodoxes et catholiques de qualit\u00e9, inspir\u00e9s par Death to the World, pour rappeler au monde l'Eschaton et la beaut\u00e9 de la cr\u00e9ation de Dieu.","robots":{"index":"index","follow":"follow","max-snippet":"max-snippet:-1","max-image-preview":"max-image-preview:large","max-video-preview":"max-video-preview:-1"},"canonical":"https:\/\/xkton.com\/fr\/about\/","og_locale":"fr_CA","og_type":"article","og_title":"About Xkton &#8212; Xkton","og_description":"Orthodox and Catholic quality apparel, inspired by Death to the World, to remind the world of the Eschaton and the beauty of God's creation.","og_url":"https:\/\/xkton.com\/fr\/about\/","og_site_name":"Xkton","article_publisher":"https:\/\/www.facebook.com\/xktonstore","article_modified_time":"2025-09-02T15:38:09+00:00","og_image":[{"width":512,"height":512,"url":"https:\/\/xkton.com\/wp-content\/uploads\/2023\/06\/cropped-esctn_square-1.png","type":"image\/png"}],"twitter_card":"summary_large_image","twitter_misc":{"Estimation du temps de lecture":"3 minutes"},"schema":{"@context":"https:\/\/schema.org","@graph":[{"@type":"WebPage","@id":"https:\/\/xkton.com\/about\/","url":"https:\/\/xkton.com\/about\/","name":"About Xkton &#8212; Xkton","isPartOf":{"@id":"https:\/\/xkton.com\/#website"},"primaryImageOfPage":{"@id":"https:\/\/xkton.com\/about\/#primaryimage"},"image":{"@id":"https:\/\/xkton.com\/about\/#primaryimage"},"thumbnailUrl":"https:\/\/xkton.com\/wp-content\/uploads\/2023\/06\/cropped-esctn_square-1.png","datePublished":"2023-06-03T21:35:21+00:00","dateModified":"2025-09-02T15:38:09+00:00","description":"V\u00eatements orthodoxes et catholiques de qualit\u00e9, inspir\u00e9s par Death to the World, pour rappeler au monde l'Eschaton et la beaut\u00e9 de la cr\u00e9ation de Dieu.","breadcrumb":{"@id":"https:\/\/xkton.com\/about\/#breadcrumb"},"inLanguage":"fr-CA","potentialAction":[{"@type":"ReadAction","target":["https:\/\/xkton.com\/about\/"]}]},{"@type":"ImageObject","inLanguage":"fr-CA","@id":"https:\/\/xkton.com\/about\/#primaryimage","url":"https:\/\/xkton.com\/wp-content\/uploads\/2023\/06\/cropped-esctn_square-1.png","contentUrl":"https:\/\/xkton.com\/wp-content\/uploads\/2023\/06\/cropped-esctn_square-1.png","width":512,"height":512,"caption":"Xkton logo"},{"@type":"BreadcrumbList","@id":"https:\/\/xkton.com\/about\/#breadcrumb","itemListElement":[{"@type":"ListItem","position":1,"name":"Home","item":"https:\/\/xkton.com\/"},{"@type":"ListItem","position":2,"name":"About Xkton"}]},{"@type":"WebSite","@id":"https:\/\/xkton.com\/#website","url":"https:\/\/xkton.com\/","name":"Xkton","description":"Apparel for Christians living the Eschaton","publisher":{"@id":"https:\/\/xkton.com\/#organization"},"potentialAction":[{"@type":"SearchAction","target":{"@type":"EntryPoint","urlTemplate":"https:\/\/xkton.com\/?s={search_term_string}"},"query-input":{"@type":"PropertyValueSpecification","valueRequired":true,"valueName":"search_term_string"}}],"inLanguage":"fr-CA"},{"@type":"Organization","@id":"https:\/\/xkton.com\/#organization","name":"Xkton - Orthodox Christian Apparel","alternateName":"Xkton","url":"https:\/\/xkton.com\/","logo":{"@type":"ImageObject","inLanguage":"fr-CA","@id":"https:\/\/xkton.com\/#\/schema\/logo\/image\/","url":"https:\/\/xkton.com\/wp-content\/uploads\/2023\/11\/xkton_small.png","contentUrl":"https:\/\/xkton.com\/wp-content\/uploads\/2023\/11\/xkton_small.png","width":145,"height":200,"caption":"Xkton - Orthodox Christian Apparel"},"image":{"@id":"https:\/\/xkton.com\/#\/schema\/logo\/image\/"},"sameAs":["https:\/\/www.facebook.com\/xktonstore","https:\/\/www.instagram.com\/xkton_"],"hasMerchantReturnPolicy":{"@type":"MerchantReturnPolicy","merchantReturnLink":"https:\/\/xkton.com\/fr\/terms-and-conditions\/"}}]}},"_links":{"self":[{"href":"https:\/\/xkton.com\/fr\/wp-json\/wp\/v2\/pages\/93","targetHints":{"allow":["GET"]}}],"collection":[{"href":"https:\/\/xkton.com\/fr\/wp-json\/wp\/v2\/pages"}],"about":[{"href":"https:\/\/xkton.com\/fr\/wp-json\/wp\/v2\/types\/page"}],"author":[{"embeddable":true,"href":"https:\/\/xkton.com\/fr\/wp-json\/wp\/v2\/users\/1"}],"replies":[{"embeddable":true,"href":"https:\/\/xkton.com\/fr\/wp-json\/wp\/v2\/comments?post=93"}],"version-history":[{"count":2,"href":"https:\/\/xkton.com\/fr\/wp-json\/wp\/v2\/pages\/93\/revisions"}],"predecessor-version":[{"id":3166,"href":"https:\/\/xkton.com\/fr\/wp-json\/wp\/v2\/pages\/93\/revisions\/3166"}],"wp:featuredmedia":[{"embeddable":true,"href":"https:\/\/xkton.com\/fr\/wp-json\/wp\/v2\/media\/246"}],"wp:attachment":[{"href":"https:\/\/xkton.com\/fr\/wp-json\/wp\/v2\/media?parent=93"}],"curies":[{"name":"wp","href":"https:\/\/api.w.org\/{rel}","templated":true}]}}