{"id":1869,"date":"2023-10-27T11:34:45","date_gmt":"2023-10-27T15:34:45","guid":{"rendered":"https:\/\/xkton.com\/product\/christian-t-shirt-ic-xc-benediction-hand\/"},"modified":"2025-09-03T09:02:34","modified_gmt":"2025-09-03T13:02:34","slug":"t-shirt-ic-xc-benediction-hand-embroidery","status":"publish","type":"product","link":"https:\/\/xkton.com\/fr\/product\/t-shirt-ic-xc-benediction-hand-embroidery\/","title":{"rendered":"B\u00e9n\u00e9diction de la main IC XC brod\u00e9 | T-shirt orthodoxe"},"content":{"rendered":"<h4>La b\u00e9n\u00e9diction du Christ<\/h4>\n<p>Ce T-shirt chr\u00e9tien confortable comporte un motif minimaliste brod\u00e9 personnalis\u00e9 repr\u00e9sentant le geste de b\u00e9n\u00e9diction du Christ. Les trois doigts symbolisent la Sainte Trinit\u00e9 : P\u00e8re, Fils et Saint-Esprit. Le pouce et l'annulaire expriment la double nature de J\u00e9sus-Christ, l'union des mondes terrestre et c\u00e9leste.<\/p>\n<p>Le geste de b\u00e9n\u00e9diction est souvent pr\u00e9sent dans l'iconographie orthodoxe. Il s'agit d'un geste sp\u00e9cial des doigts utilis\u00e9 par les pr\u00eatres pendant la liturgie. Le geste de la main \"IC \u0425C\" est nomm\u00e9 pour une raison sp\u00e9cifique : chaque doigt est associ\u00e9 \u00e0 une lettre de l'alphabet grec. L'index est la lettre I, le majeur forme la lettre C, l'annulaire et le pouce forment la lettre X, et l'auriculaire est la lettre C. Ce geste repr\u00e9sente donc les initiales de J\u00e9sus-Christ.<\/p>","protected":false},"excerpt":{"rendered":"<p>LA B\u00c9N\u00c9DICTION DU CHRIST<\/p>\n<p>Les trois doigts symbolisent la Sainte Trinit\u00e9 : P\u00e8re, Fils et Saint-Esprit. Le pouce et l'annulaire expriment la double nature de J\u00e9sus-Christ, l'union des mondes terrestre et c\u00e9leste.<\/p>","protected":false},"featured_media":3051,"template":"","meta":[],"product_brand":[],"product_cat":[36],"product_tag":[],"class_list":{"0":"post-1869","1":"product","2":"type-product","3":"status-publish","4":"has-post-thumbnail","6":"product_cat-apparel","8":"first","9":"instock","10":"shipping-taxable","11":"purchasable","12":"product-type-variable"},"yoast_head":"<!-- This site is optimized with the Yoast SEO plugin v27.4 - https:\/\/yoast.com\/product\/yoast-seo-wordpress\/ -->\n<title>IC XC Benediction Hand Embroidery | Orthodox T-Shirt &#8212; Xkton<\/title>\n<meta name=\"description\" content=\"Comfortable Christian T-shirt with an embroidered minimalist design of the blessing hand gesture of Christ written IC XC.\" \/>\n<meta name=\"robots\" content=\"index, follow, max-snippet:-1, max-image-preview:large, max-video-preview:-1\" \/>\n<link rel=\"canonical\" href=\"https:\/\/xkton.com\/fr\/product\/t-shirt-ic-xc-benediction-hand-embroidery\/\" \/>\n<meta property=\"og:locale\" content=\"fr_CA\" \/>\n<meta property=\"og:type\" content=\"article\" \/>\n<meta property=\"og:title\" content=\"IC XC Benediction Hand Embroidery | Orthodox T-Shirt &#8212; Xkton\" \/>\n<meta property=\"og:description\" content=\"Comfortable Christian T-shirt with an embroidered minimalist design of the blessing hand gesture of Christ written IC XC.\" \/>\n<meta property=\"og:url\" content=\"https:\/\/xkton.com\/fr\/product\/t-shirt-ic-xc-benediction-hand-embroidery\/\" \/>\n<meta property=\"og:site_name\" content=\"Xkton\" \/>\n<meta property=\"article:publisher\" content=\"https:\/\/www.facebook.com\/xktonstore\" \/>\n<meta property=\"article:modified_time\" content=\"2025-09-03T13:02:34+00:00\" \/>\n<meta property=\"og:image\" content=\"https:\/\/xkton.com\/wp-content\/uploads\/2023\/10\/mockup_icxcnika_white.png\" \/>\n\t<meta property=\"og:image:width\" content=\"1200\" \/>\n\t<meta property=\"og:image:height\" content=\"1500\" \/>\n\t<meta property=\"og:image:type\" content=\"image\/png\" \/>\n<meta name=\"twitter:card\" content=\"summary_large_image\" \/>\n<meta name=\"twitter:label1\" content=\"Availability\" \/>\n\t<meta name=\"twitter:data1\" content=\"In stock\" \/>\n<script type=\"application\/ld+json\" class=\"yoast-schema-graph\">{\"@context\":\"https:\\\/\\\/schema.org\",\"@graph\":[{\"@type\":[\"WebPage\",\"ItemPage\"],\"@id\":\"https:\\\/\\\/xkton.com\\\/product\\\/t-shirt-ic-xc-benediction-hand-embroidery\\\/\",\"url\":\"https:\\\/\\\/xkton.com\\\/product\\\/t-shirt-ic-xc-benediction-hand-embroidery\\\/\",\"name\":\"IC XC Benediction Hand Embroidery | Orthodox T-Shirt &#8212; Xkton\",\"isPartOf\":{\"@id\":\"https:\\\/\\\/xkton.com\\\/#website\"},\"primaryImageOfPage\":{\"@id\":\"https:\\\/\\\/xkton.com\\\/product\\\/t-shirt-ic-xc-benediction-hand-embroidery\\\/#primaryimage\"},\"image\":{\"@id\":\"https:\\\/\\\/xkton.com\\\/product\\\/t-shirt-ic-xc-benediction-hand-embroidery\\\/#primaryimage\"},\"thumbnailUrl\":\"https:\\\/\\\/xkton.com\\\/wp-content\\\/uploads\\\/2023\\\/10\\\/mockup_icxcnika_white.png\",\"datePublished\":\"2023-10-27T15:34:45+00:00\",\"dateModified\":\"2025-09-03T13:02:34+00:00\",\"description\":\"Comfortable Christian T-shirt with an embroidered minimalist design of the blessing hand gesture of Christ written IC XC.\",\"breadcrumb\":{\"@id\":\"https:\\\/\\\/xkton.com\\\/product\\\/t-shirt-ic-xc-benediction-hand-embroidery\\\/#breadcrumb\"},\"inLanguage\":\"fr-CA\",\"potentialAction\":[{\"@type\":\"ReadAction\",\"target\":[\"https:\\\/\\\/xkton.com\\\/product\\\/t-shirt-ic-xc-benediction-hand-embroidery\\\/\"]}]},{\"@type\":\"ImageObject\",\"inLanguage\":\"fr-CA\",\"@id\":\"https:\\\/\\\/xkton.com\\\/product\\\/t-shirt-ic-xc-benediction-hand-embroidery\\\/#primaryimage\",\"url\":\"https:\\\/\\\/xkton.com\\\/wp-content\\\/uploads\\\/2023\\\/10\\\/mockup_icxcnika_white.png\",\"contentUrl\":\"https:\\\/\\\/xkton.com\\\/wp-content\\\/uploads\\\/2023\\\/10\\\/mockup_icxcnika_white.png\",\"width\":1200,\"height\":1500,\"caption\":\"White T-Shirt with an embroidery of the Benediction Hand reading IC XC.\"},{\"@type\":\"BreadcrumbList\",\"@id\":\"https:\\\/\\\/xkton.com\\\/product\\\/t-shirt-ic-xc-benediction-hand-embroidery\\\/#breadcrumb\",\"itemListElement\":[{\"@type\":\"ListItem\",\"position\":1,\"name\":\"Home\",\"item\":\"https:\\\/\\\/xkton.com\\\/\"},{\"@type\":\"ListItem\",\"position\":2,\"name\":\"Orthodox Apparel &#8211; Christian Clothing Store\",\"item\":\"https:\\\/\\\/xkton.com\\\/\"},{\"@type\":\"ListItem\",\"position\":3,\"name\":\"IC XC Benediction Hand Embroidery | Orthodox T-Shirt\"}]},{\"@type\":\"WebSite\",\"@id\":\"https:\\\/\\\/xkton.com\\\/#website\",\"url\":\"https:\\\/\\\/xkton.com\\\/\",\"name\":\"Xkton\",\"description\":\"Apparel for Christians living the Eschaton\",\"publisher\":{\"@id\":\"https:\\\/\\\/xkton.com\\\/#organization\"},\"potentialAction\":[{\"@type\":\"SearchAction\",\"target\":{\"@type\":\"EntryPoint\",\"urlTemplate\":\"https:\\\/\\\/xkton.com\\\/?s={search_term_string}\"},\"query-input\":{\"@type\":\"PropertyValueSpecification\",\"valueRequired\":true,\"valueName\":\"search_term_string\"}}],\"inLanguage\":\"fr-CA\"},{\"@type\":\"Organization\",\"@id\":\"https:\\\/\\\/xkton.com\\\/#organization\",\"name\":\"Xkton - Orthodox Christian Apparel\",\"alternateName\":\"Xkton\",\"url\":\"https:\\\/\\\/xkton.com\\\/\",\"logo\":{\"@type\":\"ImageObject\",\"inLanguage\":\"fr-CA\",\"@id\":\"https:\\\/\\\/xkton.com\\\/#\\\/schema\\\/logo\\\/image\\\/\",\"url\":\"https:\\\/\\\/xkton.com\\\/wp-content\\\/uploads\\\/2023\\\/11\\\/xkton_small.png\",\"contentUrl\":\"https:\\\/\\\/xkton.com\\\/wp-content\\\/uploads\\\/2023\\\/11\\\/xkton_small.png\",\"width\":145,\"height\":200,\"caption\":\"Xkton - Orthodox Christian Apparel\"},\"image\":{\"@id\":\"https:\\\/\\\/xkton.com\\\/#\\\/schema\\\/logo\\\/image\\\/\"},\"sameAs\":[\"https:\\\/\\\/www.facebook.com\\\/xktonstore\",\"https:\\\/\\\/www.instagram.com\\\/xkton_\"],\"hasMerchantReturnPolicy\":{\"@type\":\"MerchantReturnPolicy\",\"merchantReturnLink\":\"https:\\\/\\\/xkton.com\\\/fr\\\/terms-and-conditions\\\/\"}}]}<\/script>\n<meta property=\"og:availability\" content=\"instock\" \/>\n<meta property=\"product:availability\" content=\"instock\" \/>\n<meta property=\"product:condition\" content=\"new\" \/>\n<!-- \/ Yoast SEO plugin. -->","yoast_head_json":{"title":"IC XC Benediction Hand Embroidery | Orthodox T-Shirt &#8212; Xkton","description":"Comfortable Christian T-shirt with an embroidered minimalist design of the blessing hand gesture of Christ written IC XC.","robots":{"index":"index","follow":"follow","max-snippet":"max-snippet:-1","max-image-preview":"max-image-preview:large","max-video-preview":"max-video-preview:-1"},"canonical":"https:\/\/xkton.com\/fr\/product\/t-shirt-ic-xc-benediction-hand-embroidery\/","og_locale":"fr_CA","og_type":"article","og_title":"IC XC Benediction Hand Embroidery | Orthodox T-Shirt &#8212; Xkton","og_description":"Comfortable Christian T-shirt with an embroidered minimalist design of the blessing hand gesture of Christ written IC XC.","og_url":"https:\/\/xkton.com\/fr\/product\/t-shirt-ic-xc-benediction-hand-embroidery\/","og_site_name":"Xkton","article_publisher":"https:\/\/www.facebook.com\/xktonstore","article_modified_time":"2025-09-03T13:02:34+00:00","og_image":[{"width":1200,"height":1500,"url":"https:\/\/xkton.com\/wp-content\/uploads\/2023\/10\/mockup_icxcnika_white.png","type":"image\/png"}],"twitter_card":"summary_large_image","twitter_misc":{"Availability":"In stock"},"schema":{"@context":"https:\/\/schema.org","@graph":[{"@type":["WebPage","ItemPage"],"@id":"https:\/\/xkton.com\/product\/t-shirt-ic-xc-benediction-hand-embroidery\/","url":"https:\/\/xkton.com\/product\/t-shirt-ic-xc-benediction-hand-embroidery\/","name":"IC XC Benediction Hand Embroidery | Orthodox T-Shirt &#8212; Xkton","isPartOf":{"@id":"https:\/\/xkton.com\/#website"},"primaryImageOfPage":{"@id":"https:\/\/xkton.com\/product\/t-shirt-ic-xc-benediction-hand-embroidery\/#primaryimage"},"image":{"@id":"https:\/\/xkton.com\/product\/t-shirt-ic-xc-benediction-hand-embroidery\/#primaryimage"},"thumbnailUrl":"https:\/\/xkton.com\/wp-content\/uploads\/2023\/10\/mockup_icxcnika_white.png","datePublished":"2023-10-27T15:34:45+00:00","dateModified":"2025-09-03T13:02:34+00:00","description":"Comfortable Christian T-shirt with an embroidered minimalist design of the blessing hand gesture of Christ written IC XC.","breadcrumb":{"@id":"https:\/\/xkton.com\/product\/t-shirt-ic-xc-benediction-hand-embroidery\/#breadcrumb"},"inLanguage":"fr-CA","potentialAction":[{"@type":"ReadAction","target":["https:\/\/xkton.com\/product\/t-shirt-ic-xc-benediction-hand-embroidery\/"]}]},{"@type":"ImageObject","inLanguage":"fr-CA","@id":"https:\/\/xkton.com\/product\/t-shirt-ic-xc-benediction-hand-embroidery\/#primaryimage","url":"https:\/\/xkton.com\/wp-content\/uploads\/2023\/10\/mockup_icxcnika_white.png","contentUrl":"https:\/\/xkton.com\/wp-content\/uploads\/2023\/10\/mockup_icxcnika_white.png","width":1200,"height":1500,"caption":"White T-Shirt with an embroidery of the Benediction Hand reading IC XC."},{"@type":"BreadcrumbList","@id":"https:\/\/xkton.com\/product\/t-shirt-ic-xc-benediction-hand-embroidery\/#breadcrumb","itemListElement":[{"@type":"ListItem","position":1,"name":"Home","item":"https:\/\/xkton.com\/"},{"@type":"ListItem","position":2,"name":"Orthodox Apparel &#8211; Christian Clothing Store","item":"https:\/\/xkton.com\/"},{"@type":"ListItem","position":3,"name":"IC XC Benediction Hand Embroidery | Orthodox T-Shirt"}]},{"@type":"WebSite","@id":"https:\/\/xkton.com\/#website","url":"https:\/\/xkton.com\/","name":"Xkton","description":"Apparel for Christians living the Eschaton","publisher":{"@id":"https:\/\/xkton.com\/#organization"},"potentialAction":[{"@type":"SearchAction","target":{"@type":"EntryPoint","urlTemplate":"https:\/\/xkton.com\/?s={search_term_string}"},"query-input":{"@type":"PropertyValueSpecification","valueRequired":true,"valueName":"search_term_string"}}],"inLanguage":"fr-CA"},{"@type":"Organization","@id":"https:\/\/xkton.com\/#organization","name":"Xkton - Orthodox Christian Apparel","alternateName":"Xkton","url":"https:\/\/xkton.com\/","logo":{"@type":"ImageObject","inLanguage":"fr-CA","@id":"https:\/\/xkton.com\/#\/schema\/logo\/image\/","url":"https:\/\/xkton.com\/wp-content\/uploads\/2023\/11\/xkton_small.png","contentUrl":"https:\/\/xkton.com\/wp-content\/uploads\/2023\/11\/xkton_small.png","width":145,"height":200,"caption":"Xkton - Orthodox Christian Apparel"},"image":{"@id":"https:\/\/xkton.com\/#\/schema\/logo\/image\/"},"sameAs":["https:\/\/www.facebook.com\/xktonstore","https:\/\/www.instagram.com\/xkton_"],"hasMerchantReturnPolicy":{"@type":"MerchantReturnPolicy","merchantReturnLink":"https:\/\/xkton.com\/fr\/terms-and-conditions\/"}}]},"og_availability":"instock","product_availability":"instock","product_condition":"new"},"_links":{"self":[{"href":"https:\/\/xkton.com\/fr\/wp-json\/wp\/v2\/product\/1869","targetHints":{"allow":["GET"]}}],"collection":[{"href":"https:\/\/xkton.com\/fr\/wp-json\/wp\/v2\/product"}],"about":[{"href":"https:\/\/xkton.com\/fr\/wp-json\/wp\/v2\/types\/product"}],"wp:featuredmedia":[{"embeddable":true,"href":"https:\/\/xkton.com\/fr\/wp-json\/wp\/v2\/media\/3051"}],"wp:attachment":[{"href":"https:\/\/xkton.com\/fr\/wp-json\/wp\/v2\/media?parent=1869"}],"wp:term":[{"taxonomy":"product_brand","embeddable":true,"href":"https:\/\/xkton.com\/fr\/wp-json\/wp\/v2\/product_brand?post=1869"},{"taxonomy":"product_cat","embeddable":true,"href":"https:\/\/xkton.com\/fr\/wp-json\/wp\/v2\/product_cat?post=1869"},{"taxonomy":"product_tag","embeddable":true,"href":"https:\/\/xkton.com\/fr\/wp-json\/wp\/v2\/product_tag?post=1869"}],"curies":[{"name":"wp","href":"https:\/\/api.w.org\/{rel}","templated":true}]}}