{"id":1899,"date":"2023-10-27T11:48:40","date_gmt":"2023-10-27T15:48:40","guid":{"rendered":"https:\/\/xkton.com\/product\/christian-t-shirt-st-john-the-baptist-patron-saint-of-french-canadians\/"},"modified":"2025-09-03T09:02:30","modified_gmt":"2025-09-03T13:02:30","slug":"t-shirt-st-john-the-baptist-patron-saint-of-french-canadians","status":"publish","type":"product","link":"https:\/\/xkton.com\/fr\/product\/t-shirt-st-john-the-baptist-patron-saint-of-french-canadians\/","title":{"rendered":"St Jean-Baptiste, saint patron des Canadiens fran\u00e7ais | T-shirt orthodoxe"},"content":{"rendered":"<h4>Saint John the Baptist<\/h4>\n<p>Ce T-shirt chr\u00e9tien confortable, sp\u00e9cialement con\u00e7u pour les Canadiens fran\u00e7ais patriotes, pr\u00e9sente un design personnalis\u00e9 de saint Jean-Baptiste, patron des Canadiens fran\u00e7ais, tenant le drapeau du Qu\u00e9bec. Il y est \u00e9crit : \"Saint Jean-Baptiste, Pr\u00e9curseur du Messie, Patron des Canadiens fran\u00e7ais, prie pour nous\".<\/p>\n<p>&#8220;Ils ont frapp\u00e9 la tyrannie, \/ Nous saurons l&#8217;abattre comme eux. \/ Si le sort d\u00e9signait une race ennemie \/ Veille sur nous, saint Jean, fais-nous victorieux.&#8221;<br \/>\n<em>Jacques Viger<br \/>\n<\/em><\/p>","protected":false},"excerpt":{"rendered":"<p><strong>SAINT JEAN-BAPTISTE<\/strong><\/p>\n<p>Pr\u00e9curseur du Messie<br \/>\nPatron des Canadiens fran\u00e7ais<br \/>\nPrie pour nous!<\/p>","protected":false},"featured_media":2202,"template":"","meta":[],"product_brand":[],"product_cat":[36],"product_tag":[],"class_list":{"0":"post-1899","1":"product","2":"type-product","3":"status-publish","4":"has-post-thumbnail","6":"product_cat-apparel","8":"first","9":"instock","10":"shipping-taxable","11":"purchasable","12":"product-type-variable"},"yoast_head":"<!-- This site is optimized with the Yoast SEO plugin v27.3 - https:\/\/yoast.com\/product\/yoast-seo-wordpress\/ -->\n<title>St John the Baptist, Patron Saint of French Canadians | Orthodox T-Shirt &#8212; Xkton<\/title>\n<meta name=\"description\" content=\"Patriotic Christian T-shirt of St John the Baptist, patron saint of French Canadians holding the Quebec flag written &quot;Saint Jean-Baptiste, Pr\u00e9curseur du Messie, Patron des Canadiens fran\u00e7ais, prie pour nous!&quot;.\" \/>\n<meta name=\"robots\" content=\"index, follow, max-snippet:-1, max-image-preview:large, max-video-preview:-1\" \/>\n<link rel=\"canonical\" href=\"https:\/\/xkton.com\/fr\/product\/t-shirt-st-john-the-baptist-patron-saint-of-french-canadians\/\" \/>\n<meta property=\"og:locale\" content=\"fr_CA\" \/>\n<meta property=\"og:type\" content=\"article\" \/>\n<meta property=\"og:title\" content=\"St John the Baptist, Patron Saint of French Canadians | Orthodox T-Shirt &#8212; Xkton\" \/>\n<meta property=\"og:description\" content=\"Patriotic Christian T-shirt of St John the Baptist, patron saint of French Canadians holding the Quebec flag written &quot;Saint Jean-Baptiste, Pr\u00e9curseur du Messie, Patron des Canadiens fran\u00e7ais, prie pour nous!&quot;.\" \/>\n<meta property=\"og:url\" content=\"https:\/\/xkton.com\/fr\/product\/t-shirt-st-john-the-baptist-patron-saint-of-french-canadians\/\" \/>\n<meta property=\"og:site_name\" content=\"Xkton\" \/>\n<meta property=\"article:publisher\" content=\"https:\/\/www.facebook.com\/xktonstore\" \/>\n<meta property=\"article:modified_time\" content=\"2025-09-03T13:02:30+00:00\" \/>\n<meta property=\"og:image\" content=\"https:\/\/xkton.com\/wp-content\/uploads\/2023\/10\/mockup_jb_white-1.jpg\" \/>\n\t<meta property=\"og:image:width\" content=\"1200\" \/>\n\t<meta property=\"og:image:height\" content=\"1500\" \/>\n\t<meta property=\"og:image:type\" content=\"image\/jpeg\" \/>\n<meta name=\"twitter:card\" content=\"summary_large_image\" \/>\n<meta name=\"twitter:label1\" content=\"Availability\" \/>\n\t<meta name=\"twitter:data1\" content=\"In stock\" \/>\n<script type=\"application\/ld+json\" class=\"yoast-schema-graph\">{\"@context\":\"https:\\\/\\\/schema.org\",\"@graph\":[{\"@type\":[\"WebPage\",\"ItemPage\"],\"@id\":\"https:\\\/\\\/xkton.com\\\/product\\\/t-shirt-st-john-the-baptist-patron-saint-of-french-canadians\\\/\",\"url\":\"https:\\\/\\\/xkton.com\\\/product\\\/t-shirt-st-john-the-baptist-patron-saint-of-french-canadians\\\/\",\"name\":\"St John the Baptist, Patron Saint of French Canadians | Orthodox T-Shirt &#8212; Xkton\",\"isPartOf\":{\"@id\":\"https:\\\/\\\/xkton.com\\\/#website\"},\"primaryImageOfPage\":{\"@id\":\"https:\\\/\\\/xkton.com\\\/product\\\/t-shirt-st-john-the-baptist-patron-saint-of-french-canadians\\\/#primaryimage\"},\"image\":{\"@id\":\"https:\\\/\\\/xkton.com\\\/product\\\/t-shirt-st-john-the-baptist-patron-saint-of-french-canadians\\\/#primaryimage\"},\"thumbnailUrl\":\"https:\\\/\\\/xkton.com\\\/wp-content\\\/uploads\\\/2023\\\/10\\\/mockup_jb_white-1.jpg\",\"datePublished\":\"2023-10-27T15:48:40+00:00\",\"dateModified\":\"2025-09-03T13:02:30+00:00\",\"description\":\"Patriotic Christian T-shirt of St John the Baptist, patron saint of French Canadians holding the Quebec flag written \\\"Saint Jean-Baptiste, Pr\u00e9curseur du Messie, Patron des Canadiens fran\u00e7ais, prie pour nous!\\\".\",\"breadcrumb\":{\"@id\":\"https:\\\/\\\/xkton.com\\\/product\\\/t-shirt-st-john-the-baptist-patron-saint-of-french-canadians\\\/#breadcrumb\"},\"inLanguage\":\"fr-CA\",\"potentialAction\":[{\"@type\":\"ReadAction\",\"target\":[\"https:\\\/\\\/xkton.com\\\/product\\\/t-shirt-st-john-the-baptist-patron-saint-of-french-canadians\\\/\"]}]},{\"@type\":\"ImageObject\",\"inLanguage\":\"fr-CA\",\"@id\":\"https:\\\/\\\/xkton.com\\\/product\\\/t-shirt-st-john-the-baptist-patron-saint-of-french-canadians\\\/#primaryimage\",\"url\":\"https:\\\/\\\/xkton.com\\\/wp-content\\\/uploads\\\/2023\\\/10\\\/mockup_jb_white-1.jpg\",\"contentUrl\":\"https:\\\/\\\/xkton.com\\\/wp-content\\\/uploads\\\/2023\\\/10\\\/mockup_jb_white-1.jpg\",\"width\":1200,\"height\":1500,\"caption\":\"T-Shirt of Saint John the Baptist as the Patron Saint of French Canadians\"},{\"@type\":\"BreadcrumbList\",\"@id\":\"https:\\\/\\\/xkton.com\\\/product\\\/t-shirt-st-john-the-baptist-patron-saint-of-french-canadians\\\/#breadcrumb\",\"itemListElement\":[{\"@type\":\"ListItem\",\"position\":1,\"name\":\"Home\",\"item\":\"https:\\\/\\\/xkton.com\\\/\"},{\"@type\":\"ListItem\",\"position\":2,\"name\":\"Orthodox Apparel &#8211; Christian Clothing Store\",\"item\":\"https:\\\/\\\/xkton.com\\\/\"},{\"@type\":\"ListItem\",\"position\":3,\"name\":\"St John the Baptist, Patron Saint of French Canadians | Orthodox T-Shirt\"}]},{\"@type\":\"WebSite\",\"@id\":\"https:\\\/\\\/xkton.com\\\/#website\",\"url\":\"https:\\\/\\\/xkton.com\\\/\",\"name\":\"Xkton\",\"description\":\"Apparel for Christians living the Eschaton\",\"publisher\":{\"@id\":\"https:\\\/\\\/xkton.com\\\/#organization\"},\"potentialAction\":[{\"@type\":\"SearchAction\",\"target\":{\"@type\":\"EntryPoint\",\"urlTemplate\":\"https:\\\/\\\/xkton.com\\\/?s={search_term_string}\"},\"query-input\":{\"@type\":\"PropertyValueSpecification\",\"valueRequired\":true,\"valueName\":\"search_term_string\"}}],\"inLanguage\":\"fr-CA\"},{\"@type\":\"Organization\",\"@id\":\"https:\\\/\\\/xkton.com\\\/#organization\",\"name\":\"Xkton - Orthodox Christian Apparel\",\"alternateName\":\"Xkton\",\"url\":\"https:\\\/\\\/xkton.com\\\/\",\"logo\":{\"@type\":\"ImageObject\",\"inLanguage\":\"fr-CA\",\"@id\":\"https:\\\/\\\/xkton.com\\\/#\\\/schema\\\/logo\\\/image\\\/\",\"url\":\"https:\\\/\\\/xkton.com\\\/wp-content\\\/uploads\\\/2023\\\/11\\\/xkton_small.png\",\"contentUrl\":\"https:\\\/\\\/xkton.com\\\/wp-content\\\/uploads\\\/2023\\\/11\\\/xkton_small.png\",\"width\":145,\"height\":200,\"caption\":\"Xkton - Orthodox Christian Apparel\"},\"image\":{\"@id\":\"https:\\\/\\\/xkton.com\\\/#\\\/schema\\\/logo\\\/image\\\/\"},\"sameAs\":[\"https:\\\/\\\/www.facebook.com\\\/xktonstore\",\"https:\\\/\\\/www.instagram.com\\\/xkton_\"],\"hasMerchantReturnPolicy\":{\"@type\":\"MerchantReturnPolicy\",\"merchantReturnLink\":\"https:\\\/\\\/xkton.com\\\/fr\\\/terms-and-conditions\\\/\"}}]}<\/script>\n<meta property=\"og:availability\" content=\"instock\" \/>\n<meta property=\"product:availability\" content=\"instock\" \/>\n<meta property=\"product:condition\" content=\"new\" \/>\n<!-- \/ Yoast SEO plugin. -->","yoast_head_json":{"title":"St John the Baptist, Patron Saint of French Canadians | Orthodox T-Shirt &#8212; Xkton","description":"Patriotic Christian T-shirt of St John the Baptist, patron saint of French Canadians holding the Quebec flag written \"Saint Jean-Baptiste, Pr\u00e9curseur du Messie, Patron des Canadiens fran\u00e7ais, prie pour nous!\".","robots":{"index":"index","follow":"follow","max-snippet":"max-snippet:-1","max-image-preview":"max-image-preview:large","max-video-preview":"max-video-preview:-1"},"canonical":"https:\/\/xkton.com\/fr\/product\/t-shirt-st-john-the-baptist-patron-saint-of-french-canadians\/","og_locale":"fr_CA","og_type":"article","og_title":"St John the Baptist, Patron Saint of French Canadians | Orthodox T-Shirt &#8212; Xkton","og_description":"Patriotic Christian T-shirt of St John the Baptist, patron saint of French Canadians holding the Quebec flag written \"Saint Jean-Baptiste, Pr\u00e9curseur du Messie, Patron des Canadiens fran\u00e7ais, prie pour nous!\".","og_url":"https:\/\/xkton.com\/fr\/product\/t-shirt-st-john-the-baptist-patron-saint-of-french-canadians\/","og_site_name":"Xkton","article_publisher":"https:\/\/www.facebook.com\/xktonstore","article_modified_time":"2025-09-03T13:02:30+00:00","og_image":[{"width":1200,"height":1500,"url":"https:\/\/xkton.com\/wp-content\/uploads\/2023\/10\/mockup_jb_white-1.jpg","type":"image\/jpeg"}],"twitter_card":"summary_large_image","twitter_misc":{"Availability":"In stock"},"schema":{"@context":"https:\/\/schema.org","@graph":[{"@type":["WebPage","ItemPage"],"@id":"https:\/\/xkton.com\/product\/t-shirt-st-john-the-baptist-patron-saint-of-french-canadians\/","url":"https:\/\/xkton.com\/product\/t-shirt-st-john-the-baptist-patron-saint-of-french-canadians\/","name":"St John the Baptist, Patron Saint of French Canadians | Orthodox T-Shirt &#8212; Xkton","isPartOf":{"@id":"https:\/\/xkton.com\/#website"},"primaryImageOfPage":{"@id":"https:\/\/xkton.com\/product\/t-shirt-st-john-the-baptist-patron-saint-of-french-canadians\/#primaryimage"},"image":{"@id":"https:\/\/xkton.com\/product\/t-shirt-st-john-the-baptist-patron-saint-of-french-canadians\/#primaryimage"},"thumbnailUrl":"https:\/\/xkton.com\/wp-content\/uploads\/2023\/10\/mockup_jb_white-1.jpg","datePublished":"2023-10-27T15:48:40+00:00","dateModified":"2025-09-03T13:02:30+00:00","description":"Patriotic Christian T-shirt of St John the Baptist, patron saint of French Canadians holding the Quebec flag written \"Saint Jean-Baptiste, Pr\u00e9curseur du Messie, Patron des Canadiens fran\u00e7ais, prie pour nous!\".","breadcrumb":{"@id":"https:\/\/xkton.com\/product\/t-shirt-st-john-the-baptist-patron-saint-of-french-canadians\/#breadcrumb"},"inLanguage":"fr-CA","potentialAction":[{"@type":"ReadAction","target":["https:\/\/xkton.com\/product\/t-shirt-st-john-the-baptist-patron-saint-of-french-canadians\/"]}]},{"@type":"ImageObject","inLanguage":"fr-CA","@id":"https:\/\/xkton.com\/product\/t-shirt-st-john-the-baptist-patron-saint-of-french-canadians\/#primaryimage","url":"https:\/\/xkton.com\/wp-content\/uploads\/2023\/10\/mockup_jb_white-1.jpg","contentUrl":"https:\/\/xkton.com\/wp-content\/uploads\/2023\/10\/mockup_jb_white-1.jpg","width":1200,"height":1500,"caption":"T-Shirt of Saint John the Baptist as the Patron Saint of French Canadians"},{"@type":"BreadcrumbList","@id":"https:\/\/xkton.com\/product\/t-shirt-st-john-the-baptist-patron-saint-of-french-canadians\/#breadcrumb","itemListElement":[{"@type":"ListItem","position":1,"name":"Home","item":"https:\/\/xkton.com\/"},{"@type":"ListItem","position":2,"name":"Orthodox Apparel &#8211; Christian Clothing Store","item":"https:\/\/xkton.com\/"},{"@type":"ListItem","position":3,"name":"St John the Baptist, Patron Saint of French Canadians | Orthodox T-Shirt"}]},{"@type":"WebSite","@id":"https:\/\/xkton.com\/#website","url":"https:\/\/xkton.com\/","name":"Xkton","description":"Apparel for Christians living the Eschaton","publisher":{"@id":"https:\/\/xkton.com\/#organization"},"potentialAction":[{"@type":"SearchAction","target":{"@type":"EntryPoint","urlTemplate":"https:\/\/xkton.com\/?s={search_term_string}"},"query-input":{"@type":"PropertyValueSpecification","valueRequired":true,"valueName":"search_term_string"}}],"inLanguage":"fr-CA"},{"@type":"Organization","@id":"https:\/\/xkton.com\/#organization","name":"Xkton - Orthodox Christian Apparel","alternateName":"Xkton","url":"https:\/\/xkton.com\/","logo":{"@type":"ImageObject","inLanguage":"fr-CA","@id":"https:\/\/xkton.com\/#\/schema\/logo\/image\/","url":"https:\/\/xkton.com\/wp-content\/uploads\/2023\/11\/xkton_small.png","contentUrl":"https:\/\/xkton.com\/wp-content\/uploads\/2023\/11\/xkton_small.png","width":145,"height":200,"caption":"Xkton - Orthodox Christian Apparel"},"image":{"@id":"https:\/\/xkton.com\/#\/schema\/logo\/image\/"},"sameAs":["https:\/\/www.facebook.com\/xktonstore","https:\/\/www.instagram.com\/xkton_"],"hasMerchantReturnPolicy":{"@type":"MerchantReturnPolicy","merchantReturnLink":"https:\/\/xkton.com\/fr\/terms-and-conditions\/"}}]},"og_availability":"instock","product_availability":"instock","product_condition":"new"},"_links":{"self":[{"href":"https:\/\/xkton.com\/fr\/wp-json\/wp\/v2\/product\/1899","targetHints":{"allow":["GET"]}}],"collection":[{"href":"https:\/\/xkton.com\/fr\/wp-json\/wp\/v2\/product"}],"about":[{"href":"https:\/\/xkton.com\/fr\/wp-json\/wp\/v2\/types\/product"}],"wp:featuredmedia":[{"embeddable":true,"href":"https:\/\/xkton.com\/fr\/wp-json\/wp\/v2\/media\/2202"}],"wp:attachment":[{"href":"https:\/\/xkton.com\/fr\/wp-json\/wp\/v2\/media?parent=1899"}],"wp:term":[{"taxonomy":"product_brand","embeddable":true,"href":"https:\/\/xkton.com\/fr\/wp-json\/wp\/v2\/product_brand?post=1899"},{"taxonomy":"product_cat","embeddable":true,"href":"https:\/\/xkton.com\/fr\/wp-json\/wp\/v2\/product_cat?post=1899"},{"taxonomy":"product_tag","embeddable":true,"href":"https:\/\/xkton.com\/fr\/wp-json\/wp\/v2\/product_tag?post=1899"}],"curies":[{"name":"wp","href":"https:\/\/api.w.org\/{rel}","templated":true}]}}