{"id":2026,"date":"2023-10-28T10:16:31","date_gmt":"2023-10-28T14:16:31","guid":{"rendered":"https:\/\/xkton.com\/product\/christian-t-shirt-the-descent-of-christ-into-hades\/"},"modified":"2025-09-03T09:02:20","modified_gmt":"2025-09-03T13:02:20","slug":"t-shirt-the-descent-of-christ-into-hades","status":"publish","type":"product","link":"https:\/\/xkton.com\/fr\/product\/t-shirt-the-descent-of-christ-into-hades\/","title":{"rendered":"La descente du Christ aux Enfers | T-shirt orthodoxe"},"content":{"rendered":"<h4>The Descent of Christ into Hades<\/h4>\n<p>Ce T-shirt chr\u00e9tien confortable pr\u00e9sente un design personnalis\u00e9 de la descente du Christ aux Enfers, avec \u00e9crit comme dans <em>1 Pierre 3:19-20<\/em> : \u201cIl est all\u00e9 pr\u00eacher aux esprits en captivit\u00e9, qui jadis, avaient refus\u00e9 d'ob\u00e9ir, au temps de No\u00e9 o\u00f9 se prolongeait la patience de Dieu\u201d<\/p>\n<p>L'ic\u00f4ne de la victoire du Christ, le Messie de Dieu, sur la mort, le dernier ennemi, dans l'\u00c9glise orthodoxe, est une ic\u00f4ne du Christ vivant et glorieux, dans le royaume des morts, franchissant les portes du Sh\u00e9ol, ou Had\u00e8s, et lib\u00e9rant et ressuscitant toute l'humanit\u00e9. Dans cette ic\u00f4ne, on trouve les justes de l'Ancien Testament dans le s\u00e9jour des morts, ceux qui \u00e9taient morts et qui sont d\u00e9livr\u00e9s du pouvoir de la mort par le Christ mort.<\/p>","protected":false},"excerpt":{"rendered":"<p><strong>LA DESCENTE DU CHRIST AUX ENFERS<\/strong><\/p>\n<p>Il est all\u00e9 pr\u00eacher aux esprits en captivit\u00e9, qui jadis, avaient refus\u00e9 d'ob\u00e9ir, au temps de No\u00e9 o\u00f9 se prolongeait la patience de Dieu (1 Pierre 3:19-20<em>)<\/em><\/p>","protected":false},"featured_media":2707,"template":"","meta":[],"product_brand":[],"product_cat":[36],"product_tag":[],"class_list":{"0":"post-2026","1":"product","2":"type-product","3":"status-publish","4":"has-post-thumbnail","6":"product_cat-apparel","8":"first","9":"instock","10":"shipping-taxable","11":"purchasable","12":"product-type-variable"},"yoast_head":"<!-- This site is optimized with the Yoast SEO plugin v27.4 - https:\/\/yoast.com\/product\/yoast-seo-wordpress\/ -->\n<title>The Descent of Christ into Hades | Orthodox T-Shirt &#8212; Xkton<\/title>\n<meta name=\"description\" content=\"Comfortable punk\/metal\/hardcore style Christian T-shirt of the Descent of Christ into Hades with a passage from 1 Peter 3:19-20.\" \/>\n<meta name=\"robots\" content=\"index, follow, max-snippet:-1, max-image-preview:large, max-video-preview:-1\" \/>\n<link rel=\"canonical\" href=\"https:\/\/xkton.com\/fr\/product\/t-shirt-the-descent-of-christ-into-hades\/\" \/>\n<meta property=\"og:locale\" content=\"fr_CA\" \/>\n<meta property=\"og:type\" content=\"article\" \/>\n<meta property=\"og:title\" content=\"The Descent of Christ into Hades | Orthodox T-Shirt &#8212; Xkton\" \/>\n<meta property=\"og:description\" content=\"Comfortable punk\/metal\/hardcore style Christian T-shirt of the Descent of Christ into Hades with a passage from 1 Peter 3:19-20.\" \/>\n<meta property=\"og:url\" content=\"https:\/\/xkton.com\/fr\/product\/t-shirt-the-descent-of-christ-into-hades\/\" \/>\n<meta property=\"og:site_name\" content=\"Xkton\" \/>\n<meta property=\"article:publisher\" content=\"https:\/\/www.facebook.com\/xktonstore\" \/>\n<meta property=\"article:modified_time\" content=\"2025-09-03T13:02:20+00:00\" \/>\n<meta property=\"og:image\" content=\"https:\/\/xkton.com\/wp-content\/uploads\/2023\/10\/mockup_descent_en.jpg\" \/>\n\t<meta property=\"og:image:width\" content=\"1200\" \/>\n\t<meta property=\"og:image:height\" content=\"1500\" \/>\n\t<meta property=\"og:image:type\" content=\"image\/jpeg\" \/>\n<meta name=\"twitter:card\" content=\"summary_large_image\" \/>\n<meta name=\"twitter:label1\" content=\"Availability\" \/>\n\t<meta name=\"twitter:data1\" content=\"In stock\" \/>\n<script type=\"application\/ld+json\" class=\"yoast-schema-graph\">{\"@context\":\"https:\\\/\\\/schema.org\",\"@graph\":[{\"@type\":[\"WebPage\",\"ItemPage\"],\"@id\":\"https:\\\/\\\/xkton.com\\\/product\\\/t-shirt-the-descent-of-christ-into-hades\\\/\",\"url\":\"https:\\\/\\\/xkton.com\\\/product\\\/t-shirt-the-descent-of-christ-into-hades\\\/\",\"name\":\"The Descent of Christ into Hades | Orthodox T-Shirt &#8212; Xkton\",\"isPartOf\":{\"@id\":\"https:\\\/\\\/xkton.com\\\/#website\"},\"primaryImageOfPage\":{\"@id\":\"https:\\\/\\\/xkton.com\\\/product\\\/t-shirt-the-descent-of-christ-into-hades\\\/#primaryimage\"},\"image\":{\"@id\":\"https:\\\/\\\/xkton.com\\\/product\\\/t-shirt-the-descent-of-christ-into-hades\\\/#primaryimage\"},\"thumbnailUrl\":\"https:\\\/\\\/xkton.com\\\/wp-content\\\/uploads\\\/2023\\\/10\\\/mockup_descent_en.jpg\",\"datePublished\":\"2023-10-28T14:16:31+00:00\",\"dateModified\":\"2025-09-03T13:02:20+00:00\",\"description\":\"Comfortable punk\\\/metal\\\/hardcore style Christian T-shirt of the Descent of Christ into Hades with a passage from 1 Peter 3:19-20.\",\"breadcrumb\":{\"@id\":\"https:\\\/\\\/xkton.com\\\/product\\\/t-shirt-the-descent-of-christ-into-hades\\\/#breadcrumb\"},\"inLanguage\":\"fr-CA\",\"potentialAction\":[{\"@type\":\"ReadAction\",\"target\":[\"https:\\\/\\\/xkton.com\\\/product\\\/t-shirt-the-descent-of-christ-into-hades\\\/\"]}]},{\"@type\":\"ImageObject\",\"inLanguage\":\"fr-CA\",\"@id\":\"https:\\\/\\\/xkton.com\\\/product\\\/t-shirt-the-descent-of-christ-into-hades\\\/#primaryimage\",\"url\":\"https:\\\/\\\/xkton.com\\\/wp-content\\\/uploads\\\/2023\\\/10\\\/mockup_descent_en.jpg\",\"contentUrl\":\"https:\\\/\\\/xkton.com\\\/wp-content\\\/uploads\\\/2023\\\/10\\\/mockup_descent_en.jpg\",\"width\":1200,\"height\":1500,\"caption\":\"T-Shirt with Christ descending into Hades.\"},{\"@type\":\"BreadcrumbList\",\"@id\":\"https:\\\/\\\/xkton.com\\\/product\\\/t-shirt-the-descent-of-christ-into-hades\\\/#breadcrumb\",\"itemListElement\":[{\"@type\":\"ListItem\",\"position\":1,\"name\":\"Home\",\"item\":\"https:\\\/\\\/xkton.com\\\/\"},{\"@type\":\"ListItem\",\"position\":2,\"name\":\"Orthodox Apparel &#8211; Christian Clothing Store\",\"item\":\"https:\\\/\\\/xkton.com\\\/\"},{\"@type\":\"ListItem\",\"position\":3,\"name\":\"The Descent of Christ into Hades | Orthodox T-Shirt\"}]},{\"@type\":\"WebSite\",\"@id\":\"https:\\\/\\\/xkton.com\\\/#website\",\"url\":\"https:\\\/\\\/xkton.com\\\/\",\"name\":\"Xkton\",\"description\":\"Apparel for Christians living the Eschaton\",\"publisher\":{\"@id\":\"https:\\\/\\\/xkton.com\\\/#organization\"},\"potentialAction\":[{\"@type\":\"SearchAction\",\"target\":{\"@type\":\"EntryPoint\",\"urlTemplate\":\"https:\\\/\\\/xkton.com\\\/?s={search_term_string}\"},\"query-input\":{\"@type\":\"PropertyValueSpecification\",\"valueRequired\":true,\"valueName\":\"search_term_string\"}}],\"inLanguage\":\"fr-CA\"},{\"@type\":\"Organization\",\"@id\":\"https:\\\/\\\/xkton.com\\\/#organization\",\"name\":\"Xkton - Orthodox Christian Apparel\",\"alternateName\":\"Xkton\",\"url\":\"https:\\\/\\\/xkton.com\\\/\",\"logo\":{\"@type\":\"ImageObject\",\"inLanguage\":\"fr-CA\",\"@id\":\"https:\\\/\\\/xkton.com\\\/#\\\/schema\\\/logo\\\/image\\\/\",\"url\":\"https:\\\/\\\/xkton.com\\\/wp-content\\\/uploads\\\/2023\\\/11\\\/xkton_small.png\",\"contentUrl\":\"https:\\\/\\\/xkton.com\\\/wp-content\\\/uploads\\\/2023\\\/11\\\/xkton_small.png\",\"width\":145,\"height\":200,\"caption\":\"Xkton - Orthodox Christian Apparel\"},\"image\":{\"@id\":\"https:\\\/\\\/xkton.com\\\/#\\\/schema\\\/logo\\\/image\\\/\"},\"sameAs\":[\"https:\\\/\\\/www.facebook.com\\\/xktonstore\",\"https:\\\/\\\/www.instagram.com\\\/xkton_\"],\"hasMerchantReturnPolicy\":{\"@type\":\"MerchantReturnPolicy\",\"merchantReturnLink\":\"https:\\\/\\\/xkton.com\\\/fr\\\/terms-and-conditions\\\/\"}}]}<\/script>\n<meta property=\"og:availability\" content=\"instock\" \/>\n<meta property=\"product:availability\" content=\"instock\" \/>\n<meta property=\"product:condition\" content=\"new\" \/>\n<!-- \/ Yoast SEO plugin. -->","yoast_head_json":{"title":"The Descent of Christ into Hades | Orthodox T-Shirt &#8212; Xkton","description":"Comfortable punk\/metal\/hardcore style Christian T-shirt of the Descent of Christ into Hades with a passage from 1 Peter 3:19-20.","robots":{"index":"index","follow":"follow","max-snippet":"max-snippet:-1","max-image-preview":"max-image-preview:large","max-video-preview":"max-video-preview:-1"},"canonical":"https:\/\/xkton.com\/fr\/product\/t-shirt-the-descent-of-christ-into-hades\/","og_locale":"fr_CA","og_type":"article","og_title":"The Descent of Christ into Hades | Orthodox T-Shirt &#8212; Xkton","og_description":"Comfortable punk\/metal\/hardcore style Christian T-shirt of the Descent of Christ into Hades with a passage from 1 Peter 3:19-20.","og_url":"https:\/\/xkton.com\/fr\/product\/t-shirt-the-descent-of-christ-into-hades\/","og_site_name":"Xkton","article_publisher":"https:\/\/www.facebook.com\/xktonstore","article_modified_time":"2025-09-03T13:02:20+00:00","og_image":[{"width":1200,"height":1500,"url":"https:\/\/xkton.com\/wp-content\/uploads\/2023\/10\/mockup_descent_en.jpg","type":"image\/jpeg"}],"twitter_card":"summary_large_image","twitter_misc":{"Availability":"In stock"},"schema":{"@context":"https:\/\/schema.org","@graph":[{"@type":["WebPage","ItemPage"],"@id":"https:\/\/xkton.com\/product\/t-shirt-the-descent-of-christ-into-hades\/","url":"https:\/\/xkton.com\/product\/t-shirt-the-descent-of-christ-into-hades\/","name":"The Descent of Christ into Hades | Orthodox T-Shirt &#8212; Xkton","isPartOf":{"@id":"https:\/\/xkton.com\/#website"},"primaryImageOfPage":{"@id":"https:\/\/xkton.com\/product\/t-shirt-the-descent-of-christ-into-hades\/#primaryimage"},"image":{"@id":"https:\/\/xkton.com\/product\/t-shirt-the-descent-of-christ-into-hades\/#primaryimage"},"thumbnailUrl":"https:\/\/xkton.com\/wp-content\/uploads\/2023\/10\/mockup_descent_en.jpg","datePublished":"2023-10-28T14:16:31+00:00","dateModified":"2025-09-03T13:02:20+00:00","description":"Comfortable punk\/metal\/hardcore style Christian T-shirt of the Descent of Christ into Hades with a passage from 1 Peter 3:19-20.","breadcrumb":{"@id":"https:\/\/xkton.com\/product\/t-shirt-the-descent-of-christ-into-hades\/#breadcrumb"},"inLanguage":"fr-CA","potentialAction":[{"@type":"ReadAction","target":["https:\/\/xkton.com\/product\/t-shirt-the-descent-of-christ-into-hades\/"]}]},{"@type":"ImageObject","inLanguage":"fr-CA","@id":"https:\/\/xkton.com\/product\/t-shirt-the-descent-of-christ-into-hades\/#primaryimage","url":"https:\/\/xkton.com\/wp-content\/uploads\/2023\/10\/mockup_descent_en.jpg","contentUrl":"https:\/\/xkton.com\/wp-content\/uploads\/2023\/10\/mockup_descent_en.jpg","width":1200,"height":1500,"caption":"T-Shirt with Christ descending into Hades."},{"@type":"BreadcrumbList","@id":"https:\/\/xkton.com\/product\/t-shirt-the-descent-of-christ-into-hades\/#breadcrumb","itemListElement":[{"@type":"ListItem","position":1,"name":"Home","item":"https:\/\/xkton.com\/"},{"@type":"ListItem","position":2,"name":"Orthodox Apparel &#8211; Christian Clothing Store","item":"https:\/\/xkton.com\/"},{"@type":"ListItem","position":3,"name":"The Descent of Christ into Hades | Orthodox T-Shirt"}]},{"@type":"WebSite","@id":"https:\/\/xkton.com\/#website","url":"https:\/\/xkton.com\/","name":"Xkton","description":"Apparel for Christians living the Eschaton","publisher":{"@id":"https:\/\/xkton.com\/#organization"},"potentialAction":[{"@type":"SearchAction","target":{"@type":"EntryPoint","urlTemplate":"https:\/\/xkton.com\/?s={search_term_string}"},"query-input":{"@type":"PropertyValueSpecification","valueRequired":true,"valueName":"search_term_string"}}],"inLanguage":"fr-CA"},{"@type":"Organization","@id":"https:\/\/xkton.com\/#organization","name":"Xkton - Orthodox Christian Apparel","alternateName":"Xkton","url":"https:\/\/xkton.com\/","logo":{"@type":"ImageObject","inLanguage":"fr-CA","@id":"https:\/\/xkton.com\/#\/schema\/logo\/image\/","url":"https:\/\/xkton.com\/wp-content\/uploads\/2023\/11\/xkton_small.png","contentUrl":"https:\/\/xkton.com\/wp-content\/uploads\/2023\/11\/xkton_small.png","width":145,"height":200,"caption":"Xkton - Orthodox Christian Apparel"},"image":{"@id":"https:\/\/xkton.com\/#\/schema\/logo\/image\/"},"sameAs":["https:\/\/www.facebook.com\/xktonstore","https:\/\/www.instagram.com\/xkton_"],"hasMerchantReturnPolicy":{"@type":"MerchantReturnPolicy","merchantReturnLink":"https:\/\/xkton.com\/fr\/terms-and-conditions\/"}}]},"og_availability":"instock","product_availability":"instock","product_condition":"new"},"_links":{"self":[{"href":"https:\/\/xkton.com\/fr\/wp-json\/wp\/v2\/product\/2026","targetHints":{"allow":["GET"]}}],"collection":[{"href":"https:\/\/xkton.com\/fr\/wp-json\/wp\/v2\/product"}],"about":[{"href":"https:\/\/xkton.com\/fr\/wp-json\/wp\/v2\/types\/product"}],"wp:featuredmedia":[{"embeddable":true,"href":"https:\/\/xkton.com\/fr\/wp-json\/wp\/v2\/media\/2707"}],"wp:attachment":[{"href":"https:\/\/xkton.com\/fr\/wp-json\/wp\/v2\/media?parent=2026"}],"wp:term":[{"taxonomy":"product_brand","embeddable":true,"href":"https:\/\/xkton.com\/fr\/wp-json\/wp\/v2\/product_brand?post=2026"},{"taxonomy":"product_cat","embeddable":true,"href":"https:\/\/xkton.com\/fr\/wp-json\/wp\/v2\/product_cat?post=2026"},{"taxonomy":"product_tag","embeddable":true,"href":"https:\/\/xkton.com\/fr\/wp-json\/wp\/v2\/product_tag?post=2026"}],"curies":[{"name":"wp","href":"https:\/\/api.w.org\/{rel}","templated":true}]}}