{"id":2083,"date":"2023-11-18T10:32:11","date_gmt":"2023-11-18T15:32:11","guid":{"rendered":"https:\/\/xkton.com\/product\/christian-t-shirt-st-jerome-hearing-the-trumpets\/"},"modified":"2025-09-03T09:02:14","modified_gmt":"2025-09-03T13:02:14","slug":"t-shirt-st-jerome-the-trumpets-of-the-last-judgment","status":"publish","type":"product","link":"https:\/\/xkton.com\/fr\/product\/t-shirt-st-jerome-the-trumpets-of-the-last-judgment\/","title":{"rendered":"St J\u00e9r\u00f4me et les trompettes du Jugement Dernier | T-shirt orthodoxe"},"content":{"rendered":"<h4>Saint Jerome<\/h4>\n<p>Ce T-shirt chr\u00e9tien confortable pr\u00e9sente un dessin personnalis\u00e9 de saint J\u00e9r\u00f4me de Stridon entendant les trompettes du Jugement dernier, d'apr\u00e8s une gravure de Jusepe de Ribera. Il est repr\u00e9sent\u00e9 avec des livres comm\u00e9morant son statut de grand \u00e9rudit de l'\u00c9glise et un cr\u00e2ne qui symbolise le <em>Memento mori<\/em>le rappel de la mort. On peut y lire : \"\u00c9coutons\" et \"Le son des hymnes des trompettes du Jugement Dernier\".<\/p>","protected":false},"excerpt":{"rendered":"<p>\u00c9COUTONS<\/p>\n<p>Le son des hymnes des trompettes du Jugement Dernier<br \/>\nSt J\u00e9r\u00f4me<\/p>","protected":false},"featured_media":2183,"template":"","meta":[],"product_brand":[],"product_cat":[36],"product_tag":[],"class_list":{"0":"post-2083","1":"product","2":"type-product","3":"status-publish","4":"has-post-thumbnail","6":"product_cat-apparel","8":"first","9":"instock","10":"shipping-taxable","11":"purchasable","12":"product-type-variable"},"yoast_head":"<!-- This site is optimized with the Yoast SEO plugin v27.3 - https:\/\/yoast.com\/product\/yoast-seo-wordpress\/ -->\n<title>St Jerome &amp; the Trumpets of the Last Judgment | Orthodox T-Shirt &#8212; Xkton<\/title>\n<meta name=\"description\" content=\"Punk\/metal\/hardcore style Christian T-shirt of St Jerome hearing the trumpets of the Last Judgment. Hearken to the sound of the hymns of the trumpets of the Last Judgment.\" \/>\n<meta name=\"robots\" content=\"index, follow, max-snippet:-1, max-image-preview:large, max-video-preview:-1\" \/>\n<link rel=\"canonical\" href=\"https:\/\/xkton.com\/fr\/product\/t-shirt-st-jerome-the-trumpets-of-the-last-judgment\/\" \/>\n<meta property=\"og:locale\" content=\"fr_CA\" \/>\n<meta property=\"og:type\" content=\"article\" \/>\n<meta property=\"og:title\" content=\"St Jerome &amp; the Trumpets of the Last Judgment | Orthodox T-Shirt &#8212; Xkton\" \/>\n<meta property=\"og:description\" content=\"Punk\/metal\/hardcore style Christian T-shirt of St Jerome hearing the trumpets of the Last Judgment. Hearken to the sound of the hymns of the trumpets of the Last Judgment.\" \/>\n<meta property=\"og:url\" content=\"https:\/\/xkton.com\/fr\/product\/t-shirt-st-jerome-the-trumpets-of-the-last-judgment\/\" \/>\n<meta property=\"og:site_name\" content=\"Xkton\" \/>\n<meta property=\"article:publisher\" content=\"https:\/\/www.facebook.com\/xktonstore\" \/>\n<meta property=\"article:modified_time\" content=\"2025-09-03T13:02:14+00:00\" \/>\n<meta property=\"og:image\" content=\"https:\/\/xkton.com\/wp-content\/uploads\/2023\/11\/mockup_jerome_black_en-1.jpg\" \/>\n\t<meta property=\"og:image:width\" content=\"1200\" \/>\n\t<meta property=\"og:image:height\" content=\"1500\" \/>\n\t<meta property=\"og:image:type\" content=\"image\/jpeg\" \/>\n<meta name=\"twitter:card\" content=\"summary_large_image\" \/>\n<meta name=\"twitter:label1\" content=\"Availability\" \/>\n\t<meta name=\"twitter:data1\" content=\"In stock\" \/>\n<script type=\"application\/ld+json\" class=\"yoast-schema-graph\">{\"@context\":\"https:\\\/\\\/schema.org\",\"@graph\":[{\"@type\":[\"WebPage\",\"ItemPage\"],\"@id\":\"https:\\\/\\\/xkton.com\\\/product\\\/t-shirt-st-jerome-the-trumpets-of-the-last-judgment\\\/\",\"url\":\"https:\\\/\\\/xkton.com\\\/product\\\/t-shirt-st-jerome-the-trumpets-of-the-last-judgment\\\/\",\"name\":\"St Jerome & the Trumpets of the Last Judgment | Orthodox T-Shirt &#8212; Xkton\",\"isPartOf\":{\"@id\":\"https:\\\/\\\/xkton.com\\\/#website\"},\"primaryImageOfPage\":{\"@id\":\"https:\\\/\\\/xkton.com\\\/product\\\/t-shirt-st-jerome-the-trumpets-of-the-last-judgment\\\/#primaryimage\"},\"image\":{\"@id\":\"https:\\\/\\\/xkton.com\\\/product\\\/t-shirt-st-jerome-the-trumpets-of-the-last-judgment\\\/#primaryimage\"},\"thumbnailUrl\":\"https:\\\/\\\/xkton.com\\\/wp-content\\\/uploads\\\/2023\\\/11\\\/mockup_jerome_black_en-1.jpg\",\"datePublished\":\"2023-11-18T15:32:11+00:00\",\"dateModified\":\"2025-09-03T13:02:14+00:00\",\"description\":\"Punk\\\/metal\\\/hardcore style Christian T-shirt of St Jerome hearing the trumpets of the Last Judgment. Hearken to the sound of the hymns of the trumpets of the Last Judgment.\",\"breadcrumb\":{\"@id\":\"https:\\\/\\\/xkton.com\\\/product\\\/t-shirt-st-jerome-the-trumpets-of-the-last-judgment\\\/#breadcrumb\"},\"inLanguage\":\"fr-CA\",\"potentialAction\":[{\"@type\":\"ReadAction\",\"target\":[\"https:\\\/\\\/xkton.com\\\/product\\\/t-shirt-st-jerome-the-trumpets-of-the-last-judgment\\\/\"]}]},{\"@type\":\"ImageObject\",\"inLanguage\":\"fr-CA\",\"@id\":\"https:\\\/\\\/xkton.com\\\/product\\\/t-shirt-st-jerome-the-trumpets-of-the-last-judgment\\\/#primaryimage\",\"url\":\"https:\\\/\\\/xkton.com\\\/wp-content\\\/uploads\\\/2023\\\/11\\\/mockup_jerome_black_en-1.jpg\",\"contentUrl\":\"https:\\\/\\\/xkton.com\\\/wp-content\\\/uploads\\\/2023\\\/11\\\/mockup_jerome_black_en-1.jpg\",\"width\":1200,\"height\":1500,\"caption\":\"T-Shirt of Saint Jerome hearing the trumpets of the Last Judgment\"},{\"@type\":\"BreadcrumbList\",\"@id\":\"https:\\\/\\\/xkton.com\\\/product\\\/t-shirt-st-jerome-the-trumpets-of-the-last-judgment\\\/#breadcrumb\",\"itemListElement\":[{\"@type\":\"ListItem\",\"position\":1,\"name\":\"Home\",\"item\":\"https:\\\/\\\/xkton.com\\\/\"},{\"@type\":\"ListItem\",\"position\":2,\"name\":\"Orthodox Apparel &#8211; Christian Clothing Store\",\"item\":\"https:\\\/\\\/xkton.com\\\/\"},{\"@type\":\"ListItem\",\"position\":3,\"name\":\"St Jerome &#038; the Trumpets of the Last Judgment | Orthodox T-Shirt\"}]},{\"@type\":\"WebSite\",\"@id\":\"https:\\\/\\\/xkton.com\\\/#website\",\"url\":\"https:\\\/\\\/xkton.com\\\/\",\"name\":\"Xkton\",\"description\":\"Apparel for Christians living the Eschaton\",\"publisher\":{\"@id\":\"https:\\\/\\\/xkton.com\\\/#organization\"},\"potentialAction\":[{\"@type\":\"SearchAction\",\"target\":{\"@type\":\"EntryPoint\",\"urlTemplate\":\"https:\\\/\\\/xkton.com\\\/?s={search_term_string}\"},\"query-input\":{\"@type\":\"PropertyValueSpecification\",\"valueRequired\":true,\"valueName\":\"search_term_string\"}}],\"inLanguage\":\"fr-CA\"},{\"@type\":\"Organization\",\"@id\":\"https:\\\/\\\/xkton.com\\\/#organization\",\"name\":\"Xkton - Orthodox Christian Apparel\",\"alternateName\":\"Xkton\",\"url\":\"https:\\\/\\\/xkton.com\\\/\",\"logo\":{\"@type\":\"ImageObject\",\"inLanguage\":\"fr-CA\",\"@id\":\"https:\\\/\\\/xkton.com\\\/#\\\/schema\\\/logo\\\/image\\\/\",\"url\":\"https:\\\/\\\/xkton.com\\\/wp-content\\\/uploads\\\/2023\\\/11\\\/xkton_small.png\",\"contentUrl\":\"https:\\\/\\\/xkton.com\\\/wp-content\\\/uploads\\\/2023\\\/11\\\/xkton_small.png\",\"width\":145,\"height\":200,\"caption\":\"Xkton - Orthodox Christian Apparel\"},\"image\":{\"@id\":\"https:\\\/\\\/xkton.com\\\/#\\\/schema\\\/logo\\\/image\\\/\"},\"sameAs\":[\"https:\\\/\\\/www.facebook.com\\\/xktonstore\",\"https:\\\/\\\/www.instagram.com\\\/xkton_\"],\"hasMerchantReturnPolicy\":{\"@type\":\"MerchantReturnPolicy\",\"merchantReturnLink\":\"https:\\\/\\\/xkton.com\\\/fr\\\/terms-and-conditions\\\/\"}}]}<\/script>\n<meta property=\"og:availability\" content=\"instock\" \/>\n<meta property=\"product:availability\" content=\"instock\" \/>\n<meta property=\"product:condition\" content=\"new\" \/>\n<!-- \/ Yoast SEO plugin. -->","yoast_head_json":{"title":"St Jerome & the Trumpets of the Last Judgment | Orthodox T-Shirt &#8212; Xkton","description":"Punk\/metal\/hardcore style Christian T-shirt of St Jerome hearing the trumpets of the Last Judgment. Hearken to the sound of the hymns of the trumpets of the Last Judgment.","robots":{"index":"index","follow":"follow","max-snippet":"max-snippet:-1","max-image-preview":"max-image-preview:large","max-video-preview":"max-video-preview:-1"},"canonical":"https:\/\/xkton.com\/fr\/product\/t-shirt-st-jerome-the-trumpets-of-the-last-judgment\/","og_locale":"fr_CA","og_type":"article","og_title":"St Jerome & the Trumpets of the Last Judgment | Orthodox T-Shirt &#8212; Xkton","og_description":"Punk\/metal\/hardcore style Christian T-shirt of St Jerome hearing the trumpets of the Last Judgment. Hearken to the sound of the hymns of the trumpets of the Last Judgment.","og_url":"https:\/\/xkton.com\/fr\/product\/t-shirt-st-jerome-the-trumpets-of-the-last-judgment\/","og_site_name":"Xkton","article_publisher":"https:\/\/www.facebook.com\/xktonstore","article_modified_time":"2025-09-03T13:02:14+00:00","og_image":[{"width":1200,"height":1500,"url":"https:\/\/xkton.com\/wp-content\/uploads\/2023\/11\/mockup_jerome_black_en-1.jpg","type":"image\/jpeg"}],"twitter_card":"summary_large_image","twitter_misc":{"Availability":"In stock"},"schema":{"@context":"https:\/\/schema.org","@graph":[{"@type":["WebPage","ItemPage"],"@id":"https:\/\/xkton.com\/product\/t-shirt-st-jerome-the-trumpets-of-the-last-judgment\/","url":"https:\/\/xkton.com\/product\/t-shirt-st-jerome-the-trumpets-of-the-last-judgment\/","name":"St Jerome & the Trumpets of the Last Judgment | Orthodox T-Shirt &#8212; Xkton","isPartOf":{"@id":"https:\/\/xkton.com\/#website"},"primaryImageOfPage":{"@id":"https:\/\/xkton.com\/product\/t-shirt-st-jerome-the-trumpets-of-the-last-judgment\/#primaryimage"},"image":{"@id":"https:\/\/xkton.com\/product\/t-shirt-st-jerome-the-trumpets-of-the-last-judgment\/#primaryimage"},"thumbnailUrl":"https:\/\/xkton.com\/wp-content\/uploads\/2023\/11\/mockup_jerome_black_en-1.jpg","datePublished":"2023-11-18T15:32:11+00:00","dateModified":"2025-09-03T13:02:14+00:00","description":"Punk\/metal\/hardcore style Christian T-shirt of St Jerome hearing the trumpets of the Last Judgment. Hearken to the sound of the hymns of the trumpets of the Last Judgment.","breadcrumb":{"@id":"https:\/\/xkton.com\/product\/t-shirt-st-jerome-the-trumpets-of-the-last-judgment\/#breadcrumb"},"inLanguage":"fr-CA","potentialAction":[{"@type":"ReadAction","target":["https:\/\/xkton.com\/product\/t-shirt-st-jerome-the-trumpets-of-the-last-judgment\/"]}]},{"@type":"ImageObject","inLanguage":"fr-CA","@id":"https:\/\/xkton.com\/product\/t-shirt-st-jerome-the-trumpets-of-the-last-judgment\/#primaryimage","url":"https:\/\/xkton.com\/wp-content\/uploads\/2023\/11\/mockup_jerome_black_en-1.jpg","contentUrl":"https:\/\/xkton.com\/wp-content\/uploads\/2023\/11\/mockup_jerome_black_en-1.jpg","width":1200,"height":1500,"caption":"T-Shirt of Saint Jerome hearing the trumpets of the Last Judgment"},{"@type":"BreadcrumbList","@id":"https:\/\/xkton.com\/product\/t-shirt-st-jerome-the-trumpets-of-the-last-judgment\/#breadcrumb","itemListElement":[{"@type":"ListItem","position":1,"name":"Home","item":"https:\/\/xkton.com\/"},{"@type":"ListItem","position":2,"name":"Orthodox Apparel &#8211; Christian Clothing Store","item":"https:\/\/xkton.com\/"},{"@type":"ListItem","position":3,"name":"St Jerome &#038; the Trumpets of the Last Judgment | Orthodox T-Shirt"}]},{"@type":"WebSite","@id":"https:\/\/xkton.com\/#website","url":"https:\/\/xkton.com\/","name":"Xkton","description":"Apparel for Christians living the Eschaton","publisher":{"@id":"https:\/\/xkton.com\/#organization"},"potentialAction":[{"@type":"SearchAction","target":{"@type":"EntryPoint","urlTemplate":"https:\/\/xkton.com\/?s={search_term_string}"},"query-input":{"@type":"PropertyValueSpecification","valueRequired":true,"valueName":"search_term_string"}}],"inLanguage":"fr-CA"},{"@type":"Organization","@id":"https:\/\/xkton.com\/#organization","name":"Xkton - Orthodox Christian Apparel","alternateName":"Xkton","url":"https:\/\/xkton.com\/","logo":{"@type":"ImageObject","inLanguage":"fr-CA","@id":"https:\/\/xkton.com\/#\/schema\/logo\/image\/","url":"https:\/\/xkton.com\/wp-content\/uploads\/2023\/11\/xkton_small.png","contentUrl":"https:\/\/xkton.com\/wp-content\/uploads\/2023\/11\/xkton_small.png","width":145,"height":200,"caption":"Xkton - Orthodox Christian Apparel"},"image":{"@id":"https:\/\/xkton.com\/#\/schema\/logo\/image\/"},"sameAs":["https:\/\/www.facebook.com\/xktonstore","https:\/\/www.instagram.com\/xkton_"],"hasMerchantReturnPolicy":{"@type":"MerchantReturnPolicy","merchantReturnLink":"https:\/\/xkton.com\/fr\/terms-and-conditions\/"}}]},"og_availability":"instock","product_availability":"instock","product_condition":"new"},"_links":{"self":[{"href":"https:\/\/xkton.com\/fr\/wp-json\/wp\/v2\/product\/2083","targetHints":{"allow":["GET"]}}],"collection":[{"href":"https:\/\/xkton.com\/fr\/wp-json\/wp\/v2\/product"}],"about":[{"href":"https:\/\/xkton.com\/fr\/wp-json\/wp\/v2\/types\/product"}],"wp:featuredmedia":[{"embeddable":true,"href":"https:\/\/xkton.com\/fr\/wp-json\/wp\/v2\/media\/2183"}],"wp:attachment":[{"href":"https:\/\/xkton.com\/fr\/wp-json\/wp\/v2\/media?parent=2083"}],"wp:term":[{"taxonomy":"product_brand","embeddable":true,"href":"https:\/\/xkton.com\/fr\/wp-json\/wp\/v2\/product_brand?post=2083"},{"taxonomy":"product_cat","embeddable":true,"href":"https:\/\/xkton.com\/fr\/wp-json\/wp\/v2\/product_cat?post=2083"},{"taxonomy":"product_tag","embeddable":true,"href":"https:\/\/xkton.com\/fr\/wp-json\/wp\/v2\/product_tag?post=2083"}],"curies":[{"name":"wp","href":"https:\/\/api.w.org\/{rel}","templated":true}]}}