{"id":2131,"date":"2023-11-25T19:42:09","date_gmt":"2023-11-26T00:42:09","guid":{"rendered":"https:\/\/xkton.com\/?post_type=product&#038;p=2131"},"modified":"2025-09-03T09:02:08","modified_gmt":"2025-09-03T13:02:08","slug":"t-shirt-archangel-raphael-slay-the-dragon","status":"publish","type":"product","link":"https:\/\/xkton.com\/fr\/product\/t-shirt-archangel-raphael-slay-the-dragon\/","title":{"rendered":"Archange Rapha\u00ebl, Vaincre le dragon | T-shirt orthodoxe"},"content":{"rendered":"<h4>Archange Rapha\u00ebl<\/h4>\n<p>Ce T-shirt chr\u00e9tien confortable pr\u00e9sente un dessin personnalis\u00e9 de l'archange Rapha\u00ebl vainquant le d\u00e9mon de la luxure repr\u00e9sent\u00e9 sous la forme d'un dragon, d'apr\u00e8s la peinture\u00a0<em>Le mariage de Tobias et Sarah<\/em> par Jan Steen. On y lit : \u201cVaincre le dragon\u201d et \u201cArchange Rapha\u00ebl\u201d.<\/p>","protected":false},"excerpt":{"rendered":"<p>VAINCRE LE DRAGON<\/p>\n<p>Archange Rapha\u00ebl<\/p>","protected":false},"featured_media":2181,"template":"","meta":[],"product_brand":[],"product_cat":[36],"product_tag":[],"class_list":{"0":"post-2131","1":"product","2":"type-product","3":"status-publish","4":"has-post-thumbnail","6":"product_cat-apparel","8":"first","9":"instock","10":"shipping-taxable","11":"purchasable","12":"product-type-variable"},"yoast_head":"<!-- This site is optimized with the Yoast SEO plugin v27.4 - https:\/\/yoast.com\/product\/yoast-seo-wordpress\/ -->\n<title>Archangel Raphael, Slay the Dragon | Orthodox T-Shirt &#8212; Xkton<\/title>\n<meta name=\"description\" content=\"Punk\/metal\/hardcore style Christian T-shirt of the Archangel Raphael slaying the Dragon based on a painting of Jan Steen.\" \/>\n<meta name=\"robots\" content=\"index, follow, max-snippet:-1, max-image-preview:large, max-video-preview:-1\" \/>\n<link rel=\"canonical\" href=\"https:\/\/xkton.com\/fr\/product\/t-shirt-archangel-raphael-slay-the-dragon\/\" \/>\n<meta property=\"og:locale\" content=\"fr_CA\" \/>\n<meta property=\"og:type\" content=\"article\" \/>\n<meta property=\"og:title\" content=\"Archangel Raphael, Slay the Dragon | Orthodox T-Shirt &#8212; Xkton\" \/>\n<meta property=\"og:description\" content=\"Punk\/metal\/hardcore style Christian T-shirt of the Archangel Raphael slaying the Dragon based on a painting of Jan Steen.\" \/>\n<meta property=\"og:url\" content=\"https:\/\/xkton.com\/fr\/product\/t-shirt-archangel-raphael-slay-the-dragon\/\" \/>\n<meta property=\"og:site_name\" content=\"Xkton\" \/>\n<meta property=\"article:publisher\" content=\"https:\/\/www.facebook.com\/xktonstore\" \/>\n<meta property=\"article:modified_time\" content=\"2025-09-03T13:02:08+00:00\" \/>\n<meta property=\"og:image\" content=\"https:\/\/xkton.com\/wp-content\/uploads\/2023\/11\/mockup_raphael_white_en-1.jpg\" \/>\n\t<meta property=\"og:image:width\" content=\"1200\" \/>\n\t<meta property=\"og:image:height\" content=\"1500\" \/>\n\t<meta property=\"og:image:type\" content=\"image\/jpeg\" \/>\n<meta name=\"twitter:card\" content=\"summary_large_image\" \/>\n<meta name=\"twitter:label1\" content=\"Availability\" \/>\n\t<meta name=\"twitter:data1\" content=\"In stock\" \/>\n<script type=\"application\/ld+json\" class=\"yoast-schema-graph\">{\"@context\":\"https:\\\/\\\/schema.org\",\"@graph\":[{\"@type\":[\"WebPage\",\"ItemPage\"],\"@id\":\"https:\\\/\\\/xkton.com\\\/product\\\/t-shirt-archangel-raphael-slay-the-dragon\\\/\",\"url\":\"https:\\\/\\\/xkton.com\\\/product\\\/t-shirt-archangel-raphael-slay-the-dragon\\\/\",\"name\":\"Archangel Raphael, Slay the Dragon | Orthodox T-Shirt &#8212; Xkton\",\"isPartOf\":{\"@id\":\"https:\\\/\\\/xkton.com\\\/#website\"},\"primaryImageOfPage\":{\"@id\":\"https:\\\/\\\/xkton.com\\\/product\\\/t-shirt-archangel-raphael-slay-the-dragon\\\/#primaryimage\"},\"image\":{\"@id\":\"https:\\\/\\\/xkton.com\\\/product\\\/t-shirt-archangel-raphael-slay-the-dragon\\\/#primaryimage\"},\"thumbnailUrl\":\"https:\\\/\\\/xkton.com\\\/wp-content\\\/uploads\\\/2023\\\/11\\\/mockup_raphael_white_en-1.jpg\",\"datePublished\":\"2023-11-26T00:42:09+00:00\",\"dateModified\":\"2025-09-03T13:02:08+00:00\",\"description\":\"Punk\\\/metal\\\/hardcore style Christian T-shirt of the Archangel Raphael slaying the Dragon based on a painting of Jan Steen.\",\"breadcrumb\":{\"@id\":\"https:\\\/\\\/xkton.com\\\/product\\\/t-shirt-archangel-raphael-slay-the-dragon\\\/#breadcrumb\"},\"inLanguage\":\"fr-CA\",\"potentialAction\":[{\"@type\":\"ReadAction\",\"target\":[\"https:\\\/\\\/xkton.com\\\/product\\\/t-shirt-archangel-raphael-slay-the-dragon\\\/\"]}]},{\"@type\":\"ImageObject\",\"inLanguage\":\"fr-CA\",\"@id\":\"https:\\\/\\\/xkton.com\\\/product\\\/t-shirt-archangel-raphael-slay-the-dragon\\\/#primaryimage\",\"url\":\"https:\\\/\\\/xkton.com\\\/wp-content\\\/uploads\\\/2023\\\/11\\\/mockup_raphael_white_en-1.jpg\",\"contentUrl\":\"https:\\\/\\\/xkton.com\\\/wp-content\\\/uploads\\\/2023\\\/11\\\/mockup_raphael_white_en-1.jpg\",\"width\":1200,\"height\":1500,\"caption\":\"T-Shirt of Archangel Raphael slaying the Dragon\"},{\"@type\":\"BreadcrumbList\",\"@id\":\"https:\\\/\\\/xkton.com\\\/product\\\/t-shirt-archangel-raphael-slay-the-dragon\\\/#breadcrumb\",\"itemListElement\":[{\"@type\":\"ListItem\",\"position\":1,\"name\":\"Home\",\"item\":\"https:\\\/\\\/xkton.com\\\/\"},{\"@type\":\"ListItem\",\"position\":2,\"name\":\"Orthodox Apparel &#8211; Christian Clothing Store\",\"item\":\"https:\\\/\\\/xkton.com\\\/\"},{\"@type\":\"ListItem\",\"position\":3,\"name\":\"Archangel Raphael, Slay the Dragon | Orthodox T-Shirt\"}]},{\"@type\":\"WebSite\",\"@id\":\"https:\\\/\\\/xkton.com\\\/#website\",\"url\":\"https:\\\/\\\/xkton.com\\\/\",\"name\":\"Xkton\",\"description\":\"Apparel for Christians living the Eschaton\",\"publisher\":{\"@id\":\"https:\\\/\\\/xkton.com\\\/#organization\"},\"potentialAction\":[{\"@type\":\"SearchAction\",\"target\":{\"@type\":\"EntryPoint\",\"urlTemplate\":\"https:\\\/\\\/xkton.com\\\/?s={search_term_string}\"},\"query-input\":{\"@type\":\"PropertyValueSpecification\",\"valueRequired\":true,\"valueName\":\"search_term_string\"}}],\"inLanguage\":\"fr-CA\"},{\"@type\":\"Organization\",\"@id\":\"https:\\\/\\\/xkton.com\\\/#organization\",\"name\":\"Xkton - Orthodox Christian Apparel\",\"alternateName\":\"Xkton\",\"url\":\"https:\\\/\\\/xkton.com\\\/\",\"logo\":{\"@type\":\"ImageObject\",\"inLanguage\":\"fr-CA\",\"@id\":\"https:\\\/\\\/xkton.com\\\/#\\\/schema\\\/logo\\\/image\\\/\",\"url\":\"https:\\\/\\\/xkton.com\\\/wp-content\\\/uploads\\\/2023\\\/11\\\/xkton_small.png\",\"contentUrl\":\"https:\\\/\\\/xkton.com\\\/wp-content\\\/uploads\\\/2023\\\/11\\\/xkton_small.png\",\"width\":145,\"height\":200,\"caption\":\"Xkton - Orthodox Christian Apparel\"},\"image\":{\"@id\":\"https:\\\/\\\/xkton.com\\\/#\\\/schema\\\/logo\\\/image\\\/\"},\"sameAs\":[\"https:\\\/\\\/www.facebook.com\\\/xktonstore\",\"https:\\\/\\\/www.instagram.com\\\/xkton_\"],\"hasMerchantReturnPolicy\":{\"@type\":\"MerchantReturnPolicy\",\"merchantReturnLink\":\"https:\\\/\\\/xkton.com\\\/fr\\\/terms-and-conditions\\\/\"}}]}<\/script>\n<meta property=\"og:availability\" content=\"instock\" \/>\n<meta property=\"product:availability\" content=\"instock\" \/>\n<meta property=\"product:condition\" content=\"new\" \/>\n<!-- \/ Yoast SEO plugin. -->","yoast_head_json":{"title":"Archangel Raphael, Slay the Dragon | Orthodox T-Shirt &#8212; Xkton","description":"Punk\/metal\/hardcore style Christian T-shirt of the Archangel Raphael slaying the Dragon based on a painting of Jan Steen.","robots":{"index":"index","follow":"follow","max-snippet":"max-snippet:-1","max-image-preview":"max-image-preview:large","max-video-preview":"max-video-preview:-1"},"canonical":"https:\/\/xkton.com\/fr\/product\/t-shirt-archangel-raphael-slay-the-dragon\/","og_locale":"fr_CA","og_type":"article","og_title":"Archangel Raphael, Slay the Dragon | Orthodox T-Shirt &#8212; Xkton","og_description":"Punk\/metal\/hardcore style Christian T-shirt of the Archangel Raphael slaying the Dragon based on a painting of Jan Steen.","og_url":"https:\/\/xkton.com\/fr\/product\/t-shirt-archangel-raphael-slay-the-dragon\/","og_site_name":"Xkton","article_publisher":"https:\/\/www.facebook.com\/xktonstore","article_modified_time":"2025-09-03T13:02:08+00:00","og_image":[{"width":1200,"height":1500,"url":"https:\/\/xkton.com\/wp-content\/uploads\/2023\/11\/mockup_raphael_white_en-1.jpg","type":"image\/jpeg"}],"twitter_card":"summary_large_image","twitter_misc":{"Availability":"In stock"},"schema":{"@context":"https:\/\/schema.org","@graph":[{"@type":["WebPage","ItemPage"],"@id":"https:\/\/xkton.com\/product\/t-shirt-archangel-raphael-slay-the-dragon\/","url":"https:\/\/xkton.com\/product\/t-shirt-archangel-raphael-slay-the-dragon\/","name":"Archangel Raphael, Slay the Dragon | Orthodox T-Shirt &#8212; Xkton","isPartOf":{"@id":"https:\/\/xkton.com\/#website"},"primaryImageOfPage":{"@id":"https:\/\/xkton.com\/product\/t-shirt-archangel-raphael-slay-the-dragon\/#primaryimage"},"image":{"@id":"https:\/\/xkton.com\/product\/t-shirt-archangel-raphael-slay-the-dragon\/#primaryimage"},"thumbnailUrl":"https:\/\/xkton.com\/wp-content\/uploads\/2023\/11\/mockup_raphael_white_en-1.jpg","datePublished":"2023-11-26T00:42:09+00:00","dateModified":"2025-09-03T13:02:08+00:00","description":"Punk\/metal\/hardcore style Christian T-shirt of the Archangel Raphael slaying the Dragon based on a painting of Jan Steen.","breadcrumb":{"@id":"https:\/\/xkton.com\/product\/t-shirt-archangel-raphael-slay-the-dragon\/#breadcrumb"},"inLanguage":"fr-CA","potentialAction":[{"@type":"ReadAction","target":["https:\/\/xkton.com\/product\/t-shirt-archangel-raphael-slay-the-dragon\/"]}]},{"@type":"ImageObject","inLanguage":"fr-CA","@id":"https:\/\/xkton.com\/product\/t-shirt-archangel-raphael-slay-the-dragon\/#primaryimage","url":"https:\/\/xkton.com\/wp-content\/uploads\/2023\/11\/mockup_raphael_white_en-1.jpg","contentUrl":"https:\/\/xkton.com\/wp-content\/uploads\/2023\/11\/mockup_raphael_white_en-1.jpg","width":1200,"height":1500,"caption":"T-Shirt of Archangel Raphael slaying the Dragon"},{"@type":"BreadcrumbList","@id":"https:\/\/xkton.com\/product\/t-shirt-archangel-raphael-slay-the-dragon\/#breadcrumb","itemListElement":[{"@type":"ListItem","position":1,"name":"Home","item":"https:\/\/xkton.com\/"},{"@type":"ListItem","position":2,"name":"Orthodox Apparel &#8211; Christian Clothing Store","item":"https:\/\/xkton.com\/"},{"@type":"ListItem","position":3,"name":"Archangel Raphael, Slay the Dragon | Orthodox T-Shirt"}]},{"@type":"WebSite","@id":"https:\/\/xkton.com\/#website","url":"https:\/\/xkton.com\/","name":"Xkton","description":"Apparel for Christians living the Eschaton","publisher":{"@id":"https:\/\/xkton.com\/#organization"},"potentialAction":[{"@type":"SearchAction","target":{"@type":"EntryPoint","urlTemplate":"https:\/\/xkton.com\/?s={search_term_string}"},"query-input":{"@type":"PropertyValueSpecification","valueRequired":true,"valueName":"search_term_string"}}],"inLanguage":"fr-CA"},{"@type":"Organization","@id":"https:\/\/xkton.com\/#organization","name":"Xkton - Orthodox Christian Apparel","alternateName":"Xkton","url":"https:\/\/xkton.com\/","logo":{"@type":"ImageObject","inLanguage":"fr-CA","@id":"https:\/\/xkton.com\/#\/schema\/logo\/image\/","url":"https:\/\/xkton.com\/wp-content\/uploads\/2023\/11\/xkton_small.png","contentUrl":"https:\/\/xkton.com\/wp-content\/uploads\/2023\/11\/xkton_small.png","width":145,"height":200,"caption":"Xkton - Orthodox Christian Apparel"},"image":{"@id":"https:\/\/xkton.com\/#\/schema\/logo\/image\/"},"sameAs":["https:\/\/www.facebook.com\/xktonstore","https:\/\/www.instagram.com\/xkton_"],"hasMerchantReturnPolicy":{"@type":"MerchantReturnPolicy","merchantReturnLink":"https:\/\/xkton.com\/fr\/terms-and-conditions\/"}}]},"og_availability":"instock","product_availability":"instock","product_condition":"new"},"_links":{"self":[{"href":"https:\/\/xkton.com\/fr\/wp-json\/wp\/v2\/product\/2131","targetHints":{"allow":["GET"]}}],"collection":[{"href":"https:\/\/xkton.com\/fr\/wp-json\/wp\/v2\/product"}],"about":[{"href":"https:\/\/xkton.com\/fr\/wp-json\/wp\/v2\/types\/product"}],"wp:featuredmedia":[{"embeddable":true,"href":"https:\/\/xkton.com\/fr\/wp-json\/wp\/v2\/media\/2181"}],"wp:attachment":[{"href":"https:\/\/xkton.com\/fr\/wp-json\/wp\/v2\/media?parent=2131"}],"wp:term":[{"taxonomy":"product_brand","embeddable":true,"href":"https:\/\/xkton.com\/fr\/wp-json\/wp\/v2\/product_brand?post=2131"},{"taxonomy":"product_cat","embeddable":true,"href":"https:\/\/xkton.com\/fr\/wp-json\/wp\/v2\/product_cat?post=2131"},{"taxonomy":"product_tag","embeddable":true,"href":"https:\/\/xkton.com\/fr\/wp-json\/wp\/v2\/product_tag?post=2131"}],"curies":[{"name":"wp","href":"https:\/\/api.w.org\/{rel}","templated":true}]}}