{"id":2352,"date":"2023-12-14T10:35:03","date_gmt":"2023-12-14T15:35:03","guid":{"rendered":"https:\/\/xkton.com\/?post_type=product&#038;p=2352"},"modified":"2026-01-08T09:54:44","modified_gmt":"2026-01-08T14:54:44","slug":"t-shirt-the-ladder-of-divine-ascent","status":"publish","type":"product","link":"https:\/\/xkton.com\/fr\/product\/t-shirt-the-ladder-of-divine-ascent\/","title":{"rendered":"L'\u00c9chelle sainte | T-shirt orthodoxe"},"content":{"rendered":"<h4>L'\u00c9chelle sainte<\/h4>\n<p>Ce T-shirt chr\u00e9tien confortable pr\u00e9sente un design personnalis\u00e9 de l'ic\u00f4ne de l' <em>L'\u00c9chelle sainte<\/em> de Saint Jean Climaque. On y lit : \u201cRenoncer \u00e0 ce monde\u201d et les principaux \u00e9l\u00e9ments des 30 chapitres des 30 marches de l'\u00e9chelle qui sont \u201casc\u00e9tisme et ob\u00e9issance \u2014  p\u00e9nitence et affliction \u2014 acquisition des virtues \u2014 humilit\u00e9, discernement et annihilation des passions \u2014 h\u00e9sychasme et apatheia\u201d.<\/p>\n<p>L'\u00a0<i>L'\u00c9chelle sainte<\/i>, tir\u00e9e de manuscrits datant des XIe et XIIe si\u00e8cles, repr\u00e9sente une \u00e9chelle de 30 marches menant au ciel. L'emplacement strat\u00e9gique de l'\u00e9chelle, qui coupe l'ic\u00f4ne en deux triangles compl\u00e9mentaires, repr\u00e9sente le ciel dans le triangle sup\u00e9rieur et la terre dans le triangle inf\u00e9rieur. Le chemin vers le sommet de l'\u00e9chelle, o\u00f9 J\u00e9sus tend ses mains ouvertes, est parsem\u00e9 de p\u00e9ch\u00e9s contre lesquels l'homme lutte int\u00e9rieurement, repr\u00e9sent\u00e9s par les d\u00e9mons pr\u00eats \u00e0 s'emparer des \u00e2mes de ceux qui manquent de pers\u00e9v\u00e9rance. L'acte de grimper repr\u00e9sente \u00e9galement la douleur physique, comme c'est le cas pour tout exercice qui d\u00e9fie la gravit\u00e9. En ce sens, le poids ressenti par les moines est \u00e0 la fois physique, mental et spirituel. L'ic\u00f4ne montre plusieurs exemples de moines qui ont c\u00e9d\u00e9 \u00e0 la tentation du p\u00e9ch\u00e9, comme des d\u00e9mons portant de sombres cha\u00eenes qui hissent leurs victimes sur l'\u00e9chelle de l'enfer.<\/p>","protected":false},"excerpt":{"rendered":"<p><strong>RENONCER \u00c0 CE MONDE<\/strong><\/p>\n<p>L'\u00c9chelle sainte<br \/>\nAsc\u00e9tisme et ob\u00e9issance<br \/>\nP\u00e9nitence et affliction<br \/>\nAcquisition des virtues<br \/>\nHumilit\u00e9, discernement et annihilation des passions<br \/>\nH\u00e9sychasme et apatheia<\/p>","protected":false},"featured_media":2411,"template":"","meta":[],"product_brand":[],"product_cat":[36],"product_tag":[],"class_list":{"0":"post-2352","1":"product","2":"type-product","3":"status-publish","4":"has-post-thumbnail","6":"product_cat-apparel","8":"first","9":"instock","10":"sale","11":"shipping-taxable","12":"purchasable","13":"product-type-variable"},"yoast_head":"<!-- This site is optimized with the Yoast SEO plugin v27.4 - https:\/\/yoast.com\/product\/yoast-seo-wordpress\/ -->\n<title>The Ladder of Divine Ascent | Orthodox T-Shirt &#8212; Xkton<\/title>\n<meta name=\"description\" content=\"Punk\/metal\/hardcore style Christian T-shirt of the Ladder of Divine Ascent by St John Climacus. Renounce the World and climb the Ladder of Divine Ascent.\" \/>\n<meta name=\"robots\" content=\"index, follow, max-snippet:-1, max-image-preview:large, max-video-preview:-1\" \/>\n<link rel=\"canonical\" href=\"https:\/\/xkton.com\/fr\/product\/t-shirt-the-ladder-of-divine-ascent\/\" \/>\n<meta property=\"og:locale\" content=\"fr_CA\" \/>\n<meta property=\"og:type\" content=\"article\" \/>\n<meta property=\"og:title\" content=\"The Ladder of Divine Ascent | Orthodox T-Shirt &#8212; Xkton\" \/>\n<meta property=\"og:description\" content=\"Punk\/metal\/hardcore style Christian T-shirt of the Ladder of Divine Ascent by St John Climacus. Renounce the World and climb the Ladder of Divine Ascent.\" \/>\n<meta property=\"og:url\" content=\"https:\/\/xkton.com\/fr\/product\/t-shirt-the-ladder-of-divine-ascent\/\" \/>\n<meta property=\"og:site_name\" content=\"Xkton\" \/>\n<meta property=\"article:publisher\" content=\"https:\/\/www.facebook.com\/xktonstore\" \/>\n<meta property=\"article:modified_time\" content=\"2026-01-08T14:54:44+00:00\" \/>\n<meta property=\"og:image\" content=\"https:\/\/xkton.com\/wp-content\/uploads\/2023\/12\/mockup_ladder_white_en.jpg\" \/>\n\t<meta property=\"og:image:width\" content=\"1200\" \/>\n\t<meta property=\"og:image:height\" content=\"1500\" \/>\n\t<meta property=\"og:image:type\" content=\"image\/jpeg\" \/>\n<meta name=\"twitter:card\" content=\"summary_large_image\" \/>\n<meta name=\"twitter:label1\" content=\"Availability\" \/>\n\t<meta name=\"twitter:data1\" content=\"In stock\" \/>\n<script type=\"application\/ld+json\" class=\"yoast-schema-graph\">{\"@context\":\"https:\\\/\\\/schema.org\",\"@graph\":[{\"@type\":[\"WebPage\",\"ItemPage\"],\"@id\":\"https:\\\/\\\/xkton.com\\\/product\\\/t-shirt-the-ladder-of-divine-ascent\\\/\",\"url\":\"https:\\\/\\\/xkton.com\\\/product\\\/t-shirt-the-ladder-of-divine-ascent\\\/\",\"name\":\"The Ladder of Divine Ascent | Orthodox T-Shirt &#8212; Xkton\",\"isPartOf\":{\"@id\":\"https:\\\/\\\/xkton.com\\\/#website\"},\"primaryImageOfPage\":{\"@id\":\"https:\\\/\\\/xkton.com\\\/product\\\/t-shirt-the-ladder-of-divine-ascent\\\/#primaryimage\"},\"image\":{\"@id\":\"https:\\\/\\\/xkton.com\\\/product\\\/t-shirt-the-ladder-of-divine-ascent\\\/#primaryimage\"},\"thumbnailUrl\":\"https:\\\/\\\/xkton.com\\\/wp-content\\\/uploads\\\/2023\\\/12\\\/mockup_ladder_white_en.jpg\",\"datePublished\":\"2023-12-14T15:35:03+00:00\",\"dateModified\":\"2026-01-08T14:54:44+00:00\",\"description\":\"Punk\\\/metal\\\/hardcore style Christian T-shirt of the Ladder of Divine Ascent by St John Climacus. Renounce the World and climb the Ladder of Divine Ascent.\",\"breadcrumb\":{\"@id\":\"https:\\\/\\\/xkton.com\\\/product\\\/t-shirt-the-ladder-of-divine-ascent\\\/#breadcrumb\"},\"inLanguage\":\"fr-CA\",\"potentialAction\":[{\"@type\":\"ReadAction\",\"target\":[\"https:\\\/\\\/xkton.com\\\/product\\\/t-shirt-the-ladder-of-divine-ascent\\\/\"]}]},{\"@type\":\"ImageObject\",\"inLanguage\":\"fr-CA\",\"@id\":\"https:\\\/\\\/xkton.com\\\/product\\\/t-shirt-the-ladder-of-divine-ascent\\\/#primaryimage\",\"url\":\"https:\\\/\\\/xkton.com\\\/wp-content\\\/uploads\\\/2023\\\/12\\\/mockup_ladder_white_en.jpg\",\"contentUrl\":\"https:\\\/\\\/xkton.com\\\/wp-content\\\/uploads\\\/2023\\\/12\\\/mockup_ladder_white_en.jpg\",\"width\":1200,\"height\":1500,\"caption\":\"White T-Shirt of the Ladder of Divine Ascent.\"},{\"@type\":\"BreadcrumbList\",\"@id\":\"https:\\\/\\\/xkton.com\\\/product\\\/t-shirt-the-ladder-of-divine-ascent\\\/#breadcrumb\",\"itemListElement\":[{\"@type\":\"ListItem\",\"position\":1,\"name\":\"Home\",\"item\":\"https:\\\/\\\/xkton.com\\\/\"},{\"@type\":\"ListItem\",\"position\":2,\"name\":\"Orthodox Apparel &#8211; Christian Clothing Store\",\"item\":\"https:\\\/\\\/xkton.com\\\/\"},{\"@type\":\"ListItem\",\"position\":3,\"name\":\"The Ladder of Divine Ascent | Orthodox T-Shirt\"}]},{\"@type\":\"WebSite\",\"@id\":\"https:\\\/\\\/xkton.com\\\/#website\",\"url\":\"https:\\\/\\\/xkton.com\\\/\",\"name\":\"Xkton\",\"description\":\"Apparel for Christians living the Eschaton\",\"publisher\":{\"@id\":\"https:\\\/\\\/xkton.com\\\/#organization\"},\"potentialAction\":[{\"@type\":\"SearchAction\",\"target\":{\"@type\":\"EntryPoint\",\"urlTemplate\":\"https:\\\/\\\/xkton.com\\\/?s={search_term_string}\"},\"query-input\":{\"@type\":\"PropertyValueSpecification\",\"valueRequired\":true,\"valueName\":\"search_term_string\"}}],\"inLanguage\":\"fr-CA\"},{\"@type\":\"Organization\",\"@id\":\"https:\\\/\\\/xkton.com\\\/#organization\",\"name\":\"Xkton - Orthodox Christian Apparel\",\"alternateName\":\"Xkton\",\"url\":\"https:\\\/\\\/xkton.com\\\/\",\"logo\":{\"@type\":\"ImageObject\",\"inLanguage\":\"fr-CA\",\"@id\":\"https:\\\/\\\/xkton.com\\\/#\\\/schema\\\/logo\\\/image\\\/\",\"url\":\"https:\\\/\\\/xkton.com\\\/wp-content\\\/uploads\\\/2023\\\/11\\\/xkton_small.png\",\"contentUrl\":\"https:\\\/\\\/xkton.com\\\/wp-content\\\/uploads\\\/2023\\\/11\\\/xkton_small.png\",\"width\":145,\"height\":200,\"caption\":\"Xkton - Orthodox Christian Apparel\"},\"image\":{\"@id\":\"https:\\\/\\\/xkton.com\\\/#\\\/schema\\\/logo\\\/image\\\/\"},\"sameAs\":[\"https:\\\/\\\/www.facebook.com\\\/xktonstore\",\"https:\\\/\\\/www.instagram.com\\\/xkton_\"],\"hasMerchantReturnPolicy\":{\"@type\":\"MerchantReturnPolicy\",\"merchantReturnLink\":\"https:\\\/\\\/xkton.com\\\/fr\\\/terms-and-conditions\\\/\"}}]}<\/script>\n<meta property=\"og:availability\" content=\"instock\" \/>\n<meta property=\"product:availability\" content=\"instock\" \/>\n<meta property=\"product:condition\" content=\"new\" \/>\n<!-- \/ Yoast SEO plugin. -->","yoast_head_json":{"title":"The Ladder of Divine Ascent | Orthodox T-Shirt &#8212; Xkton","description":"Punk\/metal\/hardcore style Christian T-shirt of the Ladder of Divine Ascent by St John Climacus. Renounce the World and climb the Ladder of Divine Ascent.","robots":{"index":"index","follow":"follow","max-snippet":"max-snippet:-1","max-image-preview":"max-image-preview:large","max-video-preview":"max-video-preview:-1"},"canonical":"https:\/\/xkton.com\/fr\/product\/t-shirt-the-ladder-of-divine-ascent\/","og_locale":"fr_CA","og_type":"article","og_title":"The Ladder of Divine Ascent | Orthodox T-Shirt &#8212; Xkton","og_description":"Punk\/metal\/hardcore style Christian T-shirt of the Ladder of Divine Ascent by St John Climacus. Renounce the World and climb the Ladder of Divine Ascent.","og_url":"https:\/\/xkton.com\/fr\/product\/t-shirt-the-ladder-of-divine-ascent\/","og_site_name":"Xkton","article_publisher":"https:\/\/www.facebook.com\/xktonstore","article_modified_time":"2026-01-08T14:54:44+00:00","og_image":[{"width":1200,"height":1500,"url":"https:\/\/xkton.com\/wp-content\/uploads\/2023\/12\/mockup_ladder_white_en.jpg","type":"image\/jpeg"}],"twitter_card":"summary_large_image","twitter_misc":{"Availability":"In stock"},"schema":{"@context":"https:\/\/schema.org","@graph":[{"@type":["WebPage","ItemPage"],"@id":"https:\/\/xkton.com\/product\/t-shirt-the-ladder-of-divine-ascent\/","url":"https:\/\/xkton.com\/product\/t-shirt-the-ladder-of-divine-ascent\/","name":"The Ladder of Divine Ascent | Orthodox T-Shirt &#8212; Xkton","isPartOf":{"@id":"https:\/\/xkton.com\/#website"},"primaryImageOfPage":{"@id":"https:\/\/xkton.com\/product\/t-shirt-the-ladder-of-divine-ascent\/#primaryimage"},"image":{"@id":"https:\/\/xkton.com\/product\/t-shirt-the-ladder-of-divine-ascent\/#primaryimage"},"thumbnailUrl":"https:\/\/xkton.com\/wp-content\/uploads\/2023\/12\/mockup_ladder_white_en.jpg","datePublished":"2023-12-14T15:35:03+00:00","dateModified":"2026-01-08T14:54:44+00:00","description":"Punk\/metal\/hardcore style Christian T-shirt of the Ladder of Divine Ascent by St John Climacus. Renounce the World and climb the Ladder of Divine Ascent.","breadcrumb":{"@id":"https:\/\/xkton.com\/product\/t-shirt-the-ladder-of-divine-ascent\/#breadcrumb"},"inLanguage":"fr-CA","potentialAction":[{"@type":"ReadAction","target":["https:\/\/xkton.com\/product\/t-shirt-the-ladder-of-divine-ascent\/"]}]},{"@type":"ImageObject","inLanguage":"fr-CA","@id":"https:\/\/xkton.com\/product\/t-shirt-the-ladder-of-divine-ascent\/#primaryimage","url":"https:\/\/xkton.com\/wp-content\/uploads\/2023\/12\/mockup_ladder_white_en.jpg","contentUrl":"https:\/\/xkton.com\/wp-content\/uploads\/2023\/12\/mockup_ladder_white_en.jpg","width":1200,"height":1500,"caption":"White T-Shirt of the Ladder of Divine Ascent."},{"@type":"BreadcrumbList","@id":"https:\/\/xkton.com\/product\/t-shirt-the-ladder-of-divine-ascent\/#breadcrumb","itemListElement":[{"@type":"ListItem","position":1,"name":"Home","item":"https:\/\/xkton.com\/"},{"@type":"ListItem","position":2,"name":"Orthodox Apparel &#8211; Christian Clothing Store","item":"https:\/\/xkton.com\/"},{"@type":"ListItem","position":3,"name":"The Ladder of Divine Ascent | Orthodox T-Shirt"}]},{"@type":"WebSite","@id":"https:\/\/xkton.com\/#website","url":"https:\/\/xkton.com\/","name":"Xkton","description":"Apparel for Christians living the Eschaton","publisher":{"@id":"https:\/\/xkton.com\/#organization"},"potentialAction":[{"@type":"SearchAction","target":{"@type":"EntryPoint","urlTemplate":"https:\/\/xkton.com\/?s={search_term_string}"},"query-input":{"@type":"PropertyValueSpecification","valueRequired":true,"valueName":"search_term_string"}}],"inLanguage":"fr-CA"},{"@type":"Organization","@id":"https:\/\/xkton.com\/#organization","name":"Xkton - Orthodox Christian Apparel","alternateName":"Xkton","url":"https:\/\/xkton.com\/","logo":{"@type":"ImageObject","inLanguage":"fr-CA","@id":"https:\/\/xkton.com\/#\/schema\/logo\/image\/","url":"https:\/\/xkton.com\/wp-content\/uploads\/2023\/11\/xkton_small.png","contentUrl":"https:\/\/xkton.com\/wp-content\/uploads\/2023\/11\/xkton_small.png","width":145,"height":200,"caption":"Xkton - Orthodox Christian Apparel"},"image":{"@id":"https:\/\/xkton.com\/#\/schema\/logo\/image\/"},"sameAs":["https:\/\/www.facebook.com\/xktonstore","https:\/\/www.instagram.com\/xkton_"],"hasMerchantReturnPolicy":{"@type":"MerchantReturnPolicy","merchantReturnLink":"https:\/\/xkton.com\/fr\/terms-and-conditions\/"}}]},"og_availability":"instock","product_availability":"instock","product_condition":"new"},"_links":{"self":[{"href":"https:\/\/xkton.com\/fr\/wp-json\/wp\/v2\/product\/2352","targetHints":{"allow":["GET"]}}],"collection":[{"href":"https:\/\/xkton.com\/fr\/wp-json\/wp\/v2\/product"}],"about":[{"href":"https:\/\/xkton.com\/fr\/wp-json\/wp\/v2\/types\/product"}],"wp:featuredmedia":[{"embeddable":true,"href":"https:\/\/xkton.com\/fr\/wp-json\/wp\/v2\/media\/2411"}],"wp:attachment":[{"href":"https:\/\/xkton.com\/fr\/wp-json\/wp\/v2\/media?parent=2352"}],"wp:term":[{"taxonomy":"product_brand","embeddable":true,"href":"https:\/\/xkton.com\/fr\/wp-json\/wp\/v2\/product_brand?post=2352"},{"taxonomy":"product_cat","embeddable":true,"href":"https:\/\/xkton.com\/fr\/wp-json\/wp\/v2\/product_cat?post=2352"},{"taxonomy":"product_tag","embeddable":true,"href":"https:\/\/xkton.com\/fr\/wp-json\/wp\/v2\/product_tag?post=2352"}],"curies":[{"name":"wp","href":"https:\/\/api.w.org\/{rel}","templated":true}]}}