{"id":2459,"date":"2024-02-12T10:42:59","date_gmt":"2024-02-12T15:42:59","guid":{"rendered":"https:\/\/xkton.com\/?post_type=product&#038;p=2459"},"modified":"2025-09-03T09:01:55","modified_gmt":"2025-09-03T13:01:55","slug":"t-shirt-saint-christopher-the-shape-of-the-limit","status":"publish","type":"product","link":"https:\/\/xkton.com\/fr\/product\/t-shirt-saint-christopher-the-shape-of-the-limit\/","title":{"rendered":"Saint Christophe, la forme de la limite | T-shirt orthodoxe"},"content":{"rendered":"<h4>Le symbolisme de Saint Christophe \u00e0 t\u00eate de chien<\/h4>\n<p><em>La limite, le bord ou le seuil entre deux choses, en tant que manifestation des v\u00eatements de peau, nous appara\u00eet comme la mort et l'obscurcissement. Cet espace marginal peut aussi appara\u00eetre comme un hybride, un m\u00e9lange, un entre-deux qui m\u00eale des \u00e9l\u00e9ments. L'hybridit\u00e9, comme un pont touchant les deux rives d'une rivi\u00e8re, est la forme naturelle d'un lieu interm\u00e9diaire.<\/em><\/p>\n<p><em>Saint Christophe est pour nous la personne la plus \u00e9loign\u00e9e, celle que nous pouvons \u00e0 peine voir \u00e0 cause de notre propre horizon limit\u00e9. Il est aussi pour nous notre propre limite, notre peau de v\u00eatement, dont nous ne devons pas nier le danger et la monstruosit\u00e9, mais qui a le potentiel d'\u00eatre christophoros, tout comme cette personne la plus \u00e9loign\u00e9e a le m\u00eame potentiel, car ce sont les derni\u00e8res paroles du Christ qui nous ont dit qu'il serait avec nous jusqu'aux fins de la terre.<\/em><\/p>\n<p>Texte source :\u00a0<a href=\"https:\/\/orthodoxartsjournal.org\/the-dog-headed-icon-of-st-christopher-pt-2-encountering-saint-christopher\/\" target=\"_blank\" rel=\"noopener\">The Dog-Headed Icon of St-Christopher (pt.2): Encountering Saint-Christopher by Jonathan Pageau<\/a><\/p>\n<p>Saint Christophe, prie pour nous!<\/p>","protected":false},"excerpt":{"rendered":"<p><strong>LA FORME DE LA LIMITE<\/strong><\/p>\n<p>Saint Christophe<br \/>\nEt vous, qui \u00e9tiez autrefois \u00e9trangers et ennemis par vos pens\u00e9es et par vos mauvaises oeuvres, Il vous a maintenant r\u00e9concili\u00e9s par Sa mort dans le corps de Sa chair, pour vous faire para\u00eetre devant Lui saints, sans d\u00e9faut et sans reproche (Col 1:21-22)<\/p>","protected":false},"featured_media":2463,"template":"","meta":[],"product_brand":[],"product_cat":[36],"product_tag":[],"class_list":{"0":"post-2459","1":"product","2":"type-product","3":"status-publish","4":"has-post-thumbnail","6":"product_cat-apparel","8":"first","9":"instock","10":"shipping-taxable","11":"purchasable","12":"product-type-variable"},"yoast_head":"<!-- This site is optimized with the Yoast SEO plugin v27.4 - https:\/\/yoast.com\/product\/yoast-seo-wordpress\/ -->\n<title>Saint Christopher, the Shape of the Limit | Orthodox T-Shirt &#8212; Xkton<\/title>\n<meta name=\"robots\" content=\"index, follow, max-snippet:-1, max-image-preview:large, max-video-preview:-1\" \/>\n<link rel=\"canonical\" href=\"https:\/\/xkton.com\/fr\/product\/t-shirt-saint-christopher-the-shape-of-the-limit\/\" \/>\n<meta property=\"og:locale\" content=\"fr_CA\" \/>\n<meta property=\"og:type\" content=\"article\" \/>\n<meta property=\"og:title\" content=\"Saint Christopher, the Shape of the Limit | Orthodox T-Shirt &#8212; Xkton\" \/>\n<meta property=\"og:description\" content=\"THE SHAPE OF THE LIMIT  Saint Christopher And you who were once strangers and enemies in mind, doing evil deeds, He has reconciled in His fleshy body so as to present you holy and blameless and irreproachable before Him. (Col 1:21-22)\" \/>\n<meta property=\"og:url\" content=\"https:\/\/xkton.com\/fr\/product\/t-shirt-saint-christopher-the-shape-of-the-limit\/\" \/>\n<meta property=\"og:site_name\" content=\"Xkton\" \/>\n<meta property=\"article:publisher\" content=\"https:\/\/www.facebook.com\/xktonstore\" \/>\n<meta property=\"article:modified_time\" content=\"2025-09-03T13:01:55+00:00\" \/>\n<meta property=\"og:image\" content=\"https:\/\/xkton.com\/wp-content\/uploads\/2024\/02\/mockup_christopher_black_en.jpg\" \/>\n\t<meta property=\"og:image:width\" content=\"1200\" \/>\n\t<meta property=\"og:image:height\" content=\"1500\" \/>\n\t<meta property=\"og:image:type\" content=\"image\/jpeg\" \/>\n<meta name=\"twitter:card\" content=\"summary_large_image\" \/>\n<meta name=\"twitter:label1\" content=\"Availability\" \/>\n\t<meta name=\"twitter:data1\" content=\"In stock\" \/>\n<script type=\"application\/ld+json\" class=\"yoast-schema-graph\">{\"@context\":\"https:\\\/\\\/schema.org\",\"@graph\":[{\"@type\":[\"WebPage\",\"ItemPage\"],\"@id\":\"https:\\\/\\\/xkton.com\\\/product\\\/t-shirt-saint-christopher-the-shape-of-the-limit\\\/\",\"url\":\"https:\\\/\\\/xkton.com\\\/product\\\/t-shirt-saint-christopher-the-shape-of-the-limit\\\/\",\"name\":\"Saint Christopher, the Shape of the Limit | Orthodox T-Shirt &#8212; Xkton\",\"isPartOf\":{\"@id\":\"https:\\\/\\\/xkton.com\\\/#website\"},\"primaryImageOfPage\":{\"@id\":\"https:\\\/\\\/xkton.com\\\/product\\\/t-shirt-saint-christopher-the-shape-of-the-limit\\\/#primaryimage\"},\"image\":{\"@id\":\"https:\\\/\\\/xkton.com\\\/product\\\/t-shirt-saint-christopher-the-shape-of-the-limit\\\/#primaryimage\"},\"thumbnailUrl\":\"https:\\\/\\\/xkton.com\\\/wp-content\\\/uploads\\\/2024\\\/02\\\/mockup_christopher_black_en.jpg\",\"datePublished\":\"2024-02-12T15:42:59+00:00\",\"dateModified\":\"2025-09-03T13:01:55+00:00\",\"breadcrumb\":{\"@id\":\"https:\\\/\\\/xkton.com\\\/product\\\/t-shirt-saint-christopher-the-shape-of-the-limit\\\/#breadcrumb\"},\"inLanguage\":\"fr-CA\",\"potentialAction\":[{\"@type\":\"ReadAction\",\"target\":[\"https:\\\/\\\/xkton.com\\\/product\\\/t-shirt-saint-christopher-the-shape-of-the-limit\\\/\"]}]},{\"@type\":\"ImageObject\",\"inLanguage\":\"fr-CA\",\"@id\":\"https:\\\/\\\/xkton.com\\\/product\\\/t-shirt-saint-christopher-the-shape-of-the-limit\\\/#primaryimage\",\"url\":\"https:\\\/\\\/xkton.com\\\/wp-content\\\/uploads\\\/2024\\\/02\\\/mockup_christopher_black_en.jpg\",\"contentUrl\":\"https:\\\/\\\/xkton.com\\\/wp-content\\\/uploads\\\/2024\\\/02\\\/mockup_christopher_black_en.jpg\",\"width\":1200,\"height\":1500,\"caption\":\"Black T-Shirt of Saint Christopher.\"},{\"@type\":\"BreadcrumbList\",\"@id\":\"https:\\\/\\\/xkton.com\\\/product\\\/t-shirt-saint-christopher-the-shape-of-the-limit\\\/#breadcrumb\",\"itemListElement\":[{\"@type\":\"ListItem\",\"position\":1,\"name\":\"Home\",\"item\":\"https:\\\/\\\/xkton.com\\\/\"},{\"@type\":\"ListItem\",\"position\":2,\"name\":\"Orthodox Apparel &#8211; Christian Clothing Store\",\"item\":\"https:\\\/\\\/xkton.com\\\/\"},{\"@type\":\"ListItem\",\"position\":3,\"name\":\"Saint Christopher, the Shape of the Limit | Orthodox T-Shirt\"}]},{\"@type\":\"WebSite\",\"@id\":\"https:\\\/\\\/xkton.com\\\/#website\",\"url\":\"https:\\\/\\\/xkton.com\\\/\",\"name\":\"Xkton\",\"description\":\"Apparel for Christians living the Eschaton\",\"publisher\":{\"@id\":\"https:\\\/\\\/xkton.com\\\/#organization\"},\"potentialAction\":[{\"@type\":\"SearchAction\",\"target\":{\"@type\":\"EntryPoint\",\"urlTemplate\":\"https:\\\/\\\/xkton.com\\\/?s={search_term_string}\"},\"query-input\":{\"@type\":\"PropertyValueSpecification\",\"valueRequired\":true,\"valueName\":\"search_term_string\"}}],\"inLanguage\":\"fr-CA\"},{\"@type\":\"Organization\",\"@id\":\"https:\\\/\\\/xkton.com\\\/#organization\",\"name\":\"Xkton - Orthodox Christian Apparel\",\"alternateName\":\"Xkton\",\"url\":\"https:\\\/\\\/xkton.com\\\/\",\"logo\":{\"@type\":\"ImageObject\",\"inLanguage\":\"fr-CA\",\"@id\":\"https:\\\/\\\/xkton.com\\\/#\\\/schema\\\/logo\\\/image\\\/\",\"url\":\"https:\\\/\\\/xkton.com\\\/wp-content\\\/uploads\\\/2023\\\/11\\\/xkton_small.png\",\"contentUrl\":\"https:\\\/\\\/xkton.com\\\/wp-content\\\/uploads\\\/2023\\\/11\\\/xkton_small.png\",\"width\":145,\"height\":200,\"caption\":\"Xkton - Orthodox Christian Apparel\"},\"image\":{\"@id\":\"https:\\\/\\\/xkton.com\\\/#\\\/schema\\\/logo\\\/image\\\/\"},\"sameAs\":[\"https:\\\/\\\/www.facebook.com\\\/xktonstore\",\"https:\\\/\\\/www.instagram.com\\\/xkton_\"],\"hasMerchantReturnPolicy\":{\"@type\":\"MerchantReturnPolicy\",\"merchantReturnLink\":\"https:\\\/\\\/xkton.com\\\/fr\\\/terms-and-conditions\\\/\"}}]}<\/script>\n<meta property=\"og:availability\" content=\"instock\" \/>\n<meta property=\"product:availability\" content=\"instock\" \/>\n<meta property=\"product:condition\" content=\"new\" \/>\n<!-- \/ Yoast SEO plugin. -->","yoast_head_json":{"title":"Saint Christopher, the Shape of the Limit | Orthodox T-Shirt &#8212; Xkton","robots":{"index":"index","follow":"follow","max-snippet":"max-snippet:-1","max-image-preview":"max-image-preview:large","max-video-preview":"max-video-preview:-1"},"canonical":"https:\/\/xkton.com\/fr\/product\/t-shirt-saint-christopher-the-shape-of-the-limit\/","og_locale":"fr_CA","og_type":"article","og_title":"Saint Christopher, the Shape of the Limit | Orthodox T-Shirt &#8212; Xkton","og_description":"THE SHAPE OF THE LIMIT  Saint Christopher And you who were once strangers and enemies in mind, doing evil deeds, He has reconciled in His fleshy body so as to present you holy and blameless and irreproachable before Him. (Col 1:21-22)","og_url":"https:\/\/xkton.com\/fr\/product\/t-shirt-saint-christopher-the-shape-of-the-limit\/","og_site_name":"Xkton","article_publisher":"https:\/\/www.facebook.com\/xktonstore","article_modified_time":"2025-09-03T13:01:55+00:00","og_image":[{"width":1200,"height":1500,"url":"https:\/\/xkton.com\/wp-content\/uploads\/2024\/02\/mockup_christopher_black_en.jpg","type":"image\/jpeg"}],"twitter_card":"summary_large_image","twitter_misc":{"Availability":"In stock"},"schema":{"@context":"https:\/\/schema.org","@graph":[{"@type":["WebPage","ItemPage"],"@id":"https:\/\/xkton.com\/product\/t-shirt-saint-christopher-the-shape-of-the-limit\/","url":"https:\/\/xkton.com\/product\/t-shirt-saint-christopher-the-shape-of-the-limit\/","name":"Saint Christopher, the Shape of the Limit | Orthodox T-Shirt &#8212; Xkton","isPartOf":{"@id":"https:\/\/xkton.com\/#website"},"primaryImageOfPage":{"@id":"https:\/\/xkton.com\/product\/t-shirt-saint-christopher-the-shape-of-the-limit\/#primaryimage"},"image":{"@id":"https:\/\/xkton.com\/product\/t-shirt-saint-christopher-the-shape-of-the-limit\/#primaryimage"},"thumbnailUrl":"https:\/\/xkton.com\/wp-content\/uploads\/2024\/02\/mockup_christopher_black_en.jpg","datePublished":"2024-02-12T15:42:59+00:00","dateModified":"2025-09-03T13:01:55+00:00","breadcrumb":{"@id":"https:\/\/xkton.com\/product\/t-shirt-saint-christopher-the-shape-of-the-limit\/#breadcrumb"},"inLanguage":"fr-CA","potentialAction":[{"@type":"ReadAction","target":["https:\/\/xkton.com\/product\/t-shirt-saint-christopher-the-shape-of-the-limit\/"]}]},{"@type":"ImageObject","inLanguage":"fr-CA","@id":"https:\/\/xkton.com\/product\/t-shirt-saint-christopher-the-shape-of-the-limit\/#primaryimage","url":"https:\/\/xkton.com\/wp-content\/uploads\/2024\/02\/mockup_christopher_black_en.jpg","contentUrl":"https:\/\/xkton.com\/wp-content\/uploads\/2024\/02\/mockup_christopher_black_en.jpg","width":1200,"height":1500,"caption":"Black T-Shirt of Saint Christopher."},{"@type":"BreadcrumbList","@id":"https:\/\/xkton.com\/product\/t-shirt-saint-christopher-the-shape-of-the-limit\/#breadcrumb","itemListElement":[{"@type":"ListItem","position":1,"name":"Home","item":"https:\/\/xkton.com\/"},{"@type":"ListItem","position":2,"name":"Orthodox Apparel &#8211; Christian Clothing Store","item":"https:\/\/xkton.com\/"},{"@type":"ListItem","position":3,"name":"Saint Christopher, the Shape of the Limit | Orthodox T-Shirt"}]},{"@type":"WebSite","@id":"https:\/\/xkton.com\/#website","url":"https:\/\/xkton.com\/","name":"Xkton","description":"Apparel for Christians living the Eschaton","publisher":{"@id":"https:\/\/xkton.com\/#organization"},"potentialAction":[{"@type":"SearchAction","target":{"@type":"EntryPoint","urlTemplate":"https:\/\/xkton.com\/?s={search_term_string}"},"query-input":{"@type":"PropertyValueSpecification","valueRequired":true,"valueName":"search_term_string"}}],"inLanguage":"fr-CA"},{"@type":"Organization","@id":"https:\/\/xkton.com\/#organization","name":"Xkton - Orthodox Christian Apparel","alternateName":"Xkton","url":"https:\/\/xkton.com\/","logo":{"@type":"ImageObject","inLanguage":"fr-CA","@id":"https:\/\/xkton.com\/#\/schema\/logo\/image\/","url":"https:\/\/xkton.com\/wp-content\/uploads\/2023\/11\/xkton_small.png","contentUrl":"https:\/\/xkton.com\/wp-content\/uploads\/2023\/11\/xkton_small.png","width":145,"height":200,"caption":"Xkton - Orthodox Christian Apparel"},"image":{"@id":"https:\/\/xkton.com\/#\/schema\/logo\/image\/"},"sameAs":["https:\/\/www.facebook.com\/xktonstore","https:\/\/www.instagram.com\/xkton_"],"hasMerchantReturnPolicy":{"@type":"MerchantReturnPolicy","merchantReturnLink":"https:\/\/xkton.com\/fr\/terms-and-conditions\/"}}]},"og_availability":"instock","product_availability":"instock","product_condition":"new"},"_links":{"self":[{"href":"https:\/\/xkton.com\/fr\/wp-json\/wp\/v2\/product\/2459","targetHints":{"allow":["GET"]}}],"collection":[{"href":"https:\/\/xkton.com\/fr\/wp-json\/wp\/v2\/product"}],"about":[{"href":"https:\/\/xkton.com\/fr\/wp-json\/wp\/v2\/types\/product"}],"wp:featuredmedia":[{"embeddable":true,"href":"https:\/\/xkton.com\/fr\/wp-json\/wp\/v2\/media\/2463"}],"wp:attachment":[{"href":"https:\/\/xkton.com\/fr\/wp-json\/wp\/v2\/media?parent=2459"}],"wp:term":[{"taxonomy":"product_brand","embeddable":true,"href":"https:\/\/xkton.com\/fr\/wp-json\/wp\/v2\/product_brand?post=2459"},{"taxonomy":"product_cat","embeddable":true,"href":"https:\/\/xkton.com\/fr\/wp-json\/wp\/v2\/product_cat?post=2459"},{"taxonomy":"product_tag","embeddable":true,"href":"https:\/\/xkton.com\/fr\/wp-json\/wp\/v2\/product_tag?post=2459"}],"curies":[{"name":"wp","href":"https:\/\/api.w.org\/{rel}","templated":true}]}}