{"id":2496,"date":"2024-02-12T10:56:00","date_gmt":"2024-02-12T15:56:00","guid":{"rendered":"https:\/\/xkton.com\/?post_type=product&#038;p=2496"},"modified":"2025-09-03T09:01:46","modified_gmt":"2025-09-03T13:01:46","slug":"t-shirt-saint-nikephoros-the-leper","status":"publish","type":"product","link":"https:\/\/xkton.com\/fr\/product\/t-shirt-saint-nikephoros-the-leper\/","title":{"rendered":"Saint Nic\u00e9phore le l\u00e9preux | T-shirt orthodoxe"},"content":{"rendered":"<h4>Saint Nic\u00e9phore<\/h4>\n<p>La vie de Nic\u00e9phore \u00e9tait un exemple d'asc\u00e9tisme ; ses journ\u00e9es \u00e9taient marqu\u00e9es par le je\u00fbne, la pri\u00e8re et le chant d'hymnes, alors m\u00eame que la l\u00e8pre tentait d'affaiblir sa d\u00e9termination. Mais c'est son esprit inflexible qui brille le plus, son \u00e2me n'\u00e9tant pas affect\u00e9e par les afflictions de son corps. Dans le calme de la nuit, il se tenait dans sa cellule, perdu dans la pri\u00e8re, sa voix se joignant au ch\u0153ur des saints et des anges.<\/p>\n<p>Sa pr\u00e9sence \u00e9tait un r\u00e9confort pour ceux qui l'entouraient, ses paroles un baume pour les \u00e2mes troubl\u00e9es. Nic\u00e9phore \u00e9tait connu pour son humilit\u00e9, sa sagesse et les miracles qui semblaient le suivre, m\u00eame au-del\u00e0 du voile de la mort. Sa vie est un t\u00e9moignage de la puissance de la foi, l'histoire d'un homme qui, malgr\u00e9 la d\u00e9composition de son corps, portait en lui un esprit aussi pur que la neige.<\/p>\n<p>Au fil des ans, le voyage de Nic\u00e9phore l'a conduit \u00e0 Ath\u00e8nes, o\u00f9 il a poursuivi ses pratiques asc\u00e9tiques jusqu'\u00e0 ses derniers jours, en 1964. En mourant, il a laiss\u00e9 derri\u00e8re lui un h\u00e9ritage qui perdurera, ses reliques \u00e9tant ch\u00e9ries par ceux qui ont vu en lui l'incarnation vivante de la gr\u00e2ce de Dieu. L'histoire de Nic\u00e9phore le l\u00e9preux nous rappelle le pouvoir durable de la foi, la beaut\u00e9 du sacrifice de soi et la lumi\u00e8re qui peut jaillir des t\u00e9n\u00e8bres les plus profondes.<\/p>\n<p>Saint Nic\u00e9phore, prie pour nous!<\/p>","protected":false},"excerpt":{"rendered":"<p><strong>VIGILANCE<\/strong><\/p>\n<p>Saint Nic\u00e9phore<br \/>\nAnge d\u00e9figur\u00e9 et consolateur<br \/>\nD\u00e9vor\u00e9 par les marques de la maladie<br \/>\nRendu parfait dans la faiblesse<\/p>","protected":false},"featured_media":2497,"template":"","meta":[],"product_brand":[],"product_cat":[36],"product_tag":[],"class_list":{"0":"post-2496","1":"product","2":"type-product","3":"status-publish","4":"has-post-thumbnail","6":"product_cat-apparel","8":"first","9":"instock","10":"shipping-taxable","11":"purchasable","12":"product-type-variable"},"yoast_head":"<!-- This site is optimized with the Yoast SEO plugin v27.3 - https:\/\/yoast.com\/product\/yoast-seo-wordpress\/ -->\n<title>Saint Nikephoros the Leper | Orthodox T-Shirt &#8212; Xkton<\/title>\n<meta name=\"robots\" content=\"index, follow, max-snippet:-1, max-image-preview:large, max-video-preview:-1\" \/>\n<link rel=\"canonical\" href=\"https:\/\/xkton.com\/fr\/product\/t-shirt-saint-nikephoros-the-leper\/\" \/>\n<meta property=\"og:locale\" content=\"fr_CA\" \/>\n<meta property=\"og:type\" content=\"article\" \/>\n<meta property=\"og:title\" content=\"Saint Nikephoros the Leper | Orthodox T-Shirt &#8212; Xkton\" \/>\n<meta property=\"og:description\" content=\"VIGILANCE  Saint Nikephoros Disfigured angel and comforter Eaten away by the marks of illness Made perfect in weakness\" \/>\n<meta property=\"og:url\" content=\"https:\/\/xkton.com\/fr\/product\/t-shirt-saint-nikephoros-the-leper\/\" \/>\n<meta property=\"og:site_name\" content=\"Xkton\" \/>\n<meta property=\"article:publisher\" content=\"https:\/\/www.facebook.com\/xktonstore\" \/>\n<meta property=\"article:modified_time\" content=\"2025-09-03T13:01:46+00:00\" \/>\n<meta property=\"og:image\" content=\"https:\/\/xkton.com\/wp-content\/uploads\/2024\/02\/mockup_nikephoros_black_en.jpg\" \/>\n\t<meta property=\"og:image:width\" content=\"1200\" \/>\n\t<meta property=\"og:image:height\" content=\"1500\" \/>\n\t<meta property=\"og:image:type\" content=\"image\/jpeg\" \/>\n<meta name=\"twitter:card\" content=\"summary_large_image\" \/>\n<meta name=\"twitter:label1\" content=\"Availability\" \/>\n\t<meta name=\"twitter:data1\" content=\"In stock\" \/>\n<script type=\"application\/ld+json\" class=\"yoast-schema-graph\">{\"@context\":\"https:\\\/\\\/schema.org\",\"@graph\":[{\"@type\":[\"WebPage\",\"ItemPage\"],\"@id\":\"https:\\\/\\\/xkton.com\\\/product\\\/t-shirt-saint-nikephoros-the-leper\\\/\",\"url\":\"https:\\\/\\\/xkton.com\\\/product\\\/t-shirt-saint-nikephoros-the-leper\\\/\",\"name\":\"Saint Nikephoros the Leper | Orthodox T-Shirt &#8212; Xkton\",\"isPartOf\":{\"@id\":\"https:\\\/\\\/xkton.com\\\/#website\"},\"primaryImageOfPage\":{\"@id\":\"https:\\\/\\\/xkton.com\\\/product\\\/t-shirt-saint-nikephoros-the-leper\\\/#primaryimage\"},\"image\":{\"@id\":\"https:\\\/\\\/xkton.com\\\/product\\\/t-shirt-saint-nikephoros-the-leper\\\/#primaryimage\"},\"thumbnailUrl\":\"https:\\\/\\\/xkton.com\\\/wp-content\\\/uploads\\\/2024\\\/02\\\/mockup_nikephoros_black_en.jpg\",\"datePublished\":\"2024-02-12T15:56:00+00:00\",\"dateModified\":\"2025-09-03T13:01:46+00:00\",\"breadcrumb\":{\"@id\":\"https:\\\/\\\/xkton.com\\\/product\\\/t-shirt-saint-nikephoros-the-leper\\\/#breadcrumb\"},\"inLanguage\":\"fr-CA\",\"potentialAction\":[{\"@type\":\"ReadAction\",\"target\":[\"https:\\\/\\\/xkton.com\\\/product\\\/t-shirt-saint-nikephoros-the-leper\\\/\"]}]},{\"@type\":\"ImageObject\",\"inLanguage\":\"fr-CA\",\"@id\":\"https:\\\/\\\/xkton.com\\\/product\\\/t-shirt-saint-nikephoros-the-leper\\\/#primaryimage\",\"url\":\"https:\\\/\\\/xkton.com\\\/wp-content\\\/uploads\\\/2024\\\/02\\\/mockup_nikephoros_black_en.jpg\",\"contentUrl\":\"https:\\\/\\\/xkton.com\\\/wp-content\\\/uploads\\\/2024\\\/02\\\/mockup_nikephoros_black_en.jpg\",\"width\":1200,\"height\":1500,\"caption\":\"Black T-Shirt of Saint Nikephoros.\"},{\"@type\":\"BreadcrumbList\",\"@id\":\"https:\\\/\\\/xkton.com\\\/product\\\/t-shirt-saint-nikephoros-the-leper\\\/#breadcrumb\",\"itemListElement\":[{\"@type\":\"ListItem\",\"position\":1,\"name\":\"Home\",\"item\":\"https:\\\/\\\/xkton.com\\\/\"},{\"@type\":\"ListItem\",\"position\":2,\"name\":\"Orthodox Apparel &#8211; Christian Clothing Store\",\"item\":\"https:\\\/\\\/xkton.com\\\/\"},{\"@type\":\"ListItem\",\"position\":3,\"name\":\"Saint Nikephoros the Leper | Orthodox T-Shirt\"}]},{\"@type\":\"WebSite\",\"@id\":\"https:\\\/\\\/xkton.com\\\/#website\",\"url\":\"https:\\\/\\\/xkton.com\\\/\",\"name\":\"Xkton\",\"description\":\"Apparel for Christians living the Eschaton\",\"publisher\":{\"@id\":\"https:\\\/\\\/xkton.com\\\/#organization\"},\"potentialAction\":[{\"@type\":\"SearchAction\",\"target\":{\"@type\":\"EntryPoint\",\"urlTemplate\":\"https:\\\/\\\/xkton.com\\\/?s={search_term_string}\"},\"query-input\":{\"@type\":\"PropertyValueSpecification\",\"valueRequired\":true,\"valueName\":\"search_term_string\"}}],\"inLanguage\":\"fr-CA\"},{\"@type\":\"Organization\",\"@id\":\"https:\\\/\\\/xkton.com\\\/#organization\",\"name\":\"Xkton - Orthodox Christian Apparel\",\"alternateName\":\"Xkton\",\"url\":\"https:\\\/\\\/xkton.com\\\/\",\"logo\":{\"@type\":\"ImageObject\",\"inLanguage\":\"fr-CA\",\"@id\":\"https:\\\/\\\/xkton.com\\\/#\\\/schema\\\/logo\\\/image\\\/\",\"url\":\"https:\\\/\\\/xkton.com\\\/wp-content\\\/uploads\\\/2023\\\/11\\\/xkton_small.png\",\"contentUrl\":\"https:\\\/\\\/xkton.com\\\/wp-content\\\/uploads\\\/2023\\\/11\\\/xkton_small.png\",\"width\":145,\"height\":200,\"caption\":\"Xkton - Orthodox Christian Apparel\"},\"image\":{\"@id\":\"https:\\\/\\\/xkton.com\\\/#\\\/schema\\\/logo\\\/image\\\/\"},\"sameAs\":[\"https:\\\/\\\/www.facebook.com\\\/xktonstore\",\"https:\\\/\\\/www.instagram.com\\\/xkton_\"],\"hasMerchantReturnPolicy\":{\"@type\":\"MerchantReturnPolicy\",\"merchantReturnLink\":\"https:\\\/\\\/xkton.com\\\/fr\\\/terms-and-conditions\\\/\"}}]}<\/script>\n<meta property=\"og:availability\" content=\"instock\" \/>\n<meta property=\"product:availability\" content=\"instock\" \/>\n<meta property=\"product:condition\" content=\"new\" \/>\n<!-- \/ Yoast SEO plugin. -->","yoast_head_json":{"title":"Saint Nikephoros the Leper | Orthodox T-Shirt &#8212; Xkton","robots":{"index":"index","follow":"follow","max-snippet":"max-snippet:-1","max-image-preview":"max-image-preview:large","max-video-preview":"max-video-preview:-1"},"canonical":"https:\/\/xkton.com\/fr\/product\/t-shirt-saint-nikephoros-the-leper\/","og_locale":"fr_CA","og_type":"article","og_title":"Saint Nikephoros the Leper | Orthodox T-Shirt &#8212; Xkton","og_description":"VIGILANCE  Saint Nikephoros Disfigured angel and comforter Eaten away by the marks of illness Made perfect in weakness","og_url":"https:\/\/xkton.com\/fr\/product\/t-shirt-saint-nikephoros-the-leper\/","og_site_name":"Xkton","article_publisher":"https:\/\/www.facebook.com\/xktonstore","article_modified_time":"2025-09-03T13:01:46+00:00","og_image":[{"width":1200,"height":1500,"url":"https:\/\/xkton.com\/wp-content\/uploads\/2024\/02\/mockup_nikephoros_black_en.jpg","type":"image\/jpeg"}],"twitter_card":"summary_large_image","twitter_misc":{"Availability":"In stock"},"schema":{"@context":"https:\/\/schema.org","@graph":[{"@type":["WebPage","ItemPage"],"@id":"https:\/\/xkton.com\/product\/t-shirt-saint-nikephoros-the-leper\/","url":"https:\/\/xkton.com\/product\/t-shirt-saint-nikephoros-the-leper\/","name":"Saint Nikephoros the Leper | Orthodox T-Shirt &#8212; Xkton","isPartOf":{"@id":"https:\/\/xkton.com\/#website"},"primaryImageOfPage":{"@id":"https:\/\/xkton.com\/product\/t-shirt-saint-nikephoros-the-leper\/#primaryimage"},"image":{"@id":"https:\/\/xkton.com\/product\/t-shirt-saint-nikephoros-the-leper\/#primaryimage"},"thumbnailUrl":"https:\/\/xkton.com\/wp-content\/uploads\/2024\/02\/mockup_nikephoros_black_en.jpg","datePublished":"2024-02-12T15:56:00+00:00","dateModified":"2025-09-03T13:01:46+00:00","breadcrumb":{"@id":"https:\/\/xkton.com\/product\/t-shirt-saint-nikephoros-the-leper\/#breadcrumb"},"inLanguage":"fr-CA","potentialAction":[{"@type":"ReadAction","target":["https:\/\/xkton.com\/product\/t-shirt-saint-nikephoros-the-leper\/"]}]},{"@type":"ImageObject","inLanguage":"fr-CA","@id":"https:\/\/xkton.com\/product\/t-shirt-saint-nikephoros-the-leper\/#primaryimage","url":"https:\/\/xkton.com\/wp-content\/uploads\/2024\/02\/mockup_nikephoros_black_en.jpg","contentUrl":"https:\/\/xkton.com\/wp-content\/uploads\/2024\/02\/mockup_nikephoros_black_en.jpg","width":1200,"height":1500,"caption":"Black T-Shirt of Saint Nikephoros."},{"@type":"BreadcrumbList","@id":"https:\/\/xkton.com\/product\/t-shirt-saint-nikephoros-the-leper\/#breadcrumb","itemListElement":[{"@type":"ListItem","position":1,"name":"Home","item":"https:\/\/xkton.com\/"},{"@type":"ListItem","position":2,"name":"Orthodox Apparel &#8211; Christian Clothing Store","item":"https:\/\/xkton.com\/"},{"@type":"ListItem","position":3,"name":"Saint Nikephoros the Leper | Orthodox T-Shirt"}]},{"@type":"WebSite","@id":"https:\/\/xkton.com\/#website","url":"https:\/\/xkton.com\/","name":"Xkton","description":"Apparel for Christians living the Eschaton","publisher":{"@id":"https:\/\/xkton.com\/#organization"},"potentialAction":[{"@type":"SearchAction","target":{"@type":"EntryPoint","urlTemplate":"https:\/\/xkton.com\/?s={search_term_string}"},"query-input":{"@type":"PropertyValueSpecification","valueRequired":true,"valueName":"search_term_string"}}],"inLanguage":"fr-CA"},{"@type":"Organization","@id":"https:\/\/xkton.com\/#organization","name":"Xkton - Orthodox Christian Apparel","alternateName":"Xkton","url":"https:\/\/xkton.com\/","logo":{"@type":"ImageObject","inLanguage":"fr-CA","@id":"https:\/\/xkton.com\/#\/schema\/logo\/image\/","url":"https:\/\/xkton.com\/wp-content\/uploads\/2023\/11\/xkton_small.png","contentUrl":"https:\/\/xkton.com\/wp-content\/uploads\/2023\/11\/xkton_small.png","width":145,"height":200,"caption":"Xkton - Orthodox Christian Apparel"},"image":{"@id":"https:\/\/xkton.com\/#\/schema\/logo\/image\/"},"sameAs":["https:\/\/www.facebook.com\/xktonstore","https:\/\/www.instagram.com\/xkton_"],"hasMerchantReturnPolicy":{"@type":"MerchantReturnPolicy","merchantReturnLink":"https:\/\/xkton.com\/fr\/terms-and-conditions\/"}}]},"og_availability":"instock","product_availability":"instock","product_condition":"new"},"_links":{"self":[{"href":"https:\/\/xkton.com\/fr\/wp-json\/wp\/v2\/product\/2496","targetHints":{"allow":["GET"]}}],"collection":[{"href":"https:\/\/xkton.com\/fr\/wp-json\/wp\/v2\/product"}],"about":[{"href":"https:\/\/xkton.com\/fr\/wp-json\/wp\/v2\/types\/product"}],"wp:featuredmedia":[{"embeddable":true,"href":"https:\/\/xkton.com\/fr\/wp-json\/wp\/v2\/media\/2497"}],"wp:attachment":[{"href":"https:\/\/xkton.com\/fr\/wp-json\/wp\/v2\/media?parent=2496"}],"wp:term":[{"taxonomy":"product_brand","embeddable":true,"href":"https:\/\/xkton.com\/fr\/wp-json\/wp\/v2\/product_brand?post=2496"},{"taxonomy":"product_cat","embeddable":true,"href":"https:\/\/xkton.com\/fr\/wp-json\/wp\/v2\/product_cat?post=2496"},{"taxonomy":"product_tag","embeddable":true,"href":"https:\/\/xkton.com\/fr\/wp-json\/wp\/v2\/product_tag?post=2496"}],"curies":[{"name":"wp","href":"https:\/\/api.w.org\/{rel}","templated":true}]}}