{"id":2545,"date":"2024-04-27T11:51:16","date_gmt":"2024-04-27T15:51:16","guid":{"rendered":"https:\/\/xkton.com\/?post_type=product&#038;p=2545"},"modified":"2025-09-03T09:01:36","modified_gmt":"2025-09-03T13:01:36","slug":"t-shirt-canon-of-st-andrew","status":"publish","type":"product","link":"https:\/\/xkton.com\/fr\/product\/t-shirt-canon-of-st-andrew\/","title":{"rendered":"Canon de St Andr\u00e9 | T-shirt orthodoxe"},"content":{"rendered":"<h4>Le Canon de Saint Andr\u00e9 de Cr\u00eate<\/h4>\n<p>Le Grand Canon de Saint Andr\u00e9 de Cr\u00e8te est le plus long de tous les offices orthodoxes, et il est associ\u00e9 au Grand Car\u00eame, puisque les seules fois o\u00f9 il doit \u00eatre lu \u00e0 l'\u00e9glise sont les quatre premi\u00e8res nuits du Grand Car\u00eame et les Matines du jeudi de la cinqui\u00e8me semaine du Grand Car\u00eame.  Le th\u00e8me est un appel urgent \u00e0 changer de vie. Saint Andr\u00e9 mentionne toujours son propre p\u00e9ch\u00e9, plac\u00e9 en juxtaposition avec la mis\u00e9ricorde de Dieu, et utilise des centaines de r\u00e9f\u00e9rences aux bons et mauvais exemples de l'Ancien et du Nouveau Testament pour se convaincre de se repentir.<\/p>\n<p>Il se compose d'un nombre variable de parties, chacune appel\u00e9e Ode. Les canons les plus courants comprennent huit Odes, num\u00e9rot\u00e9es de un \u00e0 neuf, l'Ode 2 \u00e9tant omise. Chaque Ode commence par un irmos, qui fait r\u00e9f\u00e9rence \u00e0 l'un des neuf hymnes bibliques de l'Ancien et du Nouveau Testament. Elle est suivie d'un nombre variable de tropaires, qui sont de courts hymnes sur le sujet du Canon. Ce t-shirt pr\u00e9sente un extrait d'un dialogue entre Saint Andr\u00e9 et son \u00e2me, tir\u00e9 du tropaire de l'Ode 4, dont le th\u00e8me principal est la reconnaissance de la r\u00e9alit\u00e9, de notre propre mort et ultimement, de la seconde venue du Christ.<\/p>\n<p>Saint Andr\u00e9 de Cr\u00eate, prie pour nous!<\/p>","protected":false},"excerpt":{"rendered":"<p><strong>CANON DE SAINT ANDR\u00c9 DE CR\u00caTE<\/strong><\/p>\n<p>La fin s'approche, \u00f4 mon \u00e2me,<br \/>\nElle s'approche et tu ne t'en soucies point, ni ne t'y pr\u00e9pares.<br \/>\nComme un songe, comme une fleur, passe le temps de la vie.<br \/>\nPourquoi nous agitons-nous vainement?<\/p>","protected":false},"featured_media":2578,"template":"","meta":[],"product_brand":[],"product_cat":[36],"product_tag":[],"class_list":{"0":"post-2545","1":"product","2":"type-product","3":"status-publish","4":"has-post-thumbnail","6":"product_cat-apparel","8":"first","9":"instock","10":"shipping-taxable","11":"purchasable","12":"product-type-variable"},"yoast_head":"<!-- This site is optimized with the Yoast SEO plugin v27.4 - https:\/\/yoast.com\/product\/yoast-seo-wordpress\/ -->\n<title>Canon of St Andrew | Orthodox T-Shirt &#8212; Xkton<\/title>\n<meta name=\"robots\" content=\"index, follow, max-snippet:-1, max-image-preview:large, max-video-preview:-1\" \/>\n<link rel=\"canonical\" href=\"https:\/\/xkton.com\/fr\/product\/t-shirt-canon-of-st-andrew\/\" \/>\n<meta property=\"og:locale\" content=\"fr_CA\" \/>\n<meta property=\"og:type\" content=\"article\" \/>\n<meta property=\"og:title\" content=\"Canon of St Andrew | Orthodox T-Shirt &#8212; Xkton\" \/>\n<meta property=\"og:description\" content=\"CANON OF SAINT ANDREW OF CRETE  The end draws near, O my soul, the end draws near; Yet thou dost not care or make ready. The days of our lives pass swiftly, as a dream, as a flower. Why do we trouble ourselves in vain?\" \/>\n<meta property=\"og:url\" content=\"https:\/\/xkton.com\/fr\/product\/t-shirt-canon-of-st-andrew\/\" \/>\n<meta property=\"og:site_name\" content=\"Xkton\" \/>\n<meta property=\"article:publisher\" content=\"https:\/\/www.facebook.com\/xktonstore\" \/>\n<meta property=\"article:modified_time\" content=\"2025-09-03T13:01:36+00:00\" \/>\n<meta property=\"og:image\" content=\"https:\/\/xkton.com\/wp-content\/uploads\/2024\/04\/mockup_canon_front_en.jpg\" \/>\n\t<meta property=\"og:image:width\" content=\"1200\" \/>\n\t<meta property=\"og:image:height\" content=\"1500\" \/>\n\t<meta property=\"og:image:type\" content=\"image\/jpeg\" \/>\n<meta name=\"twitter:card\" content=\"summary_large_image\" \/>\n<meta name=\"twitter:label1\" content=\"Availability\" \/>\n\t<meta name=\"twitter:data1\" content=\"In stock\" \/>\n<script type=\"application\/ld+json\" class=\"yoast-schema-graph\">{\"@context\":\"https:\\\/\\\/schema.org\",\"@graph\":[{\"@type\":[\"WebPage\",\"ItemPage\"],\"@id\":\"https:\\\/\\\/xkton.com\\\/product\\\/t-shirt-canon-of-st-andrew\\\/\",\"url\":\"https:\\\/\\\/xkton.com\\\/product\\\/t-shirt-canon-of-st-andrew\\\/\",\"name\":\"Canon of St Andrew | Orthodox T-Shirt &#8212; Xkton\",\"isPartOf\":{\"@id\":\"https:\\\/\\\/xkton.com\\\/#website\"},\"primaryImageOfPage\":{\"@id\":\"https:\\\/\\\/xkton.com\\\/product\\\/t-shirt-canon-of-st-andrew\\\/#primaryimage\"},\"image\":{\"@id\":\"https:\\\/\\\/xkton.com\\\/product\\\/t-shirt-canon-of-st-andrew\\\/#primaryimage\"},\"thumbnailUrl\":\"https:\\\/\\\/xkton.com\\\/wp-content\\\/uploads\\\/2024\\\/04\\\/mockup_canon_front_en.jpg\",\"datePublished\":\"2024-04-27T15:51:16+00:00\",\"dateModified\":\"2025-09-03T13:01:36+00:00\",\"breadcrumb\":{\"@id\":\"https:\\\/\\\/xkton.com\\\/product\\\/t-shirt-canon-of-st-andrew\\\/#breadcrumb\"},\"inLanguage\":\"fr-CA\",\"potentialAction\":[{\"@type\":\"ReadAction\",\"target\":[\"https:\\\/\\\/xkton.com\\\/product\\\/t-shirt-canon-of-st-andrew\\\/\"]}]},{\"@type\":\"ImageObject\",\"inLanguage\":\"fr-CA\",\"@id\":\"https:\\\/\\\/xkton.com\\\/product\\\/t-shirt-canon-of-st-andrew\\\/#primaryimage\",\"url\":\"https:\\\/\\\/xkton.com\\\/wp-content\\\/uploads\\\/2024\\\/04\\\/mockup_canon_front_en.jpg\",\"contentUrl\":\"https:\\\/\\\/xkton.com\\\/wp-content\\\/uploads\\\/2024\\\/04\\\/mockup_canon_front_en.jpg\",\"width\":1200,\"height\":1500,\"caption\":\"T-Shirt of the Canon of St. Andrew with a skull.\"},{\"@type\":\"BreadcrumbList\",\"@id\":\"https:\\\/\\\/xkton.com\\\/product\\\/t-shirt-canon-of-st-andrew\\\/#breadcrumb\",\"itemListElement\":[{\"@type\":\"ListItem\",\"position\":1,\"name\":\"Home\",\"item\":\"https:\\\/\\\/xkton.com\\\/\"},{\"@type\":\"ListItem\",\"position\":2,\"name\":\"Orthodox Apparel &#8211; Christian Clothing Store\",\"item\":\"https:\\\/\\\/xkton.com\\\/\"},{\"@type\":\"ListItem\",\"position\":3,\"name\":\"Canon of St Andrew | Orthodox T-Shirt\"}]},{\"@type\":\"WebSite\",\"@id\":\"https:\\\/\\\/xkton.com\\\/#website\",\"url\":\"https:\\\/\\\/xkton.com\\\/\",\"name\":\"Xkton\",\"description\":\"Apparel for Christians living the Eschaton\",\"publisher\":{\"@id\":\"https:\\\/\\\/xkton.com\\\/#organization\"},\"potentialAction\":[{\"@type\":\"SearchAction\",\"target\":{\"@type\":\"EntryPoint\",\"urlTemplate\":\"https:\\\/\\\/xkton.com\\\/?s={search_term_string}\"},\"query-input\":{\"@type\":\"PropertyValueSpecification\",\"valueRequired\":true,\"valueName\":\"search_term_string\"}}],\"inLanguage\":\"fr-CA\"},{\"@type\":\"Organization\",\"@id\":\"https:\\\/\\\/xkton.com\\\/#organization\",\"name\":\"Xkton - Orthodox Christian Apparel\",\"alternateName\":\"Xkton\",\"url\":\"https:\\\/\\\/xkton.com\\\/\",\"logo\":{\"@type\":\"ImageObject\",\"inLanguage\":\"fr-CA\",\"@id\":\"https:\\\/\\\/xkton.com\\\/#\\\/schema\\\/logo\\\/image\\\/\",\"url\":\"https:\\\/\\\/xkton.com\\\/wp-content\\\/uploads\\\/2023\\\/11\\\/xkton_small.png\",\"contentUrl\":\"https:\\\/\\\/xkton.com\\\/wp-content\\\/uploads\\\/2023\\\/11\\\/xkton_small.png\",\"width\":145,\"height\":200,\"caption\":\"Xkton - Orthodox Christian Apparel\"},\"image\":{\"@id\":\"https:\\\/\\\/xkton.com\\\/#\\\/schema\\\/logo\\\/image\\\/\"},\"sameAs\":[\"https:\\\/\\\/www.facebook.com\\\/xktonstore\",\"https:\\\/\\\/www.instagram.com\\\/xkton_\"],\"hasMerchantReturnPolicy\":{\"@type\":\"MerchantReturnPolicy\",\"merchantReturnLink\":\"https:\\\/\\\/xkton.com\\\/fr\\\/terms-and-conditions\\\/\"}}]}<\/script>\n<meta property=\"og:availability\" content=\"instock\" \/>\n<meta property=\"product:availability\" content=\"instock\" \/>\n<meta property=\"product:condition\" content=\"new\" \/>\n<!-- \/ Yoast SEO plugin. -->","yoast_head_json":{"title":"Canon of St Andrew | Orthodox T-Shirt &#8212; Xkton","robots":{"index":"index","follow":"follow","max-snippet":"max-snippet:-1","max-image-preview":"max-image-preview:large","max-video-preview":"max-video-preview:-1"},"canonical":"https:\/\/xkton.com\/fr\/product\/t-shirt-canon-of-st-andrew\/","og_locale":"fr_CA","og_type":"article","og_title":"Canon of St Andrew | Orthodox T-Shirt &#8212; Xkton","og_description":"CANON OF SAINT ANDREW OF CRETE  The end draws near, O my soul, the end draws near; Yet thou dost not care or make ready. The days of our lives pass swiftly, as a dream, as a flower. Why do we trouble ourselves in vain?","og_url":"https:\/\/xkton.com\/fr\/product\/t-shirt-canon-of-st-andrew\/","og_site_name":"Xkton","article_publisher":"https:\/\/www.facebook.com\/xktonstore","article_modified_time":"2025-09-03T13:01:36+00:00","og_image":[{"width":1200,"height":1500,"url":"https:\/\/xkton.com\/wp-content\/uploads\/2024\/04\/mockup_canon_front_en.jpg","type":"image\/jpeg"}],"twitter_card":"summary_large_image","twitter_misc":{"Availability":"In stock"},"schema":{"@context":"https:\/\/schema.org","@graph":[{"@type":["WebPage","ItemPage"],"@id":"https:\/\/xkton.com\/product\/t-shirt-canon-of-st-andrew\/","url":"https:\/\/xkton.com\/product\/t-shirt-canon-of-st-andrew\/","name":"Canon of St Andrew | Orthodox T-Shirt &#8212; Xkton","isPartOf":{"@id":"https:\/\/xkton.com\/#website"},"primaryImageOfPage":{"@id":"https:\/\/xkton.com\/product\/t-shirt-canon-of-st-andrew\/#primaryimage"},"image":{"@id":"https:\/\/xkton.com\/product\/t-shirt-canon-of-st-andrew\/#primaryimage"},"thumbnailUrl":"https:\/\/xkton.com\/wp-content\/uploads\/2024\/04\/mockup_canon_front_en.jpg","datePublished":"2024-04-27T15:51:16+00:00","dateModified":"2025-09-03T13:01:36+00:00","breadcrumb":{"@id":"https:\/\/xkton.com\/product\/t-shirt-canon-of-st-andrew\/#breadcrumb"},"inLanguage":"fr-CA","potentialAction":[{"@type":"ReadAction","target":["https:\/\/xkton.com\/product\/t-shirt-canon-of-st-andrew\/"]}]},{"@type":"ImageObject","inLanguage":"fr-CA","@id":"https:\/\/xkton.com\/product\/t-shirt-canon-of-st-andrew\/#primaryimage","url":"https:\/\/xkton.com\/wp-content\/uploads\/2024\/04\/mockup_canon_front_en.jpg","contentUrl":"https:\/\/xkton.com\/wp-content\/uploads\/2024\/04\/mockup_canon_front_en.jpg","width":1200,"height":1500,"caption":"T-Shirt of the Canon of St. Andrew with a skull."},{"@type":"BreadcrumbList","@id":"https:\/\/xkton.com\/product\/t-shirt-canon-of-st-andrew\/#breadcrumb","itemListElement":[{"@type":"ListItem","position":1,"name":"Home","item":"https:\/\/xkton.com\/"},{"@type":"ListItem","position":2,"name":"Orthodox Apparel &#8211; Christian Clothing Store","item":"https:\/\/xkton.com\/"},{"@type":"ListItem","position":3,"name":"Canon of St Andrew | Orthodox T-Shirt"}]},{"@type":"WebSite","@id":"https:\/\/xkton.com\/#website","url":"https:\/\/xkton.com\/","name":"Xkton","description":"Apparel for Christians living the Eschaton","publisher":{"@id":"https:\/\/xkton.com\/#organization"},"potentialAction":[{"@type":"SearchAction","target":{"@type":"EntryPoint","urlTemplate":"https:\/\/xkton.com\/?s={search_term_string}"},"query-input":{"@type":"PropertyValueSpecification","valueRequired":true,"valueName":"search_term_string"}}],"inLanguage":"fr-CA"},{"@type":"Organization","@id":"https:\/\/xkton.com\/#organization","name":"Xkton - Orthodox Christian Apparel","alternateName":"Xkton","url":"https:\/\/xkton.com\/","logo":{"@type":"ImageObject","inLanguage":"fr-CA","@id":"https:\/\/xkton.com\/#\/schema\/logo\/image\/","url":"https:\/\/xkton.com\/wp-content\/uploads\/2023\/11\/xkton_small.png","contentUrl":"https:\/\/xkton.com\/wp-content\/uploads\/2023\/11\/xkton_small.png","width":145,"height":200,"caption":"Xkton - Orthodox Christian Apparel"},"image":{"@id":"https:\/\/xkton.com\/#\/schema\/logo\/image\/"},"sameAs":["https:\/\/www.facebook.com\/xktonstore","https:\/\/www.instagram.com\/xkton_"],"hasMerchantReturnPolicy":{"@type":"MerchantReturnPolicy","merchantReturnLink":"https:\/\/xkton.com\/fr\/terms-and-conditions\/"}}]},"og_availability":"instock","product_availability":"instock","product_condition":"new"},"_links":{"self":[{"href":"https:\/\/xkton.com\/fr\/wp-json\/wp\/v2\/product\/2545","targetHints":{"allow":["GET"]}}],"collection":[{"href":"https:\/\/xkton.com\/fr\/wp-json\/wp\/v2\/product"}],"about":[{"href":"https:\/\/xkton.com\/fr\/wp-json\/wp\/v2\/types\/product"}],"wp:featuredmedia":[{"embeddable":true,"href":"https:\/\/xkton.com\/fr\/wp-json\/wp\/v2\/media\/2578"}],"wp:attachment":[{"href":"https:\/\/xkton.com\/fr\/wp-json\/wp\/v2\/media?parent=2545"}],"wp:term":[{"taxonomy":"product_brand","embeddable":true,"href":"https:\/\/xkton.com\/fr\/wp-json\/wp\/v2\/product_brand?post=2545"},{"taxonomy":"product_cat","embeddable":true,"href":"https:\/\/xkton.com\/fr\/wp-json\/wp\/v2\/product_cat?post=2545"},{"taxonomy":"product_tag","embeddable":true,"href":"https:\/\/xkton.com\/fr\/wp-json\/wp\/v2\/product_tag?post=2545"}],"curies":[{"name":"wp","href":"https:\/\/api.w.org\/{rel}","templated":true}]}}