{"id":2716,"date":"2024-09-30T13:01:51","date_gmt":"2024-09-30T17:01:51","guid":{"rendered":"https:\/\/xkton.com\/?post_type=product&#038;p=2716"},"modified":"2025-09-30T19:55:56","modified_gmt":"2025-09-30T23:55:56","slug":"the-apocalypse-is-now-orthodox-t-shirt","status":"publish","type":"product","link":"https:\/\/xkton.com\/fr\/product\/the-apocalypse-is-now-orthodox-t-shirt\/","title":{"rendered":"L'Apocalypse est arriv\u00e9e | T-shirt orthodoxe"},"content":{"rendered":"<h4>Le labyrinthe spirituel<\/h4>\n<p>Ce T-shirt pr\u00e9sente un dessin personnalis\u00e9 du Labyrinthe spirituel, un type iconographique rare dans l'iconographie russe, \u00e9crit \u00ab L'Apocalypse est arriv\u00e9e. Contr\u00f4lez vos app\u00e9tits avant qu'ils ne vous contr\u00f4lent. \u00bb<\/p>\n<p>L'ic\u00f4ne du labyrinthe spirituel (\u041b\u0430\u0431\u0438\u0440\u0438\u043d\u0442 \u0414\u0443\u0445\u043e\u0432\u043d\u044b\u0439 \/ Labirint Dukhovnuiy) est une repr\u00e9sentation visuelle du chemin vers la J\u00e9rusalem c\u00e9leste \u00e0 travers un labyrinthe difficile \u00e0 parcourir, avec de nombreuses sorties menant \u00e0 la bouche de l'enfer, repr\u00e9sent\u00e9e par un monstre g\u00e9ant dans la partie inf\u00e9rieure de l'image.<\/p>","protected":false},"excerpt":{"rendered":"<p><strong>L'APOCALYPSE EST ARRIV\u00c9E<\/strong><\/p>\n<p>Contr\u00f4lez vos app\u00e9tits<br \/>\nAvant qu'ils ne vous contr\u00f4lent<\/p>","protected":false},"featured_media":2743,"template":"","meta":[],"product_brand":[],"product_cat":[36],"product_tag":[],"class_list":{"0":"post-2716","1":"product","2":"type-product","3":"status-publish","4":"has-post-thumbnail","6":"product_cat-apparel","8":"first","9":"instock","10":"shipping-taxable","11":"purchasable","12":"product-type-variable"},"yoast_head":"<!-- This site is optimized with the Yoast SEO plugin v27.3 - https:\/\/yoast.com\/product\/yoast-seo-wordpress\/ -->\n<title>The Apocalypse Is Now | Orthodox T-Shirt &#8212; Xkton<\/title>\n<meta name=\"robots\" content=\"index, follow, max-snippet:-1, max-image-preview:large, max-video-preview:-1\" \/>\n<link rel=\"canonical\" href=\"https:\/\/xkton.com\/fr\/product\/the-apocalypse-is-now-orthodox-t-shirt\/\" \/>\n<meta property=\"og:locale\" content=\"fr_CA\" \/>\n<meta property=\"og:type\" content=\"article\" \/>\n<meta property=\"og:title\" content=\"The Apocalypse Is Now | Orthodox T-Shirt &#8212; Xkton\" \/>\n<meta property=\"og:description\" content=\"THE APOCALYPSE IS NOW  Controle Your Appetites Before They Controle You\" \/>\n<meta property=\"og:url\" content=\"https:\/\/xkton.com\/fr\/product\/the-apocalypse-is-now-orthodox-t-shirt\/\" \/>\n<meta property=\"og:site_name\" content=\"Xkton\" \/>\n<meta property=\"article:publisher\" content=\"https:\/\/www.facebook.com\/xktonstore\" \/>\n<meta property=\"article:modified_time\" content=\"2025-09-30T23:55:56+00:00\" \/>\n<meta property=\"og:image\" content=\"https:\/\/xkton.com\/wp-content\/uploads\/2024\/09\/mockup_apocalypse-2.jpg\" \/>\n\t<meta property=\"og:image:width\" content=\"1200\" \/>\n\t<meta property=\"og:image:height\" content=\"1500\" \/>\n\t<meta property=\"og:image:type\" content=\"image\/jpeg\" \/>\n<meta name=\"twitter:card\" content=\"summary_large_image\" \/>\n<meta name=\"twitter:label1\" content=\"Availability\" \/>\n\t<meta name=\"twitter:data1\" content=\"In stock\" \/>\n<script type=\"application\/ld+json\" class=\"yoast-schema-graph\">{\"@context\":\"https:\\\/\\\/schema.org\",\"@graph\":[{\"@type\":[\"WebPage\",\"ItemPage\"],\"@id\":\"https:\\\/\\\/xkton.com\\\/product\\\/the-apocalypse-is-now-orthodox-t-shirt\\\/\",\"url\":\"https:\\\/\\\/xkton.com\\\/product\\\/the-apocalypse-is-now-orthodox-t-shirt\\\/\",\"name\":\"The Apocalypse Is Now | Orthodox T-Shirt &#8212; Xkton\",\"isPartOf\":{\"@id\":\"https:\\\/\\\/xkton.com\\\/#website\"},\"primaryImageOfPage\":{\"@id\":\"https:\\\/\\\/xkton.com\\\/product\\\/the-apocalypse-is-now-orthodox-t-shirt\\\/#primaryimage\"},\"image\":{\"@id\":\"https:\\\/\\\/xkton.com\\\/product\\\/the-apocalypse-is-now-orthodox-t-shirt\\\/#primaryimage\"},\"thumbnailUrl\":\"https:\\\/\\\/xkton.com\\\/wp-content\\\/uploads\\\/2024\\\/09\\\/mockup_apocalypse-2.jpg\",\"datePublished\":\"2024-09-30T17:01:51+00:00\",\"dateModified\":\"2025-09-30T23:55:56+00:00\",\"breadcrumb\":{\"@id\":\"https:\\\/\\\/xkton.com\\\/product\\\/the-apocalypse-is-now-orthodox-t-shirt\\\/#breadcrumb\"},\"inLanguage\":\"fr-CA\",\"potentialAction\":[{\"@type\":\"ReadAction\",\"target\":[\"https:\\\/\\\/xkton.com\\\/product\\\/the-apocalypse-is-now-orthodox-t-shirt\\\/\"]}]},{\"@type\":\"ImageObject\",\"inLanguage\":\"fr-CA\",\"@id\":\"https:\\\/\\\/xkton.com\\\/product\\\/the-apocalypse-is-now-orthodox-t-shirt\\\/#primaryimage\",\"url\":\"https:\\\/\\\/xkton.com\\\/wp-content\\\/uploads\\\/2024\\\/09\\\/mockup_apocalypse-2.jpg\",\"contentUrl\":\"https:\\\/\\\/xkton.com\\\/wp-content\\\/uploads\\\/2024\\\/09\\\/mockup_apocalypse-2.jpg\",\"width\":1200,\"height\":1500,\"caption\":\"T-Shirt with the Spiritual Labyrinth Orthodox icon reading The Apocalypse Is Now, Controle Your Appetites Before They Controle You.\"},{\"@type\":\"BreadcrumbList\",\"@id\":\"https:\\\/\\\/xkton.com\\\/product\\\/the-apocalypse-is-now-orthodox-t-shirt\\\/#breadcrumb\",\"itemListElement\":[{\"@type\":\"ListItem\",\"position\":1,\"name\":\"Home\",\"item\":\"https:\\\/\\\/xkton.com\\\/\"},{\"@type\":\"ListItem\",\"position\":2,\"name\":\"Orthodox Apparel &#8211; Christian Clothing Store\",\"item\":\"https:\\\/\\\/xkton.com\\\/\"},{\"@type\":\"ListItem\",\"position\":3,\"name\":\"The Apocalypse Is Now | Orthodox T-Shirt\"}]},{\"@type\":\"WebSite\",\"@id\":\"https:\\\/\\\/xkton.com\\\/#website\",\"url\":\"https:\\\/\\\/xkton.com\\\/\",\"name\":\"Xkton\",\"description\":\"Apparel for Christians living the Eschaton\",\"publisher\":{\"@id\":\"https:\\\/\\\/xkton.com\\\/#organization\"},\"potentialAction\":[{\"@type\":\"SearchAction\",\"target\":{\"@type\":\"EntryPoint\",\"urlTemplate\":\"https:\\\/\\\/xkton.com\\\/?s={search_term_string}\"},\"query-input\":{\"@type\":\"PropertyValueSpecification\",\"valueRequired\":true,\"valueName\":\"search_term_string\"}}],\"inLanguage\":\"fr-CA\"},{\"@type\":\"Organization\",\"@id\":\"https:\\\/\\\/xkton.com\\\/#organization\",\"name\":\"Xkton - Orthodox Christian Apparel\",\"alternateName\":\"Xkton\",\"url\":\"https:\\\/\\\/xkton.com\\\/\",\"logo\":{\"@type\":\"ImageObject\",\"inLanguage\":\"fr-CA\",\"@id\":\"https:\\\/\\\/xkton.com\\\/#\\\/schema\\\/logo\\\/image\\\/\",\"url\":\"https:\\\/\\\/xkton.com\\\/wp-content\\\/uploads\\\/2023\\\/11\\\/xkton_small.png\",\"contentUrl\":\"https:\\\/\\\/xkton.com\\\/wp-content\\\/uploads\\\/2023\\\/11\\\/xkton_small.png\",\"width\":145,\"height\":200,\"caption\":\"Xkton - Orthodox Christian Apparel\"},\"image\":{\"@id\":\"https:\\\/\\\/xkton.com\\\/#\\\/schema\\\/logo\\\/image\\\/\"},\"sameAs\":[\"https:\\\/\\\/www.facebook.com\\\/xktonstore\",\"https:\\\/\\\/www.instagram.com\\\/xkton_\"],\"hasMerchantReturnPolicy\":{\"@type\":\"MerchantReturnPolicy\",\"merchantReturnLink\":\"https:\\\/\\\/xkton.com\\\/fr\\\/terms-and-conditions\\\/\"}}]}<\/script>\n<meta property=\"og:availability\" content=\"instock\" \/>\n<meta property=\"product:availability\" content=\"instock\" \/>\n<meta property=\"product:condition\" content=\"new\" \/>\n<!-- \/ Yoast SEO plugin. -->","yoast_head_json":{"title":"The Apocalypse Is Now | Orthodox T-Shirt &#8212; Xkton","robots":{"index":"index","follow":"follow","max-snippet":"max-snippet:-1","max-image-preview":"max-image-preview:large","max-video-preview":"max-video-preview:-1"},"canonical":"https:\/\/xkton.com\/fr\/product\/the-apocalypse-is-now-orthodox-t-shirt\/","og_locale":"fr_CA","og_type":"article","og_title":"The Apocalypse Is Now | Orthodox T-Shirt &#8212; Xkton","og_description":"THE APOCALYPSE IS NOW  Controle Your Appetites Before They Controle You","og_url":"https:\/\/xkton.com\/fr\/product\/the-apocalypse-is-now-orthodox-t-shirt\/","og_site_name":"Xkton","article_publisher":"https:\/\/www.facebook.com\/xktonstore","article_modified_time":"2025-09-30T23:55:56+00:00","og_image":[{"width":1200,"height":1500,"url":"https:\/\/xkton.com\/wp-content\/uploads\/2024\/09\/mockup_apocalypse-2.jpg","type":"image\/jpeg"}],"twitter_card":"summary_large_image","twitter_misc":{"Availability":"In stock"},"schema":{"@context":"https:\/\/schema.org","@graph":[{"@type":["WebPage","ItemPage"],"@id":"https:\/\/xkton.com\/product\/the-apocalypse-is-now-orthodox-t-shirt\/","url":"https:\/\/xkton.com\/product\/the-apocalypse-is-now-orthodox-t-shirt\/","name":"The Apocalypse Is Now | Orthodox T-Shirt &#8212; Xkton","isPartOf":{"@id":"https:\/\/xkton.com\/#website"},"primaryImageOfPage":{"@id":"https:\/\/xkton.com\/product\/the-apocalypse-is-now-orthodox-t-shirt\/#primaryimage"},"image":{"@id":"https:\/\/xkton.com\/product\/the-apocalypse-is-now-orthodox-t-shirt\/#primaryimage"},"thumbnailUrl":"https:\/\/xkton.com\/wp-content\/uploads\/2024\/09\/mockup_apocalypse-2.jpg","datePublished":"2024-09-30T17:01:51+00:00","dateModified":"2025-09-30T23:55:56+00:00","breadcrumb":{"@id":"https:\/\/xkton.com\/product\/the-apocalypse-is-now-orthodox-t-shirt\/#breadcrumb"},"inLanguage":"fr-CA","potentialAction":[{"@type":"ReadAction","target":["https:\/\/xkton.com\/product\/the-apocalypse-is-now-orthodox-t-shirt\/"]}]},{"@type":"ImageObject","inLanguage":"fr-CA","@id":"https:\/\/xkton.com\/product\/the-apocalypse-is-now-orthodox-t-shirt\/#primaryimage","url":"https:\/\/xkton.com\/wp-content\/uploads\/2024\/09\/mockup_apocalypse-2.jpg","contentUrl":"https:\/\/xkton.com\/wp-content\/uploads\/2024\/09\/mockup_apocalypse-2.jpg","width":1200,"height":1500,"caption":"T-Shirt with the Spiritual Labyrinth Orthodox icon reading The Apocalypse Is Now, Controle Your Appetites Before They Controle You."},{"@type":"BreadcrumbList","@id":"https:\/\/xkton.com\/product\/the-apocalypse-is-now-orthodox-t-shirt\/#breadcrumb","itemListElement":[{"@type":"ListItem","position":1,"name":"Home","item":"https:\/\/xkton.com\/"},{"@type":"ListItem","position":2,"name":"Orthodox Apparel &#8211; Christian Clothing Store","item":"https:\/\/xkton.com\/"},{"@type":"ListItem","position":3,"name":"The Apocalypse Is Now | Orthodox T-Shirt"}]},{"@type":"WebSite","@id":"https:\/\/xkton.com\/#website","url":"https:\/\/xkton.com\/","name":"Xkton","description":"Apparel for Christians living the Eschaton","publisher":{"@id":"https:\/\/xkton.com\/#organization"},"potentialAction":[{"@type":"SearchAction","target":{"@type":"EntryPoint","urlTemplate":"https:\/\/xkton.com\/?s={search_term_string}"},"query-input":{"@type":"PropertyValueSpecification","valueRequired":true,"valueName":"search_term_string"}}],"inLanguage":"fr-CA"},{"@type":"Organization","@id":"https:\/\/xkton.com\/#organization","name":"Xkton - Orthodox Christian Apparel","alternateName":"Xkton","url":"https:\/\/xkton.com\/","logo":{"@type":"ImageObject","inLanguage":"fr-CA","@id":"https:\/\/xkton.com\/#\/schema\/logo\/image\/","url":"https:\/\/xkton.com\/wp-content\/uploads\/2023\/11\/xkton_small.png","contentUrl":"https:\/\/xkton.com\/wp-content\/uploads\/2023\/11\/xkton_small.png","width":145,"height":200,"caption":"Xkton - Orthodox Christian Apparel"},"image":{"@id":"https:\/\/xkton.com\/#\/schema\/logo\/image\/"},"sameAs":["https:\/\/www.facebook.com\/xktonstore","https:\/\/www.instagram.com\/xkton_"],"hasMerchantReturnPolicy":{"@type":"MerchantReturnPolicy","merchantReturnLink":"https:\/\/xkton.com\/fr\/terms-and-conditions\/"}}]},"og_availability":"instock","product_availability":"instock","product_condition":"new"},"_links":{"self":[{"href":"https:\/\/xkton.com\/fr\/wp-json\/wp\/v2\/product\/2716","targetHints":{"allow":["GET"]}}],"collection":[{"href":"https:\/\/xkton.com\/fr\/wp-json\/wp\/v2\/product"}],"about":[{"href":"https:\/\/xkton.com\/fr\/wp-json\/wp\/v2\/types\/product"}],"wp:featuredmedia":[{"embeddable":true,"href":"https:\/\/xkton.com\/fr\/wp-json\/wp\/v2\/media\/2743"}],"wp:attachment":[{"href":"https:\/\/xkton.com\/fr\/wp-json\/wp\/v2\/media?parent=2716"}],"wp:term":[{"taxonomy":"product_brand","embeddable":true,"href":"https:\/\/xkton.com\/fr\/wp-json\/wp\/v2\/product_brand?post=2716"},{"taxonomy":"product_cat","embeddable":true,"href":"https:\/\/xkton.com\/fr\/wp-json\/wp\/v2\/product_cat?post=2716"},{"taxonomy":"product_tag","embeddable":true,"href":"https:\/\/xkton.com\/fr\/wp-json\/wp\/v2\/product_tag?post=2716"}],"curies":[{"name":"wp","href":"https:\/\/api.w.org\/{rel}","templated":true}]}}