{"id":2745,"date":"2024-10-02T11:53:03","date_gmt":"2024-10-02T15:53:03","guid":{"rendered":"https:\/\/xkton.com\/?post_type=product&#038;p=2745"},"modified":"2025-09-30T19:57:27","modified_gmt":"2025-09-30T23:57:27","slug":"keep-thy-mind-in-hell-orthodox-t-shirt","status":"publish","type":"product","link":"https:\/\/xkton.com\/fr\/product\/keep-thy-mind-in-hell-orthodox-t-shirt\/","title":{"rendered":"Tiens ton esprit en Enfer | T-shirt orthodoxe"},"content":{"rendered":"<h4>Tiens ton esprit en Enfer et ne d\u00e9sesp\u00e8re pas<\/h4>\n<p>Ce t-shirt pr\u00e9sente un design personnalis\u00e9 d'un moine se faisant crucifier avec des d\u00e9mons entourant le moine crucifi\u00e9 et tirant des fl\u00e8ches sur lui. On peut y lire \u00ab Tiens ton esprit en enfer et ne d\u00e9sesp\u00e8re pas \u00bb, une parole r\u00e9v\u00e9latrice du Christ \u00e0 Saint Silouane l'Athonite.<\/p>\n<p><em>Nous lisons dans la vie de saint Silouan : \u00ab TIens votre esprit en enfer et ne d\u00e9sesp\u00e8re pas \u00bb. C'est tr\u00e8s difficile. Il faut beaucoup d'audace, beaucoup de courage. Il faut que quelqu'un soit initi\u00e9 \u00e0 ces choses pour garder l'esprit en enfer. C'est-\u00e0-dire croire qu'il est fait pour l'enfer et comme s'il \u00e9tait pr\u00eat \u00e0 tomber en enfer, mais en m\u00eame temps ne pas d\u00e9sesp\u00e9rer. C'est ce que faisaient les saints ; nous ne pouvons pas comprendre ces choses. Malheureusement, nous allons exactement \u00e0 l'autre extr\u00eame.<\/em><\/p>\n<p><em>Le christianisme d'aujourd'hui, dans lequel on est \u00e0 l'aise, est tr\u00e8s dangereux. En d'autres termes, nous ne gardons que ce qui est agr\u00e9able, ce qui est facile \u00e0 faire et nous le faisons. Tout ce qui n'est pas pratique, tout ce qui nous met \u00e0 l'\u00e9cart, nous l'\u00e9vitons. C'est ainsi que nous avons un christianisme de convenance. Et malheur : nous n'avons pas la gr\u00e2ce de Dieu.<\/em><\/p>\n<p>\u2013 Ancien Sym\u00e9on Kragiopolous<\/p>","protected":false},"excerpt":{"rendered":"<p><strong>SAINT SILOUANE<\/strong><\/p>\n<p>Tiens ton esprit en Enfer et ne d\u00e9sesp\u00e8re pas.<\/p>","protected":false},"featured_media":2754,"template":"","meta":[],"product_brand":[],"product_cat":[36],"product_tag":[],"class_list":{"0":"post-2745","1":"product","2":"type-product","3":"status-publish","4":"has-post-thumbnail","6":"product_cat-apparel","8":"first","9":"instock","10":"shipping-taxable","11":"purchasable","12":"product-type-variable"},"yoast_head":"<!-- This site is optimized with the Yoast SEO plugin v27.4 - https:\/\/yoast.com\/product\/yoast-seo-wordpress\/ -->\n<title>Keep Thy Mind in Hell | Orthodox T-Shirt &#8212; Xkton<\/title>\n<meta name=\"robots\" content=\"index, follow, max-snippet:-1, max-image-preview:large, max-video-preview:-1\" \/>\n<link rel=\"canonical\" href=\"https:\/\/xkton.com\/fr\/product\/keep-thy-mind-in-hell-orthodox-t-shirt\/\" \/>\n<meta property=\"og:locale\" content=\"fr_CA\" \/>\n<meta property=\"og:type\" content=\"article\" \/>\n<meta property=\"og:title\" content=\"Keep Thy Mind in Hell | Orthodox T-Shirt &#8212; Xkton\" \/>\n<meta property=\"og:description\" content=\"SAINT SILOUAN  Keep thy mind in Hell and despair not.\" \/>\n<meta property=\"og:url\" content=\"https:\/\/xkton.com\/fr\/product\/keep-thy-mind-in-hell-orthodox-t-shirt\/\" \/>\n<meta property=\"og:site_name\" content=\"Xkton\" \/>\n<meta property=\"article:publisher\" content=\"https:\/\/www.facebook.com\/xktonstore\" \/>\n<meta property=\"article:modified_time\" content=\"2025-09-30T23:57:27+00:00\" \/>\n<meta property=\"og:image\" content=\"https:\/\/xkton.com\/wp-content\/uploads\/2024\/10\/mockup_humility_en.jpg\" \/>\n\t<meta property=\"og:image:width\" content=\"1200\" \/>\n\t<meta property=\"og:image:height\" content=\"1500\" \/>\n\t<meta property=\"og:image:type\" content=\"image\/jpeg\" \/>\n<meta name=\"twitter:card\" content=\"summary_large_image\" \/>\n<meta name=\"twitter:label1\" content=\"Availability\" \/>\n\t<meta name=\"twitter:data1\" content=\"In stock\" \/>\n<script type=\"application\/ld+json\" class=\"yoast-schema-graph\">{\"@context\":\"https:\\\/\\\/schema.org\",\"@graph\":[{\"@type\":[\"WebPage\",\"ItemPage\"],\"@id\":\"https:\\\/\\\/xkton.com\\\/product\\\/keep-thy-mind-in-hell-orthodox-t-shirt\\\/\",\"url\":\"https:\\\/\\\/xkton.com\\\/product\\\/keep-thy-mind-in-hell-orthodox-t-shirt\\\/\",\"name\":\"Keep Thy Mind in Hell | Orthodox T-Shirt &#8212; Xkton\",\"isPartOf\":{\"@id\":\"https:\\\/\\\/xkton.com\\\/#website\"},\"primaryImageOfPage\":{\"@id\":\"https:\\\/\\\/xkton.com\\\/product\\\/keep-thy-mind-in-hell-orthodox-t-shirt\\\/#primaryimage\"},\"image\":{\"@id\":\"https:\\\/\\\/xkton.com\\\/product\\\/keep-thy-mind-in-hell-orthodox-t-shirt\\\/#primaryimage\"},\"thumbnailUrl\":\"https:\\\/\\\/xkton.com\\\/wp-content\\\/uploads\\\/2024\\\/10\\\/mockup_humility_en.jpg\",\"datePublished\":\"2024-10-02T15:53:03+00:00\",\"dateModified\":\"2025-09-30T23:57:27+00:00\",\"breadcrumb\":{\"@id\":\"https:\\\/\\\/xkton.com\\\/product\\\/keep-thy-mind-in-hell-orthodox-t-shirt\\\/#breadcrumb\"},\"inLanguage\":\"fr-CA\",\"potentialAction\":[{\"@type\":\"ReadAction\",\"target\":[\"https:\\\/\\\/xkton.com\\\/product\\\/keep-thy-mind-in-hell-orthodox-t-shirt\\\/\"]}]},{\"@type\":\"ImageObject\",\"inLanguage\":\"fr-CA\",\"@id\":\"https:\\\/\\\/xkton.com\\\/product\\\/keep-thy-mind-in-hell-orthodox-t-shirt\\\/#primaryimage\",\"url\":\"https:\\\/\\\/xkton.com\\\/wp-content\\\/uploads\\\/2024\\\/10\\\/mockup_humility_en.jpg\",\"contentUrl\":\"https:\\\/\\\/xkton.com\\\/wp-content\\\/uploads\\\/2024\\\/10\\\/mockup_humility_en.jpg\",\"width\":1200,\"height\":1500,\"caption\":\"T-Shirt of an orthodox monk getting crucified reading Keep thy mind in Hell and despair not.\"},{\"@type\":\"BreadcrumbList\",\"@id\":\"https:\\\/\\\/xkton.com\\\/product\\\/keep-thy-mind-in-hell-orthodox-t-shirt\\\/#breadcrumb\",\"itemListElement\":[{\"@type\":\"ListItem\",\"position\":1,\"name\":\"Home\",\"item\":\"https:\\\/\\\/xkton.com\\\/\"},{\"@type\":\"ListItem\",\"position\":2,\"name\":\"Orthodox Apparel &#8211; Christian Clothing Store\",\"item\":\"https:\\\/\\\/xkton.com\\\/\"},{\"@type\":\"ListItem\",\"position\":3,\"name\":\"Keep Thy Mind in Hell | Orthodox T-Shirt\"}]},{\"@type\":\"WebSite\",\"@id\":\"https:\\\/\\\/xkton.com\\\/#website\",\"url\":\"https:\\\/\\\/xkton.com\\\/\",\"name\":\"Xkton\",\"description\":\"Apparel for Christians living the Eschaton\",\"publisher\":{\"@id\":\"https:\\\/\\\/xkton.com\\\/#organization\"},\"potentialAction\":[{\"@type\":\"SearchAction\",\"target\":{\"@type\":\"EntryPoint\",\"urlTemplate\":\"https:\\\/\\\/xkton.com\\\/?s={search_term_string}\"},\"query-input\":{\"@type\":\"PropertyValueSpecification\",\"valueRequired\":true,\"valueName\":\"search_term_string\"}}],\"inLanguage\":\"fr-CA\"},{\"@type\":\"Organization\",\"@id\":\"https:\\\/\\\/xkton.com\\\/#organization\",\"name\":\"Xkton - Orthodox Christian Apparel\",\"alternateName\":\"Xkton\",\"url\":\"https:\\\/\\\/xkton.com\\\/\",\"logo\":{\"@type\":\"ImageObject\",\"inLanguage\":\"fr-CA\",\"@id\":\"https:\\\/\\\/xkton.com\\\/#\\\/schema\\\/logo\\\/image\\\/\",\"url\":\"https:\\\/\\\/xkton.com\\\/wp-content\\\/uploads\\\/2023\\\/11\\\/xkton_small.png\",\"contentUrl\":\"https:\\\/\\\/xkton.com\\\/wp-content\\\/uploads\\\/2023\\\/11\\\/xkton_small.png\",\"width\":145,\"height\":200,\"caption\":\"Xkton - Orthodox Christian Apparel\"},\"image\":{\"@id\":\"https:\\\/\\\/xkton.com\\\/#\\\/schema\\\/logo\\\/image\\\/\"},\"sameAs\":[\"https:\\\/\\\/www.facebook.com\\\/xktonstore\",\"https:\\\/\\\/www.instagram.com\\\/xkton_\"],\"hasMerchantReturnPolicy\":{\"@type\":\"MerchantReturnPolicy\",\"merchantReturnLink\":\"https:\\\/\\\/xkton.com\\\/fr\\\/terms-and-conditions\\\/\"}}]}<\/script>\n<meta property=\"og:availability\" content=\"instock\" \/>\n<meta property=\"product:availability\" content=\"instock\" \/>\n<meta property=\"product:condition\" content=\"new\" \/>\n<!-- \/ Yoast SEO plugin. -->","yoast_head_json":{"title":"Keep Thy Mind in Hell | Orthodox T-Shirt &#8212; Xkton","robots":{"index":"index","follow":"follow","max-snippet":"max-snippet:-1","max-image-preview":"max-image-preview:large","max-video-preview":"max-video-preview:-1"},"canonical":"https:\/\/xkton.com\/fr\/product\/keep-thy-mind-in-hell-orthodox-t-shirt\/","og_locale":"fr_CA","og_type":"article","og_title":"Keep Thy Mind in Hell | Orthodox T-Shirt &#8212; Xkton","og_description":"SAINT SILOUAN  Keep thy mind in Hell and despair not.","og_url":"https:\/\/xkton.com\/fr\/product\/keep-thy-mind-in-hell-orthodox-t-shirt\/","og_site_name":"Xkton","article_publisher":"https:\/\/www.facebook.com\/xktonstore","article_modified_time":"2025-09-30T23:57:27+00:00","og_image":[{"width":1200,"height":1500,"url":"https:\/\/xkton.com\/wp-content\/uploads\/2024\/10\/mockup_humility_en.jpg","type":"image\/jpeg"}],"twitter_card":"summary_large_image","twitter_misc":{"Availability":"In stock"},"schema":{"@context":"https:\/\/schema.org","@graph":[{"@type":["WebPage","ItemPage"],"@id":"https:\/\/xkton.com\/product\/keep-thy-mind-in-hell-orthodox-t-shirt\/","url":"https:\/\/xkton.com\/product\/keep-thy-mind-in-hell-orthodox-t-shirt\/","name":"Keep Thy Mind in Hell | Orthodox T-Shirt &#8212; Xkton","isPartOf":{"@id":"https:\/\/xkton.com\/#website"},"primaryImageOfPage":{"@id":"https:\/\/xkton.com\/product\/keep-thy-mind-in-hell-orthodox-t-shirt\/#primaryimage"},"image":{"@id":"https:\/\/xkton.com\/product\/keep-thy-mind-in-hell-orthodox-t-shirt\/#primaryimage"},"thumbnailUrl":"https:\/\/xkton.com\/wp-content\/uploads\/2024\/10\/mockup_humility_en.jpg","datePublished":"2024-10-02T15:53:03+00:00","dateModified":"2025-09-30T23:57:27+00:00","breadcrumb":{"@id":"https:\/\/xkton.com\/product\/keep-thy-mind-in-hell-orthodox-t-shirt\/#breadcrumb"},"inLanguage":"fr-CA","potentialAction":[{"@type":"ReadAction","target":["https:\/\/xkton.com\/product\/keep-thy-mind-in-hell-orthodox-t-shirt\/"]}]},{"@type":"ImageObject","inLanguage":"fr-CA","@id":"https:\/\/xkton.com\/product\/keep-thy-mind-in-hell-orthodox-t-shirt\/#primaryimage","url":"https:\/\/xkton.com\/wp-content\/uploads\/2024\/10\/mockup_humility_en.jpg","contentUrl":"https:\/\/xkton.com\/wp-content\/uploads\/2024\/10\/mockup_humility_en.jpg","width":1200,"height":1500,"caption":"T-Shirt of an orthodox monk getting crucified reading Keep thy mind in Hell and despair not."},{"@type":"BreadcrumbList","@id":"https:\/\/xkton.com\/product\/keep-thy-mind-in-hell-orthodox-t-shirt\/#breadcrumb","itemListElement":[{"@type":"ListItem","position":1,"name":"Home","item":"https:\/\/xkton.com\/"},{"@type":"ListItem","position":2,"name":"Orthodox Apparel &#8211; Christian Clothing Store","item":"https:\/\/xkton.com\/"},{"@type":"ListItem","position":3,"name":"Keep Thy Mind in Hell | Orthodox T-Shirt"}]},{"@type":"WebSite","@id":"https:\/\/xkton.com\/#website","url":"https:\/\/xkton.com\/","name":"Xkton","description":"Apparel for Christians living the Eschaton","publisher":{"@id":"https:\/\/xkton.com\/#organization"},"potentialAction":[{"@type":"SearchAction","target":{"@type":"EntryPoint","urlTemplate":"https:\/\/xkton.com\/?s={search_term_string}"},"query-input":{"@type":"PropertyValueSpecification","valueRequired":true,"valueName":"search_term_string"}}],"inLanguage":"fr-CA"},{"@type":"Organization","@id":"https:\/\/xkton.com\/#organization","name":"Xkton - Orthodox Christian Apparel","alternateName":"Xkton","url":"https:\/\/xkton.com\/","logo":{"@type":"ImageObject","inLanguage":"fr-CA","@id":"https:\/\/xkton.com\/#\/schema\/logo\/image\/","url":"https:\/\/xkton.com\/wp-content\/uploads\/2023\/11\/xkton_small.png","contentUrl":"https:\/\/xkton.com\/wp-content\/uploads\/2023\/11\/xkton_small.png","width":145,"height":200,"caption":"Xkton - Orthodox Christian Apparel"},"image":{"@id":"https:\/\/xkton.com\/#\/schema\/logo\/image\/"},"sameAs":["https:\/\/www.facebook.com\/xktonstore","https:\/\/www.instagram.com\/xkton_"],"hasMerchantReturnPolicy":{"@type":"MerchantReturnPolicy","merchantReturnLink":"https:\/\/xkton.com\/fr\/terms-and-conditions\/"}}]},"og_availability":"instock","product_availability":"instock","product_condition":"new"},"_links":{"self":[{"href":"https:\/\/xkton.com\/fr\/wp-json\/wp\/v2\/product\/2745","targetHints":{"allow":["GET"]}}],"collection":[{"href":"https:\/\/xkton.com\/fr\/wp-json\/wp\/v2\/product"}],"about":[{"href":"https:\/\/xkton.com\/fr\/wp-json\/wp\/v2\/types\/product"}],"wp:featuredmedia":[{"embeddable":true,"href":"https:\/\/xkton.com\/fr\/wp-json\/wp\/v2\/media\/2754"}],"wp:attachment":[{"href":"https:\/\/xkton.com\/fr\/wp-json\/wp\/v2\/media?parent=2745"}],"wp:term":[{"taxonomy":"product_brand","embeddable":true,"href":"https:\/\/xkton.com\/fr\/wp-json\/wp\/v2\/product_brand?post=2745"},{"taxonomy":"product_cat","embeddable":true,"href":"https:\/\/xkton.com\/fr\/wp-json\/wp\/v2\/product_cat?post=2745"},{"taxonomy":"product_tag","embeddable":true,"href":"https:\/\/xkton.com\/fr\/wp-json\/wp\/v2\/product_tag?post=2745"}],"curies":[{"name":"wp","href":"https:\/\/api.w.org\/{rel}","templated":true}]}}