{"id":2799,"date":"2025-01-07T14:45:03","date_gmt":"2025-01-07T19:45:03","guid":{"rendered":"https:\/\/xkton.com\/?post_type=product&#038;p=2799"},"modified":"2026-01-08T09:58:06","modified_gmt":"2026-01-08T14:58:06","slug":"the-unseen-warfare-orthodox-t-shirt","status":"publish","type":"product","link":"https:\/\/xkton.com\/fr\/product\/the-unseen-warfare-orthodox-t-shirt\/","title":{"rendered":"Le combat spirituel | T-shirt orthodoxe"},"content":{"rendered":"<h4>Le combat spirituel<\/h4>\n<p>Ce T-shirt pr\u00e9sente un dessin de l'Archange Saint Michel terrassant Satan avec l'inscription \u00ab The Unseen Warfare \u00bb et une citation d'une phrase de Saint Anatoly d'Optina.<\/p>\n<p>\u00ab Luttez-vous contre vos passions ? Combattez, combattez, et soyez de bons soldats du Christ ! Ne c\u00e9dez pas au mal et ne vous laissez pas emporter par la faiblesse de la chair. Au moment de la tentation, fuyez vers le M\u00e9decin, en criant avec la Sainte \u00c9glise, notre m\u00e8re : \u00d4 Dieu, compte-moi parmi les voleurs, les prostitu\u00e9es et les publicains, comme eux repentants, et sauve-moi !  \u00bb<\/p>\n<p>\u2013 Saint Anatoly of Optina<\/p>","protected":false},"excerpt":{"rendered":"<p><strong>LE COMBAT SPIRITUEL<\/strong><\/p>\n<p>Ne c\u00e9dez pas au mal et ne vous laissez pas entra\u00eener par la faiblesse de la chair.<\/p>","protected":false},"featured_media":2808,"template":"","meta":[],"product_brand":[],"product_cat":[36],"product_tag":[],"class_list":{"0":"post-2799","1":"product","2":"type-product","3":"status-publish","4":"has-post-thumbnail","6":"product_cat-apparel","8":"first","9":"instock","10":"sale","11":"shipping-taxable","12":"purchasable","13":"product-type-variable"},"yoast_head":"<!-- This site is optimized with the Yoast SEO plugin v27.4 - https:\/\/yoast.com\/product\/yoast-seo-wordpress\/ -->\n<title>The Unseen Warfare | Orthodox T-Shirt &#8212; Xkton<\/title>\n<meta name=\"robots\" content=\"index, follow, max-snippet:-1, max-image-preview:large, max-video-preview:-1\" \/>\n<link rel=\"canonical\" href=\"https:\/\/xkton.com\/fr\/product\/the-unseen-warfare-orthodox-t-shirt\/\" \/>\n<meta property=\"og:locale\" content=\"fr_CA\" \/>\n<meta property=\"og:type\" content=\"article\" \/>\n<meta property=\"og:title\" content=\"The Unseen Warfare | Orthodox T-Shirt &#8212; Xkton\" \/>\n<meta property=\"og:description\" content=\"THE UNSEEN WARFARE  Do not give in to evil and do not be carried away by the weakness of the flesh.\" \/>\n<meta property=\"og:url\" content=\"https:\/\/xkton.com\/fr\/product\/the-unseen-warfare-orthodox-t-shirt\/\" \/>\n<meta property=\"og:site_name\" content=\"Xkton\" \/>\n<meta property=\"article:publisher\" content=\"https:\/\/www.facebook.com\/xktonstore\" \/>\n<meta property=\"article:modified_time\" content=\"2026-01-08T14:58:06+00:00\" \/>\n<meta property=\"og:image\" content=\"https:\/\/xkton.com\/wp-content\/uploads\/2025\/01\/mockup_warfare_red.jpg\" \/>\n\t<meta property=\"og:image:width\" content=\"1200\" \/>\n\t<meta property=\"og:image:height\" content=\"1500\" \/>\n\t<meta property=\"og:image:type\" content=\"image\/jpeg\" \/>\n<meta name=\"twitter:card\" content=\"summary_large_image\" \/>\n<meta name=\"twitter:label1\" content=\"Availability\" \/>\n\t<meta name=\"twitter:data1\" content=\"In stock\" \/>\n<script type=\"application\/ld+json\" class=\"yoast-schema-graph\">{\"@context\":\"https:\\\/\\\/schema.org\",\"@graph\":[{\"@type\":[\"WebPage\",\"ItemPage\"],\"@id\":\"https:\\\/\\\/xkton.com\\\/product\\\/the-unseen-warfare-orthodox-t-shirt\\\/\",\"url\":\"https:\\\/\\\/xkton.com\\\/product\\\/the-unseen-warfare-orthodox-t-shirt\\\/\",\"name\":\"The Unseen Warfare | Orthodox T-Shirt &#8212; Xkton\",\"isPartOf\":{\"@id\":\"https:\\\/\\\/xkton.com\\\/#website\"},\"primaryImageOfPage\":{\"@id\":\"https:\\\/\\\/xkton.com\\\/product\\\/the-unseen-warfare-orthodox-t-shirt\\\/#primaryimage\"},\"image\":{\"@id\":\"https:\\\/\\\/xkton.com\\\/product\\\/the-unseen-warfare-orthodox-t-shirt\\\/#primaryimage\"},\"thumbnailUrl\":\"https:\\\/\\\/xkton.com\\\/wp-content\\\/uploads\\\/2025\\\/01\\\/mockup_warfare_red.jpg\",\"datePublished\":\"2025-01-07T19:45:03+00:00\",\"dateModified\":\"2026-01-08T14:58:06+00:00\",\"breadcrumb\":{\"@id\":\"https:\\\/\\\/xkton.com\\\/product\\\/the-unseen-warfare-orthodox-t-shirt\\\/#breadcrumb\"},\"inLanguage\":\"fr-CA\",\"potentialAction\":[{\"@type\":\"ReadAction\",\"target\":[\"https:\\\/\\\/xkton.com\\\/product\\\/the-unseen-warfare-orthodox-t-shirt\\\/\"]}]},{\"@type\":\"ImageObject\",\"inLanguage\":\"fr-CA\",\"@id\":\"https:\\\/\\\/xkton.com\\\/product\\\/the-unseen-warfare-orthodox-t-shirt\\\/#primaryimage\",\"url\":\"https:\\\/\\\/xkton.com\\\/wp-content\\\/uploads\\\/2025\\\/01\\\/mockup_warfare_red.jpg\",\"contentUrl\":\"https:\\\/\\\/xkton.com\\\/wp-content\\\/uploads\\\/2025\\\/01\\\/mockup_warfare_red.jpg\",\"width\":1200,\"height\":1500,\"caption\":\"T-Shirt of the Archangel Saint Michael slaying Satan reading The Unseen Warfare in red.\"},{\"@type\":\"BreadcrumbList\",\"@id\":\"https:\\\/\\\/xkton.com\\\/product\\\/the-unseen-warfare-orthodox-t-shirt\\\/#breadcrumb\",\"itemListElement\":[{\"@type\":\"ListItem\",\"position\":1,\"name\":\"Home\",\"item\":\"https:\\\/\\\/xkton.com\\\/\"},{\"@type\":\"ListItem\",\"position\":2,\"name\":\"Orthodox Apparel &#8211; Christian Clothing Store\",\"item\":\"https:\\\/\\\/xkton.com\\\/\"},{\"@type\":\"ListItem\",\"position\":3,\"name\":\"The Unseen Warfare | Orthodox T-Shirt\"}]},{\"@type\":\"WebSite\",\"@id\":\"https:\\\/\\\/xkton.com\\\/#website\",\"url\":\"https:\\\/\\\/xkton.com\\\/\",\"name\":\"Xkton\",\"description\":\"Apparel for Christians living the Eschaton\",\"publisher\":{\"@id\":\"https:\\\/\\\/xkton.com\\\/#organization\"},\"potentialAction\":[{\"@type\":\"SearchAction\",\"target\":{\"@type\":\"EntryPoint\",\"urlTemplate\":\"https:\\\/\\\/xkton.com\\\/?s={search_term_string}\"},\"query-input\":{\"@type\":\"PropertyValueSpecification\",\"valueRequired\":true,\"valueName\":\"search_term_string\"}}],\"inLanguage\":\"fr-CA\"},{\"@type\":\"Organization\",\"@id\":\"https:\\\/\\\/xkton.com\\\/#organization\",\"name\":\"Xkton - Orthodox Christian Apparel\",\"alternateName\":\"Xkton\",\"url\":\"https:\\\/\\\/xkton.com\\\/\",\"logo\":{\"@type\":\"ImageObject\",\"inLanguage\":\"fr-CA\",\"@id\":\"https:\\\/\\\/xkton.com\\\/#\\\/schema\\\/logo\\\/image\\\/\",\"url\":\"https:\\\/\\\/xkton.com\\\/wp-content\\\/uploads\\\/2023\\\/11\\\/xkton_small.png\",\"contentUrl\":\"https:\\\/\\\/xkton.com\\\/wp-content\\\/uploads\\\/2023\\\/11\\\/xkton_small.png\",\"width\":145,\"height\":200,\"caption\":\"Xkton - Orthodox Christian Apparel\"},\"image\":{\"@id\":\"https:\\\/\\\/xkton.com\\\/#\\\/schema\\\/logo\\\/image\\\/\"},\"sameAs\":[\"https:\\\/\\\/www.facebook.com\\\/xktonstore\",\"https:\\\/\\\/www.instagram.com\\\/xkton_\"],\"hasMerchantReturnPolicy\":{\"@type\":\"MerchantReturnPolicy\",\"merchantReturnLink\":\"https:\\\/\\\/xkton.com\\\/fr\\\/terms-and-conditions\\\/\"}}]}<\/script>\n<meta property=\"og:availability\" content=\"instock\" \/>\n<meta property=\"product:availability\" content=\"instock\" \/>\n<meta property=\"product:condition\" content=\"new\" \/>\n<!-- \/ Yoast SEO plugin. -->","yoast_head_json":{"title":"The Unseen Warfare | Orthodox T-Shirt &#8212; Xkton","robots":{"index":"index","follow":"follow","max-snippet":"max-snippet:-1","max-image-preview":"max-image-preview:large","max-video-preview":"max-video-preview:-1"},"canonical":"https:\/\/xkton.com\/fr\/product\/the-unseen-warfare-orthodox-t-shirt\/","og_locale":"fr_CA","og_type":"article","og_title":"The Unseen Warfare | Orthodox T-Shirt &#8212; Xkton","og_description":"THE UNSEEN WARFARE  Do not give in to evil and do not be carried away by the weakness of the flesh.","og_url":"https:\/\/xkton.com\/fr\/product\/the-unseen-warfare-orthodox-t-shirt\/","og_site_name":"Xkton","article_publisher":"https:\/\/www.facebook.com\/xktonstore","article_modified_time":"2026-01-08T14:58:06+00:00","og_image":[{"width":1200,"height":1500,"url":"https:\/\/xkton.com\/wp-content\/uploads\/2025\/01\/mockup_warfare_red.jpg","type":"image\/jpeg"}],"twitter_card":"summary_large_image","twitter_misc":{"Availability":"In stock"},"schema":{"@context":"https:\/\/schema.org","@graph":[{"@type":["WebPage","ItemPage"],"@id":"https:\/\/xkton.com\/product\/the-unseen-warfare-orthodox-t-shirt\/","url":"https:\/\/xkton.com\/product\/the-unseen-warfare-orthodox-t-shirt\/","name":"The Unseen Warfare | Orthodox T-Shirt &#8212; Xkton","isPartOf":{"@id":"https:\/\/xkton.com\/#website"},"primaryImageOfPage":{"@id":"https:\/\/xkton.com\/product\/the-unseen-warfare-orthodox-t-shirt\/#primaryimage"},"image":{"@id":"https:\/\/xkton.com\/product\/the-unseen-warfare-orthodox-t-shirt\/#primaryimage"},"thumbnailUrl":"https:\/\/xkton.com\/wp-content\/uploads\/2025\/01\/mockup_warfare_red.jpg","datePublished":"2025-01-07T19:45:03+00:00","dateModified":"2026-01-08T14:58:06+00:00","breadcrumb":{"@id":"https:\/\/xkton.com\/product\/the-unseen-warfare-orthodox-t-shirt\/#breadcrumb"},"inLanguage":"fr-CA","potentialAction":[{"@type":"ReadAction","target":["https:\/\/xkton.com\/product\/the-unseen-warfare-orthodox-t-shirt\/"]}]},{"@type":"ImageObject","inLanguage":"fr-CA","@id":"https:\/\/xkton.com\/product\/the-unseen-warfare-orthodox-t-shirt\/#primaryimage","url":"https:\/\/xkton.com\/wp-content\/uploads\/2025\/01\/mockup_warfare_red.jpg","contentUrl":"https:\/\/xkton.com\/wp-content\/uploads\/2025\/01\/mockup_warfare_red.jpg","width":1200,"height":1500,"caption":"T-Shirt of the Archangel Saint Michael slaying Satan reading The Unseen Warfare in red."},{"@type":"BreadcrumbList","@id":"https:\/\/xkton.com\/product\/the-unseen-warfare-orthodox-t-shirt\/#breadcrumb","itemListElement":[{"@type":"ListItem","position":1,"name":"Home","item":"https:\/\/xkton.com\/"},{"@type":"ListItem","position":2,"name":"Orthodox Apparel &#8211; Christian Clothing Store","item":"https:\/\/xkton.com\/"},{"@type":"ListItem","position":3,"name":"The Unseen Warfare | Orthodox T-Shirt"}]},{"@type":"WebSite","@id":"https:\/\/xkton.com\/#website","url":"https:\/\/xkton.com\/","name":"Xkton","description":"Apparel for Christians living the Eschaton","publisher":{"@id":"https:\/\/xkton.com\/#organization"},"potentialAction":[{"@type":"SearchAction","target":{"@type":"EntryPoint","urlTemplate":"https:\/\/xkton.com\/?s={search_term_string}"},"query-input":{"@type":"PropertyValueSpecification","valueRequired":true,"valueName":"search_term_string"}}],"inLanguage":"fr-CA"},{"@type":"Organization","@id":"https:\/\/xkton.com\/#organization","name":"Xkton - Orthodox Christian Apparel","alternateName":"Xkton","url":"https:\/\/xkton.com\/","logo":{"@type":"ImageObject","inLanguage":"fr-CA","@id":"https:\/\/xkton.com\/#\/schema\/logo\/image\/","url":"https:\/\/xkton.com\/wp-content\/uploads\/2023\/11\/xkton_small.png","contentUrl":"https:\/\/xkton.com\/wp-content\/uploads\/2023\/11\/xkton_small.png","width":145,"height":200,"caption":"Xkton - Orthodox Christian Apparel"},"image":{"@id":"https:\/\/xkton.com\/#\/schema\/logo\/image\/"},"sameAs":["https:\/\/www.facebook.com\/xktonstore","https:\/\/www.instagram.com\/xkton_"],"hasMerchantReturnPolicy":{"@type":"MerchantReturnPolicy","merchantReturnLink":"https:\/\/xkton.com\/fr\/terms-and-conditions\/"}}]},"og_availability":"instock","product_availability":"instock","product_condition":"new"},"_links":{"self":[{"href":"https:\/\/xkton.com\/fr\/wp-json\/wp\/v2\/product\/2799","targetHints":{"allow":["GET"]}}],"collection":[{"href":"https:\/\/xkton.com\/fr\/wp-json\/wp\/v2\/product"}],"about":[{"href":"https:\/\/xkton.com\/fr\/wp-json\/wp\/v2\/types\/product"}],"wp:featuredmedia":[{"embeddable":true,"href":"https:\/\/xkton.com\/fr\/wp-json\/wp\/v2\/media\/2808"}],"wp:attachment":[{"href":"https:\/\/xkton.com\/fr\/wp-json\/wp\/v2\/media?parent=2799"}],"wp:term":[{"taxonomy":"product_brand","embeddable":true,"href":"https:\/\/xkton.com\/fr\/wp-json\/wp\/v2\/product_brand?post=2799"},{"taxonomy":"product_cat","embeddable":true,"href":"https:\/\/xkton.com\/fr\/wp-json\/wp\/v2\/product_cat?post=2799"},{"taxonomy":"product_tag","embeddable":true,"href":"https:\/\/xkton.com\/fr\/wp-json\/wp\/v2\/product_tag?post=2799"}],"curies":[{"name":"wp","href":"https:\/\/api.w.org\/{rel}","templated":true}]}}