{"id":2961,"date":"2025-05-17T11:10:07","date_gmt":"2025-05-17T15:10:07","guid":{"rendered":"https:\/\/xkton.com\/?post_type=product&#038;p=2961"},"modified":"2026-01-08T09:58:21","modified_gmt":"2026-01-08T14:58:21","slug":"icxc-nika-orthodox-t-shirt","status":"publish","type":"product","link":"https:\/\/xkton.com\/fr\/product\/icxc-nika-orthodox-t-shirt\/","title":{"rendered":"Croix IC\u00b7XC NI\u00b7KA | T-shirt orthodoxe"},"content":{"rendered":"<h4>J\u00e9sus Christ victorieux<\/h4>\n<p>Ce tee-shirt est orn\u00e9 du christogramme ICXC NIKA et de la croix orthodoxe.<\/p>\n<p>Le symbole orthodoxe ICXC NIKA est un christogramme qui repr\u00e9sente une abr\u00e9viation de la phrase grecque <em>\u0399\u03b7\u03c3\u03bf\u03c5\u0311\u03c2 \u03a7\u03c1\u03b9\u03c3\u03c4\u03cc\u03c2 \u03bd\u03b9\u03ba\u03b9\u0311<\/em>, signifiant <em>J\u00e9sus Christ victorieux<\/em>. Il s'agit d'un symbole sacr\u00e9 dans l'\u00c9glise orthodoxe, souvent utilis\u00e9 pour repr\u00e9senter la victoire de J\u00e9sus sur la mort.<\/p>","protected":false},"excerpt":{"rendered":"<p><strong>J\u00c9SUS CHRIST VICTORIEUX<\/strong><\/p>\n<p>ICXC NIKA, un christogramme qui repr\u00e9sente une abr\u00e9viation de la phrase grecque <em>\u0399\u03b7\u03c3\u03bf\u03c5\u0311\u03c2 \u03a7\u03c1\u03b9\u03c3\u03c4\u03cc\u03c2 \u03bd\u03b9\u03ba\u03b9\u0311<\/em>, signifiant <em>J\u00e9sus Christ victorieux<\/em>.<\/p>","protected":false},"featured_media":2960,"template":"","meta":[],"product_brand":[],"product_cat":[36],"product_tag":[],"class_list":{"0":"post-2961","1":"product","2":"type-product","3":"status-publish","4":"has-post-thumbnail","6":"product_cat-apparel","8":"first","9":"instock","10":"sale","11":"shipping-taxable","12":"purchasable","13":"product-type-variable"},"yoast_head":"<!-- This site is optimized with the Yoast SEO plugin v27.4 - https:\/\/yoast.com\/product\/yoast-seo-wordpress\/ -->\n<title>IC XC NIKA Cross | Orthodox T-Shirt &#8212; Xkton<\/title>\n<meta name=\"robots\" content=\"index, follow, max-snippet:-1, max-image-preview:large, max-video-preview:-1\" \/>\n<link rel=\"canonical\" href=\"https:\/\/xkton.com\/fr\/product\/icxc-nika-orthodox-t-shirt\/\" \/>\n<meta property=\"og:locale\" content=\"fr_CA\" \/>\n<meta property=\"og:type\" content=\"article\" \/>\n<meta property=\"og:title\" content=\"IC XC NIKA Cross | Orthodox T-Shirt &#8212; Xkton\" \/>\n<meta property=\"og:description\" content=\"JESUS CHRIST CONQUERS  ICXC NIKA, a Christogram that represents an abbreviation of the Greek phrase \u0399\u03b7\u03c3\u03bf\u03c5\u0311\u03c2 \u03a7\u03c1\u03b9\u03c3\u03c4\u03cc\u03c2 \u03bd\u03b9\u03ba\u03b9\u0311, meaning Jesus Christ conquers.\" \/>\n<meta property=\"og:url\" content=\"https:\/\/xkton.com\/fr\/product\/icxc-nika-orthodox-t-shirt\/\" \/>\n<meta property=\"og:site_name\" content=\"Xkton\" \/>\n<meta property=\"article:publisher\" content=\"https:\/\/www.facebook.com\/xktonstore\" \/>\n<meta property=\"article:modified_time\" content=\"2026-01-08T14:58:21+00:00\" \/>\n<meta property=\"og:image\" content=\"https:\/\/xkton.com\/wp-content\/uploads\/2025\/05\/mockup_icxccross_black.png\" \/>\n\t<meta property=\"og:image:width\" content=\"1200\" \/>\n\t<meta property=\"og:image:height\" content=\"1500\" \/>\n\t<meta property=\"og:image:type\" content=\"image\/png\" \/>\n<meta name=\"twitter:card\" content=\"summary_large_image\" \/>\n<meta name=\"twitter:label1\" content=\"Availability\" \/>\n\t<meta name=\"twitter:data1\" content=\"In stock\" \/>\n<script type=\"application\/ld+json\" class=\"yoast-schema-graph\">{\"@context\":\"https:\\\/\\\/schema.org\",\"@graph\":[{\"@type\":[\"WebPage\",\"ItemPage\"],\"@id\":\"https:\\\/\\\/xkton.com\\\/product\\\/icxc-nika-orthodox-t-shirt\\\/\",\"url\":\"https:\\\/\\\/xkton.com\\\/product\\\/icxc-nika-orthodox-t-shirt\\\/\",\"name\":\"IC XC NIKA Cross | Orthodox T-Shirt &#8212; Xkton\",\"isPartOf\":{\"@id\":\"https:\\\/\\\/xkton.com\\\/#website\"},\"primaryImageOfPage\":{\"@id\":\"https:\\\/\\\/xkton.com\\\/product\\\/icxc-nika-orthodox-t-shirt\\\/#primaryimage\"},\"image\":{\"@id\":\"https:\\\/\\\/xkton.com\\\/product\\\/icxc-nika-orthodox-t-shirt\\\/#primaryimage\"},\"thumbnailUrl\":\"https:\\\/\\\/xkton.com\\\/wp-content\\\/uploads\\\/2025\\\/05\\\/mockup_icxccross_black.png\",\"datePublished\":\"2025-05-17T15:10:07+00:00\",\"dateModified\":\"2026-01-08T14:58:21+00:00\",\"breadcrumb\":{\"@id\":\"https:\\\/\\\/xkton.com\\\/product\\\/icxc-nika-orthodox-t-shirt\\\/#breadcrumb\"},\"inLanguage\":\"fr-CA\",\"potentialAction\":[{\"@type\":\"ReadAction\",\"target\":[\"https:\\\/\\\/xkton.com\\\/product\\\/icxc-nika-orthodox-t-shirt\\\/\"]}]},{\"@type\":\"ImageObject\",\"inLanguage\":\"fr-CA\",\"@id\":\"https:\\\/\\\/xkton.com\\\/product\\\/icxc-nika-orthodox-t-shirt\\\/#primaryimage\",\"url\":\"https:\\\/\\\/xkton.com\\\/wp-content\\\/uploads\\\/2025\\\/05\\\/mockup_icxccross_black.png\",\"contentUrl\":\"https:\\\/\\\/xkton.com\\\/wp-content\\\/uploads\\\/2025\\\/05\\\/mockup_icxccross_black.png\",\"width\":1200,\"height\":1500,\"caption\":\"Black T-Shirt of the Orthodox Cross reading IC XC NIKA.\"},{\"@type\":\"BreadcrumbList\",\"@id\":\"https:\\\/\\\/xkton.com\\\/product\\\/icxc-nika-orthodox-t-shirt\\\/#breadcrumb\",\"itemListElement\":[{\"@type\":\"ListItem\",\"position\":1,\"name\":\"Home\",\"item\":\"https:\\\/\\\/xkton.com\\\/\"},{\"@type\":\"ListItem\",\"position\":2,\"name\":\"Orthodox Apparel &#8211; Christian Clothing Store\",\"item\":\"https:\\\/\\\/xkton.com\\\/\"},{\"@type\":\"ListItem\",\"position\":3,\"name\":\"IC\u00b7XC NI\u00b7KA Cross | Orthodox T-Shirt\"}]},{\"@type\":\"WebSite\",\"@id\":\"https:\\\/\\\/xkton.com\\\/#website\",\"url\":\"https:\\\/\\\/xkton.com\\\/\",\"name\":\"Xkton\",\"description\":\"Apparel for Christians living the Eschaton\",\"publisher\":{\"@id\":\"https:\\\/\\\/xkton.com\\\/#organization\"},\"potentialAction\":[{\"@type\":\"SearchAction\",\"target\":{\"@type\":\"EntryPoint\",\"urlTemplate\":\"https:\\\/\\\/xkton.com\\\/?s={search_term_string}\"},\"query-input\":{\"@type\":\"PropertyValueSpecification\",\"valueRequired\":true,\"valueName\":\"search_term_string\"}}],\"inLanguage\":\"fr-CA\"},{\"@type\":\"Organization\",\"@id\":\"https:\\\/\\\/xkton.com\\\/#organization\",\"name\":\"Xkton - Orthodox Christian Apparel\",\"alternateName\":\"Xkton\",\"url\":\"https:\\\/\\\/xkton.com\\\/\",\"logo\":{\"@type\":\"ImageObject\",\"inLanguage\":\"fr-CA\",\"@id\":\"https:\\\/\\\/xkton.com\\\/#\\\/schema\\\/logo\\\/image\\\/\",\"url\":\"https:\\\/\\\/xkton.com\\\/wp-content\\\/uploads\\\/2023\\\/11\\\/xkton_small.png\",\"contentUrl\":\"https:\\\/\\\/xkton.com\\\/wp-content\\\/uploads\\\/2023\\\/11\\\/xkton_small.png\",\"width\":145,\"height\":200,\"caption\":\"Xkton - Orthodox Christian Apparel\"},\"image\":{\"@id\":\"https:\\\/\\\/xkton.com\\\/#\\\/schema\\\/logo\\\/image\\\/\"},\"sameAs\":[\"https:\\\/\\\/www.facebook.com\\\/xktonstore\",\"https:\\\/\\\/www.instagram.com\\\/xkton_\"],\"hasMerchantReturnPolicy\":{\"@type\":\"MerchantReturnPolicy\",\"merchantReturnLink\":\"https:\\\/\\\/xkton.com\\\/fr\\\/terms-and-conditions\\\/\"}}]}<\/script>\n<meta property=\"og:availability\" content=\"instock\" \/>\n<meta property=\"product:availability\" content=\"instock\" \/>\n<meta property=\"product:condition\" content=\"new\" \/>\n<!-- \/ Yoast SEO plugin. -->","yoast_head_json":{"title":"IC XC NIKA Cross | Orthodox T-Shirt &#8212; Xkton","robots":{"index":"index","follow":"follow","max-snippet":"max-snippet:-1","max-image-preview":"max-image-preview:large","max-video-preview":"max-video-preview:-1"},"canonical":"https:\/\/xkton.com\/fr\/product\/icxc-nika-orthodox-t-shirt\/","og_locale":"fr_CA","og_type":"article","og_title":"IC XC NIKA Cross | Orthodox T-Shirt &#8212; Xkton","og_description":"JESUS CHRIST CONQUERS  ICXC NIKA, a Christogram that represents an abbreviation of the Greek phrase \u0399\u03b7\u03c3\u03bf\u03c5\u0311\u03c2 \u03a7\u03c1\u03b9\u03c3\u03c4\u03cc\u03c2 \u03bd\u03b9\u03ba\u03b9\u0311, meaning Jesus Christ conquers.","og_url":"https:\/\/xkton.com\/fr\/product\/icxc-nika-orthodox-t-shirt\/","og_site_name":"Xkton","article_publisher":"https:\/\/www.facebook.com\/xktonstore","article_modified_time":"2026-01-08T14:58:21+00:00","og_image":[{"width":1200,"height":1500,"url":"https:\/\/xkton.com\/wp-content\/uploads\/2025\/05\/mockup_icxccross_black.png","type":"image\/png"}],"twitter_card":"summary_large_image","twitter_misc":{"Availability":"In stock"},"schema":{"@context":"https:\/\/schema.org","@graph":[{"@type":["WebPage","ItemPage"],"@id":"https:\/\/xkton.com\/product\/icxc-nika-orthodox-t-shirt\/","url":"https:\/\/xkton.com\/product\/icxc-nika-orthodox-t-shirt\/","name":"IC XC NIKA Cross | Orthodox T-Shirt &#8212; Xkton","isPartOf":{"@id":"https:\/\/xkton.com\/#website"},"primaryImageOfPage":{"@id":"https:\/\/xkton.com\/product\/icxc-nika-orthodox-t-shirt\/#primaryimage"},"image":{"@id":"https:\/\/xkton.com\/product\/icxc-nika-orthodox-t-shirt\/#primaryimage"},"thumbnailUrl":"https:\/\/xkton.com\/wp-content\/uploads\/2025\/05\/mockup_icxccross_black.png","datePublished":"2025-05-17T15:10:07+00:00","dateModified":"2026-01-08T14:58:21+00:00","breadcrumb":{"@id":"https:\/\/xkton.com\/product\/icxc-nika-orthodox-t-shirt\/#breadcrumb"},"inLanguage":"fr-CA","potentialAction":[{"@type":"ReadAction","target":["https:\/\/xkton.com\/product\/icxc-nika-orthodox-t-shirt\/"]}]},{"@type":"ImageObject","inLanguage":"fr-CA","@id":"https:\/\/xkton.com\/product\/icxc-nika-orthodox-t-shirt\/#primaryimage","url":"https:\/\/xkton.com\/wp-content\/uploads\/2025\/05\/mockup_icxccross_black.png","contentUrl":"https:\/\/xkton.com\/wp-content\/uploads\/2025\/05\/mockup_icxccross_black.png","width":1200,"height":1500,"caption":"Black T-Shirt of the Orthodox Cross reading IC XC NIKA."},{"@type":"BreadcrumbList","@id":"https:\/\/xkton.com\/product\/icxc-nika-orthodox-t-shirt\/#breadcrumb","itemListElement":[{"@type":"ListItem","position":1,"name":"Home","item":"https:\/\/xkton.com\/"},{"@type":"ListItem","position":2,"name":"Orthodox Apparel &#8211; Christian Clothing Store","item":"https:\/\/xkton.com\/"},{"@type":"ListItem","position":3,"name":"IC\u00b7XC NI\u00b7KA Cross | Orthodox T-Shirt"}]},{"@type":"WebSite","@id":"https:\/\/xkton.com\/#website","url":"https:\/\/xkton.com\/","name":"Xkton","description":"Apparel for Christians living the Eschaton","publisher":{"@id":"https:\/\/xkton.com\/#organization"},"potentialAction":[{"@type":"SearchAction","target":{"@type":"EntryPoint","urlTemplate":"https:\/\/xkton.com\/?s={search_term_string}"},"query-input":{"@type":"PropertyValueSpecification","valueRequired":true,"valueName":"search_term_string"}}],"inLanguage":"fr-CA"},{"@type":"Organization","@id":"https:\/\/xkton.com\/#organization","name":"Xkton - Orthodox Christian Apparel","alternateName":"Xkton","url":"https:\/\/xkton.com\/","logo":{"@type":"ImageObject","inLanguage":"fr-CA","@id":"https:\/\/xkton.com\/#\/schema\/logo\/image\/","url":"https:\/\/xkton.com\/wp-content\/uploads\/2023\/11\/xkton_small.png","contentUrl":"https:\/\/xkton.com\/wp-content\/uploads\/2023\/11\/xkton_small.png","width":145,"height":200,"caption":"Xkton - Orthodox Christian Apparel"},"image":{"@id":"https:\/\/xkton.com\/#\/schema\/logo\/image\/"},"sameAs":["https:\/\/www.facebook.com\/xktonstore","https:\/\/www.instagram.com\/xkton_"],"hasMerchantReturnPolicy":{"@type":"MerchantReturnPolicy","merchantReturnLink":"https:\/\/xkton.com\/fr\/terms-and-conditions\/"}}]},"og_availability":"instock","product_availability":"instock","product_condition":"new"},"_links":{"self":[{"href":"https:\/\/xkton.com\/fr\/wp-json\/wp\/v2\/product\/2961","targetHints":{"allow":["GET"]}}],"collection":[{"href":"https:\/\/xkton.com\/fr\/wp-json\/wp\/v2\/product"}],"about":[{"href":"https:\/\/xkton.com\/fr\/wp-json\/wp\/v2\/types\/product"}],"wp:featuredmedia":[{"embeddable":true,"href":"https:\/\/xkton.com\/fr\/wp-json\/wp\/v2\/media\/2960"}],"wp:attachment":[{"href":"https:\/\/xkton.com\/fr\/wp-json\/wp\/v2\/media?parent=2961"}],"wp:term":[{"taxonomy":"product_brand","embeddable":true,"href":"https:\/\/xkton.com\/fr\/wp-json\/wp\/v2\/product_brand?post=2961"},{"taxonomy":"product_cat","embeddable":true,"href":"https:\/\/xkton.com\/fr\/wp-json\/wp\/v2\/product_cat?post=2961"},{"taxonomy":"product_tag","embeddable":true,"href":"https:\/\/xkton.com\/fr\/wp-json\/wp\/v2\/product_tag?post=2961"}],"curies":[{"name":"wp","href":"https:\/\/api.w.org\/{rel}","templated":true}]}}