{"id":3030,"date":"2025-07-14T13:55:22","date_gmt":"2025-07-14T17:55:22","guid":{"rendered":"https:\/\/xkton.com\/?post_type=product&#038;p=3030"},"modified":"2026-01-26T10:15:52","modified_gmt":"2026-01-26T15:15:52","slug":"prevail-the-kingdom-of-heaven-orthodox-t-shirt","status":"publish","type":"product","link":"https:\/\/xkton.com\/fr\/product\/prevail-the-kingdom-of-heaven-orthodox-t-shirt\/","title":{"rendered":"Pr\u00e9valoir le Royaume des Cieux | T-shirt orthodoxe"},"content":{"rendered":"<h4>Le Royaume des Cieux<\/h4>\n<p>Ce t-shirt pr\u00e9sente un repr\u00e9sentation du Beaudoin IV de J\u00e9rusalem, surnomm\u00e9 Beaudoin le L\u00e9preux, avec une \u00e9glise orthodoxe derri\u00e8re o\u00f9 il est \u00e9crit \u00ab Prevail. The Kingdom of Heaven suffereth violence, and the violent take it by force. Matthew 11:12. \u00bb<\/p>\n<p>De m\u00eame qu'un champ laiss\u00e9 \u00e0 lui-m\u00eame voit pousser des mauvaises herbes et des \u00e9pines, il en va de m\u00eame pour le champ de notre \u00e2me. Le Christ a dit : \u00ab Le royaume des Cieux subit la violence, et des violents cherchent \u00e0 s\u2019en emparer. \u00bb (Mt. 11:12). Les P\u00e8res nous disent que cela signifie que nous atteignons le Royaume des Cieux par une lutte violente ; c'est une lutte violente \u00e0 l'int\u00e9rieur pour la plupart, mais c'est une lutte pour faire ce que nous devons faire pour ouvrir nos c\u0153urs et recevoir ce Royaume.<\/p>","protected":false},"excerpt":{"rendered":"<p><strong>PR\u00c9VALOIR<\/strong><\/p>\n<p>Le royaume des Cieux subit la violence<br \/>\nEt des violents cherchent \u00e0 s\u2019en emparer<br \/>\nMatthieu 11:12<\/p>","protected":false},"featured_media":3039,"template":"","meta":[],"product_brand":[],"product_cat":[36],"product_tag":[],"class_list":{"0":"post-3030","1":"product","2":"type-product","3":"status-publish","4":"has-post-thumbnail","6":"product_cat-apparel","8":"first","9":"instock","10":"shipping-taxable","11":"purchasable","12":"product-type-variable"},"yoast_head":"<!-- This site is optimized with the Yoast SEO plugin v27.3 - https:\/\/yoast.com\/product\/yoast-seo-wordpress\/ -->\n<title>Prevail the Kingdom of Heaven | Orthodox T-Shirt &#8212; Xkton<\/title>\n<meta name=\"robots\" content=\"index, follow, max-snippet:-1, max-image-preview:large, max-video-preview:-1\" \/>\n<link rel=\"canonical\" href=\"https:\/\/xkton.com\/fr\/product\/prevail-the-kingdom-of-heaven-orthodox-t-shirt\/\" \/>\n<meta property=\"og:locale\" content=\"fr_CA\" \/>\n<meta property=\"og:type\" content=\"article\" \/>\n<meta property=\"og:title\" content=\"Prevail the Kingdom of Heaven | Orthodox T-Shirt &#8212; Xkton\" \/>\n<meta property=\"og:description\" content=\"PREVAIL  The Kingdom of Heaven suffereth violence And the violent take it by force Matthew 11:12\" \/>\n<meta property=\"og:url\" content=\"https:\/\/xkton.com\/fr\/product\/prevail-the-kingdom-of-heaven-orthodox-t-shirt\/\" \/>\n<meta property=\"og:site_name\" content=\"Xkton\" \/>\n<meta property=\"article:publisher\" content=\"https:\/\/www.facebook.com\/xktonstore\" \/>\n<meta property=\"article:modified_time\" content=\"2026-01-26T15:15:52+00:00\" \/>\n<meta property=\"og:image\" content=\"https:\/\/xkton.com\/wp-content\/uploads\/2025\/07\/prevail_mockup_1500.png\" \/>\n\t<meta property=\"og:image:width\" content=\"1200\" \/>\n\t<meta property=\"og:image:height\" content=\"1500\" \/>\n\t<meta property=\"og:image:type\" content=\"image\/png\" \/>\n<meta name=\"twitter:card\" content=\"summary_large_image\" \/>\n<meta name=\"twitter:label1\" content=\"Availability\" \/>\n\t<meta name=\"twitter:data1\" content=\"In stock\" \/>\n<script type=\"application\/ld+json\" class=\"yoast-schema-graph\">{\"@context\":\"https:\\\/\\\/schema.org\",\"@graph\":[{\"@type\":[\"WebPage\",\"ItemPage\"],\"@id\":\"https:\\\/\\\/xkton.com\\\/product\\\/prevail-the-kingdom-of-heaven-orthodox-t-shirt\\\/\",\"url\":\"https:\\\/\\\/xkton.com\\\/product\\\/prevail-the-kingdom-of-heaven-orthodox-t-shirt\\\/\",\"name\":\"Prevail the Kingdom of Heaven | Orthodox T-Shirt &#8212; Xkton\",\"isPartOf\":{\"@id\":\"https:\\\/\\\/xkton.com\\\/#website\"},\"primaryImageOfPage\":{\"@id\":\"https:\\\/\\\/xkton.com\\\/product\\\/prevail-the-kingdom-of-heaven-orthodox-t-shirt\\\/#primaryimage\"},\"image\":{\"@id\":\"https:\\\/\\\/xkton.com\\\/product\\\/prevail-the-kingdom-of-heaven-orthodox-t-shirt\\\/#primaryimage\"},\"thumbnailUrl\":\"https:\\\/\\\/xkton.com\\\/wp-content\\\/uploads\\\/2025\\\/07\\\/prevail_mockup_1500.png\",\"datePublished\":\"2025-07-14T17:55:22+00:00\",\"dateModified\":\"2026-01-26T15:15:52+00:00\",\"breadcrumb\":{\"@id\":\"https:\\\/\\\/xkton.com\\\/product\\\/prevail-the-kingdom-of-heaven-orthodox-t-shirt\\\/#breadcrumb\"},\"inLanguage\":\"fr-CA\",\"potentialAction\":[{\"@type\":\"ReadAction\",\"target\":[\"https:\\\/\\\/xkton.com\\\/product\\\/prevail-the-kingdom-of-heaven-orthodox-t-shirt\\\/\"]}]},{\"@type\":\"ImageObject\",\"inLanguage\":\"fr-CA\",\"@id\":\"https:\\\/\\\/xkton.com\\\/product\\\/prevail-the-kingdom-of-heaven-orthodox-t-shirt\\\/#primaryimage\",\"url\":\"https:\\\/\\\/xkton.com\\\/wp-content\\\/uploads\\\/2025\\\/07\\\/prevail_mockup_1500.png\",\"contentUrl\":\"https:\\\/\\\/xkton.com\\\/wp-content\\\/uploads\\\/2025\\\/07\\\/prevail_mockup_1500.png\",\"width\":1200,\"height\":1500,\"caption\":\"T-Shirt of Baldwin IV of Jerusalem reading Prevail.\"},{\"@type\":\"BreadcrumbList\",\"@id\":\"https:\\\/\\\/xkton.com\\\/product\\\/prevail-the-kingdom-of-heaven-orthodox-t-shirt\\\/#breadcrumb\",\"itemListElement\":[{\"@type\":\"ListItem\",\"position\":1,\"name\":\"Home\",\"item\":\"https:\\\/\\\/xkton.com\\\/\"},{\"@type\":\"ListItem\",\"position\":2,\"name\":\"Orthodox Apparel &#8211; Christian Clothing Store\",\"item\":\"https:\\\/\\\/xkton.com\\\/\"},{\"@type\":\"ListItem\",\"position\":3,\"name\":\"Prevail the Kingdom of Heaven | Orthodox T-Shirt\"}]},{\"@type\":\"WebSite\",\"@id\":\"https:\\\/\\\/xkton.com\\\/#website\",\"url\":\"https:\\\/\\\/xkton.com\\\/\",\"name\":\"Xkton\",\"description\":\"Apparel for Christians living the Eschaton\",\"publisher\":{\"@id\":\"https:\\\/\\\/xkton.com\\\/#organization\"},\"potentialAction\":[{\"@type\":\"SearchAction\",\"target\":{\"@type\":\"EntryPoint\",\"urlTemplate\":\"https:\\\/\\\/xkton.com\\\/?s={search_term_string}\"},\"query-input\":{\"@type\":\"PropertyValueSpecification\",\"valueRequired\":true,\"valueName\":\"search_term_string\"}}],\"inLanguage\":\"fr-CA\"},{\"@type\":\"Organization\",\"@id\":\"https:\\\/\\\/xkton.com\\\/#organization\",\"name\":\"Xkton - Orthodox Christian Apparel\",\"alternateName\":\"Xkton\",\"url\":\"https:\\\/\\\/xkton.com\\\/\",\"logo\":{\"@type\":\"ImageObject\",\"inLanguage\":\"fr-CA\",\"@id\":\"https:\\\/\\\/xkton.com\\\/#\\\/schema\\\/logo\\\/image\\\/\",\"url\":\"https:\\\/\\\/xkton.com\\\/wp-content\\\/uploads\\\/2023\\\/11\\\/xkton_small.png\",\"contentUrl\":\"https:\\\/\\\/xkton.com\\\/wp-content\\\/uploads\\\/2023\\\/11\\\/xkton_small.png\",\"width\":145,\"height\":200,\"caption\":\"Xkton - Orthodox Christian Apparel\"},\"image\":{\"@id\":\"https:\\\/\\\/xkton.com\\\/#\\\/schema\\\/logo\\\/image\\\/\"},\"sameAs\":[\"https:\\\/\\\/www.facebook.com\\\/xktonstore\",\"https:\\\/\\\/www.instagram.com\\\/xkton_\"],\"hasMerchantReturnPolicy\":{\"@type\":\"MerchantReturnPolicy\",\"merchantReturnLink\":\"https:\\\/\\\/xkton.com\\\/fr\\\/terms-and-conditions\\\/\"}}]}<\/script>\n<meta property=\"og:availability\" content=\"instock\" \/>\n<meta property=\"product:availability\" content=\"instock\" \/>\n<meta property=\"product:condition\" content=\"new\" \/>\n<!-- \/ Yoast SEO plugin. -->","yoast_head_json":{"title":"Prevail the Kingdom of Heaven | Orthodox T-Shirt &#8212; Xkton","robots":{"index":"index","follow":"follow","max-snippet":"max-snippet:-1","max-image-preview":"max-image-preview:large","max-video-preview":"max-video-preview:-1"},"canonical":"https:\/\/xkton.com\/fr\/product\/prevail-the-kingdom-of-heaven-orthodox-t-shirt\/","og_locale":"fr_CA","og_type":"article","og_title":"Prevail the Kingdom of Heaven | Orthodox T-Shirt &#8212; Xkton","og_description":"PREVAIL  The Kingdom of Heaven suffereth violence And the violent take it by force Matthew 11:12","og_url":"https:\/\/xkton.com\/fr\/product\/prevail-the-kingdom-of-heaven-orthodox-t-shirt\/","og_site_name":"Xkton","article_publisher":"https:\/\/www.facebook.com\/xktonstore","article_modified_time":"2026-01-26T15:15:52+00:00","og_image":[{"width":1200,"height":1500,"url":"https:\/\/xkton.com\/wp-content\/uploads\/2025\/07\/prevail_mockup_1500.png","type":"image\/png"}],"twitter_card":"summary_large_image","twitter_misc":{"Availability":"In stock"},"schema":{"@context":"https:\/\/schema.org","@graph":[{"@type":["WebPage","ItemPage"],"@id":"https:\/\/xkton.com\/product\/prevail-the-kingdom-of-heaven-orthodox-t-shirt\/","url":"https:\/\/xkton.com\/product\/prevail-the-kingdom-of-heaven-orthodox-t-shirt\/","name":"Prevail the Kingdom of Heaven | Orthodox T-Shirt &#8212; Xkton","isPartOf":{"@id":"https:\/\/xkton.com\/#website"},"primaryImageOfPage":{"@id":"https:\/\/xkton.com\/product\/prevail-the-kingdom-of-heaven-orthodox-t-shirt\/#primaryimage"},"image":{"@id":"https:\/\/xkton.com\/product\/prevail-the-kingdom-of-heaven-orthodox-t-shirt\/#primaryimage"},"thumbnailUrl":"https:\/\/xkton.com\/wp-content\/uploads\/2025\/07\/prevail_mockup_1500.png","datePublished":"2025-07-14T17:55:22+00:00","dateModified":"2026-01-26T15:15:52+00:00","breadcrumb":{"@id":"https:\/\/xkton.com\/product\/prevail-the-kingdom-of-heaven-orthodox-t-shirt\/#breadcrumb"},"inLanguage":"fr-CA","potentialAction":[{"@type":"ReadAction","target":["https:\/\/xkton.com\/product\/prevail-the-kingdom-of-heaven-orthodox-t-shirt\/"]}]},{"@type":"ImageObject","inLanguage":"fr-CA","@id":"https:\/\/xkton.com\/product\/prevail-the-kingdom-of-heaven-orthodox-t-shirt\/#primaryimage","url":"https:\/\/xkton.com\/wp-content\/uploads\/2025\/07\/prevail_mockup_1500.png","contentUrl":"https:\/\/xkton.com\/wp-content\/uploads\/2025\/07\/prevail_mockup_1500.png","width":1200,"height":1500,"caption":"T-Shirt of Baldwin IV of Jerusalem reading Prevail."},{"@type":"BreadcrumbList","@id":"https:\/\/xkton.com\/product\/prevail-the-kingdom-of-heaven-orthodox-t-shirt\/#breadcrumb","itemListElement":[{"@type":"ListItem","position":1,"name":"Home","item":"https:\/\/xkton.com\/"},{"@type":"ListItem","position":2,"name":"Orthodox Apparel &#8211; Christian Clothing Store","item":"https:\/\/xkton.com\/"},{"@type":"ListItem","position":3,"name":"Prevail the Kingdom of Heaven | Orthodox T-Shirt"}]},{"@type":"WebSite","@id":"https:\/\/xkton.com\/#website","url":"https:\/\/xkton.com\/","name":"Xkton","description":"Apparel for Christians living the Eschaton","publisher":{"@id":"https:\/\/xkton.com\/#organization"},"potentialAction":[{"@type":"SearchAction","target":{"@type":"EntryPoint","urlTemplate":"https:\/\/xkton.com\/?s={search_term_string}"},"query-input":{"@type":"PropertyValueSpecification","valueRequired":true,"valueName":"search_term_string"}}],"inLanguage":"fr-CA"},{"@type":"Organization","@id":"https:\/\/xkton.com\/#organization","name":"Xkton - Orthodox Christian Apparel","alternateName":"Xkton","url":"https:\/\/xkton.com\/","logo":{"@type":"ImageObject","inLanguage":"fr-CA","@id":"https:\/\/xkton.com\/#\/schema\/logo\/image\/","url":"https:\/\/xkton.com\/wp-content\/uploads\/2023\/11\/xkton_small.png","contentUrl":"https:\/\/xkton.com\/wp-content\/uploads\/2023\/11\/xkton_small.png","width":145,"height":200,"caption":"Xkton - Orthodox Christian Apparel"},"image":{"@id":"https:\/\/xkton.com\/#\/schema\/logo\/image\/"},"sameAs":["https:\/\/www.facebook.com\/xktonstore","https:\/\/www.instagram.com\/xkton_"],"hasMerchantReturnPolicy":{"@type":"MerchantReturnPolicy","merchantReturnLink":"https:\/\/xkton.com\/fr\/terms-and-conditions\/"}}]},"og_availability":"instock","product_availability":"instock","product_condition":"new"},"_links":{"self":[{"href":"https:\/\/xkton.com\/fr\/wp-json\/wp\/v2\/product\/3030","targetHints":{"allow":["GET"]}}],"collection":[{"href":"https:\/\/xkton.com\/fr\/wp-json\/wp\/v2\/product"}],"about":[{"href":"https:\/\/xkton.com\/fr\/wp-json\/wp\/v2\/types\/product"}],"wp:featuredmedia":[{"embeddable":true,"href":"https:\/\/xkton.com\/fr\/wp-json\/wp\/v2\/media\/3039"}],"wp:attachment":[{"href":"https:\/\/xkton.com\/fr\/wp-json\/wp\/v2\/media?parent=3030"}],"wp:term":[{"taxonomy":"product_brand","embeddable":true,"href":"https:\/\/xkton.com\/fr\/wp-json\/wp\/v2\/product_brand?post=3030"},{"taxonomy":"product_cat","embeddable":true,"href":"https:\/\/xkton.com\/fr\/wp-json\/wp\/v2\/product_cat?post=3030"},{"taxonomy":"product_tag","embeddable":true,"href":"https:\/\/xkton.com\/fr\/wp-json\/wp\/v2\/product_tag?post=3030"}],"curies":[{"name":"wp","href":"https:\/\/api.w.org\/{rel}","templated":true}]}}